{"id":10044,"date":"2025-06-13T09:09:57","date_gmt":"2025-06-13T12:09:57","guid":{"rendered":"https:\/\/atimilplast.com.br\/loja\/?page_id=10044"},"modified":"2025-09-02T14:05:26","modified_gmt":"2025-09-02T17:05:26","slug":"sacos-de-lixo","status":"publish","type":"page","link":"https:\/\/atimilplast.com.br\/loja\/sacos-de-lixo\/","title":{"rendered":"Sacos de Lixo"},"content":{"rendered":"\t\t<div data-elementor-type=\"wp-page\" data-elementor-id=\"10044\" class=\"elementor elementor-10044\" data-elementor-post-type=\"page\">\n\t\t\t\t<div class=\"elementor-element elementor-element-014f6e6 e-flex e-con-boxed e-con e-parent\" data-id=\"014f6e6\" data-element_type=\"container\" data-e-type=\"container\">\n\t\t\t\t\t<div class=\"e-con-inner\">\n\t\t\t\t<div class=\"elementor-element elementor-element-38388e8 elementor-widget elementor-widget-woocommerce-breadcrumb\" data-id=\"38388e8\" data-element_type=\"widget\" data-e-type=\"widget\" data-widget_type=\"woocommerce-breadcrumb.default\">\n\t\t\t\t<div class=\"elementor-widget-container\">\n\t\t\t\t\t<section id=\"tbay-breadcrumb\"  class=\"tbay-breadcrumb  breadcrumbs-color\"><div class=\"container \"><div class=\"breadscrumb-inner\"><ol class=\"tbay-woocommerce-breadcrumb breadcrumb\"><li>In\u00edcio<\/li><\/ol><\/div><\/div><\/section>\t\t\t\t<\/div>\n\t\t\t\t<\/div>\n\t\t\t\t<div class=\"elementor-element elementor-element-105ffda elementor-widget elementor-widget-heading\" data-id=\"105ffda\" data-element_type=\"widget\" data-e-type=\"widget\" data-widget_type=\"heading.default\">\n\t\t\t\t<div class=\"elementor-widget-container\">\n\t\t\t\t\t<h2 class=\"elementor-heading-title elementor-size-default\">Sacos de lixo<\/h2>\t\t\t\t<\/div>\n\t\t\t\t<\/div>\n\t\t\t\t\t<\/div>\n\t\t\t\t<\/div>\n\t\t<div class=\"elementor-element elementor-element-f9fc8e2 e-flex e-con-boxed e-con e-parent\" data-id=\"f9fc8e2\" data-element_type=\"container\" data-e-type=\"container\">\n\t\t\t\t\t<div class=\"e-con-inner\">\n\t\t<div class=\"elementor-element elementor-element-632394a e-con-full e-flex e-con e-child\" data-id=\"632394a\" data-element_type=\"container\" data-e-type=\"container\">\n\t\t\t\t<div class=\"elementor-element elementor-element-ad86806 elementor-hidden-tablet elementor-hidden-mobile elementor-widget elementor-widget-tbay-menu-vertical\" data-id=\"ad86806\" data-element_type=\"widget\" data-e-type=\"widget\" data-widget_type=\"tbay-menu-vertical.default\">\n\t\t\t\t<div class=\"elementor-widget-container\">\n\t\t\t\t\t<div class=\"tbay-element tbay-element-menu-vertical\">\r\n\t\t<div class=\"menu-vertical-container\"><ul id=\"categories-icon-Z37fx\" class=\"menu-vertical nav\"><li id=\"menu-item-9022\" class=\"menu-item menu-item-type-post_type menu-item-object-page menu-item-9022\"><a href=\"https:\/\/atimilplast.com.br\/loja\/produtos\/\">Todos os Produtos<\/a><\/li>\n<li id=\"menu-item-8913\" class=\"menu-item menu-item-type-taxonomy menu-item-object-product_cat menu-item-8913\"><a href=\"https:\/\/atimilplast.com.br\/loja\/produtos\/bituqueira\/\">Bituqueira<\/a><\/li>\n<li id=\"menu-item-8964\" class=\"menu-item menu-item-type-taxonomy menu-item-object-product_cat menu-item-has-children menu-item-8964\"><a href=\"https:\/\/atimilplast.com.br\/loja\/produtos\/caixas-plasticas\/\" title=\"caixas-plasticas\">Caixas Pl\u00e1sticas<\/a>\n<ul class=\"sub-menu\">\n\t<li id=\"menu-item-10334\" class=\"menu-item menu-item-type-post_type menu-item-object-page menu-item-10334\"><a href=\"https:\/\/atimilplast.com.br\/loja\/produtos\/caixas-plasticas\/caixa-container-327l\/\">Caixa Container 327L<\/a><\/li>\n\t<li id=\"menu-item-8296\" class=\"menu-item menu-item-type-taxonomy menu-item-object-product_cat menu-item-8296\"><a href=\"https:\/\/atimilplast.com.br\/loja\/produtos\/caixas-plasticas\/caixas-organizadoras\/\">Caixa Organizadora<\/a><\/li>\n\t<li id=\"menu-item-8928\" class=\"menu-item menu-item-type-taxonomy menu-item-object-product_cat menu-item-8928\"><a href=\"https:\/\/atimilplast.com.br\/loja\/produtos\/caixa-pallet-bin\/\">Caixa Pallet Bin<\/a><\/li>\n\t<li id=\"menu-item-8461\" class=\"menu-item menu-item-type-taxonomy menu-item-object-product_cat menu-item-8461\"><a href=\"https:\/\/atimilplast.com.br\/loja\/produtos\/caixas-klt\/\">Caixas KLT<\/a><\/li>\n\t<li id=\"menu-item-9018\" class=\"menu-item menu-item-type-taxonomy menu-item-object-product_cat menu-item-9018\"><a href=\"https:\/\/atimilplast.com.br\/loja\/produtos\/caixas-para-pescados\/\">Caixas para Pescados<\/a><\/li>\n<\/ul>\n<\/li>\n<li id=\"menu-item-7032\" class=\"menu-item menu-item-type-taxonomy menu-item-object-product_cat menu-item-7032\"><a href=\"https:\/\/atimilplast.com.br\/loja\/produtos\/carros-cuba\/\">Carros Cuba<\/a><\/li>\n<li id=\"menu-item-7740\" class=\"menu-item menu-item-type-taxonomy menu-item-object-product_cat menu-item-has-children menu-item-7740\"><a href=\"https:\/\/atimilplast.com.br\/loja\/produtos\/carros-funcionais\/\">Carros Funcionais<\/a>\n<ul class=\"sub-menu\">\n\t<li id=\"menu-item-7743\" class=\"menu-item menu-item-type-taxonomy menu-item-object-product_cat menu-item-7743\"><a href=\"https:\/\/atimilplast.com.br\/loja\/produtos\/carros-bandeja\/\">Carros Bandeja<\/a><\/li>\n\t<li id=\"menu-item-7742\" class=\"menu-item menu-item-type-taxonomy menu-item-object-product_cat menu-item-7742\"><a href=\"https:\/\/atimilplast.com.br\/loja\/produtos\/carros-hospitalares\/\">Carros Hospitalares<\/a><\/li>\n\t<li id=\"menu-item-7741\" class=\"menu-item menu-item-type-taxonomy menu-item-object-product_cat menu-item-7741\"><a href=\"https:\/\/atimilplast.com.br\/loja\/produtos\/carros-hoteleiros\/\">Carros Hoteleiros<\/a><\/li>\n\t<li id=\"menu-item-7744\" class=\"menu-item menu-item-type-taxonomy menu-item-object-product_cat menu-item-7744\"><a href=\"https:\/\/atimilplast.com.br\/loja\/produtos\/carros-organizadores\/\">Carros Organizadores<\/a><\/li>\n<\/ul>\n<\/li>\n<li id=\"menu-item-7030\" class=\"menu-item menu-item-type-taxonomy menu-item-object-product_cat menu-item-7030\"><a href=\"https:\/\/atimilplast.com.br\/loja\/produtos\/cesto-de-lixo\/\">Cestos de Lixo<\/a><\/li>\n<li id=\"menu-item-8911\" class=\"menu-item menu-item-type-taxonomy menu-item-object-product_cat menu-item-8911\"><a href=\"https:\/\/atimilplast.com.br\/loja\/produtos\/carrinhos-coletores-de-lixos\/\">Carrinhos Coletores de Lixo<\/a><\/li>\n<li id=\"menu-item-8915\" class=\"menu-item menu-item-type-taxonomy menu-item-object-product_cat menu-item-8915\"><a href=\"https:\/\/atimilplast.com.br\/loja\/produtos\/cone-barril\/\">Cone Barril<\/a><\/li>\n<li id=\"menu-item-7029\" class=\"menu-item menu-item-type-taxonomy menu-item-object-product_cat menu-item-7029\"><a href=\"https:\/\/atimilplast.com.br\/loja\/produtos\/containers-de-lixo\/\">Containers de Lixo<\/a><\/li>\n<li id=\"menu-item-8424\" class=\"menu-item menu-item-type-taxonomy menu-item-object-product_cat menu-item-8424\"><a href=\"https:\/\/atimilplast.com.br\/loja\/produtos\/estrados-de-plasticos\/\">Estrados de Pl\u00e1sticos<\/a><\/li>\n<li id=\"menu-item-9746\" class=\"menu-item menu-item-type-custom menu-item-object-custom menu-item-has-children menu-item-9746\"><a href=\"https:\/\/atimilplast.com.br\/loja\/categoria\/lixeiras\/\">Lixeiras<\/a>\n<ul class=\"sub-menu\">\n\t<li id=\"menu-item-8353\" class=\"menu-item menu-item-type-taxonomy menu-item-object-product_cat menu-item-8353\"><a href=\"https:\/\/atimilplast.com.br\/loja\/produtos\/lixeiras\/lixeira-inox-com-pedal\/\">Lixeira Inox Com Pedal<\/a><\/li>\n\t<li id=\"menu-item-8456\" class=\"menu-item menu-item-type-taxonomy menu-item-object-product_cat menu-item-8456\"><a href=\"https:\/\/atimilplast.com.br\/loja\/produtos\/lixeiras\/lixeiras-basculantes\/\">Lixeiras Basculantes<\/a><\/li>\n\t<li id=\"menu-item-10247\" class=\"menu-item menu-item-type-post_type menu-item-object-page menu-item-10247\"><a href=\"https:\/\/atimilplast.com.br\/loja\/produtos\/lixeiras\/lixeiras-para-coleta-seletiva-50l\/\">Lixeiras para Coleta Seletiva 50L<\/a><\/li>\n\t<li id=\"menu-item-8956\" class=\"menu-item menu-item-type-taxonomy menu-item-object-product_cat menu-item-8956\"><a href=\"https:\/\/atimilplast.com.br\/loja\/produtos\/lixeiras\/lixeiras-com-pedal\/\">Lixeiras com Pedal<\/a><\/li>\n\t<li id=\"menu-item-8930\" class=\"menu-item menu-item-type-taxonomy menu-item-object-product_cat menu-item-8930\"><a href=\"https:\/\/atimilplast.com.br\/loja\/produtos\/lixeiras\/lixeiras-para-coleta-seletiva-100l\/\">Lixeiras para Coleta Seletiva 100L<\/a><\/li>\n\t<li id=\"menu-item-8938\" class=\"menu-item menu-item-type-taxonomy menu-item-object-product_cat menu-item-8938\"><a href=\"https:\/\/atimilplast.com.br\/loja\/produtos\/lixeiras\/lixeiras-papeleiras-50l\/\">Lixeiras Papeleiras 50L<\/a><\/li>\n\t<li id=\"menu-item-8954\" class=\"menu-item menu-item-type-taxonomy menu-item-object-product_cat menu-item-8954\"><a href=\"https:\/\/atimilplast.com.br\/loja\/produtos\/lixeiras\/lixeiras-para-coleta-seletiva-60l\/\">Lixeiras para Coleta Seletiva 60L<\/a><\/li>\n<\/ul>\n<\/li>\n<li id=\"menu-item-8929\" class=\"menu-item menu-item-type-taxonomy menu-item-object-product_cat menu-item-8929\"><a href=\"https:\/\/atimilplast.com.br\/loja\/produtos\/moveis-plasticos\/\">M\u00f3veis Pl\u00e1sticos<\/a><\/li>\n<li id=\"menu-item-10291\" class=\"menu-item menu-item-type-custom menu-item-object-custom menu-item-10291\"><a href=\"https:\/\/atimilplast.com.br\/loja\/produtos\/pallets-de-contencao\/\">Pallets de Conten\u00e7\u00e3o<\/a><\/li>\n<li id=\"menu-item-8957\" class=\"menu-item menu-item-type-taxonomy menu-item-object-product_cat menu-item-8957\"><a href=\"https:\/\/atimilplast.com.br\/loja\/produtos\/pallets-de-plastico\/\">Pallets de Pl\u00e1stico<\/a><\/li>\n<li id=\"menu-item-8423\" class=\"menu-item menu-item-type-taxonomy menu-item-object-product_cat menu-item-8423\"><a href=\"https:\/\/atimilplast.com.br\/loja\/produtos\/pisos-de-plastico\/\">Pisos de Pl\u00e1stico<\/a><\/li>\n<li id=\"menu-item-7036\" class=\"menu-item menu-item-type-taxonomy menu-item-object-product_cat menu-item-7036\"><a href=\"https:\/\/atimilplast.com.br\/loja\/produtos\/sacos-de-lixo\/\">Sacos de Lixo<\/a><\/li>\n<li id=\"menu-item-8923\" class=\"menu-item menu-item-type-taxonomy menu-item-object-product_cat menu-item-8923\"><a href=\"https:\/\/atimilplast.com.br\/loja\/produtos\/vasos-de-polietileno\/\">Vasos de Polietileno<\/a><\/li>\n<\/ul><\/div>\r\n<\/div>\t\t\t\t<\/div>\n\t\t\t\t<\/div>\n\t\t\t\t<\/div>\n\t\t<div class=\"elementor-element elementor-element-6404eb5 e-con-full e-flex e-con e-child\" data-id=\"6404eb5\" data-element_type=\"container\" data-e-type=\"container\">\n\t\t\t\t<div class=\"elementor-element elementor-element-fbc7cb6 elementor-hidden-desktop elementor-widget elementor-widget-heading\" data-id=\"fbc7cb6\" data-element_type=\"widget\" data-e-type=\"widget\" data-widget_type=\"heading.default\">\n\t\t\t\t<div class=\"elementor-widget-container\">\n\t\t\t\t\t<h2 class=\"elementor-heading-title elementor-size-default\">Sacos de lixo<\/h2>\t\t\t\t<\/div>\n\t\t\t\t<\/div>\n\t\t\t\t<div class=\"elementor-element elementor-element-4dace50 elementor-product-v1 elementor-widget elementor-widget-tbay-product-category\" data-id=\"4dace50\" data-element_type=\"widget\" data-e-type=\"widget\" data-widget_type=\"tbay-product-category.default\">\n\t\t\t\t<div class=\"elementor-widget-container\">\n\t\t\t\t\t\r\n<div class=\"tbay-element tbay-element-product-category\">\r\n    \t<div class=\"product-category row grid products\" data-xlgdesktop=\"4\" data-desktop=\"4\" data-desktopsmall=\"2\" data-tablet=\"3\" data-landscape=\"2\" data-mobile=\"2\">\r\n\r\n    \r\n        <div class=\"item\">\r\n\t\t\t<div class=\"products-grid product type-product post-6934 status-publish first instock product_cat-sacos-de-lixo has-post-thumbnail product-type-simple\">\r\n\t\t\t<div class=\"product-block grid product v1\" data-product-id=\"6934\">\r\n\t\t<div class=\"product-content\">\r\n\t\t\r\n\t\t<div class=\"block-inner\">\r\n\t\t\t<figure class=\"image \">\r\n\t\t\t\t<a title=\"Saco de Lixo 20L Rolinho C\/100 Preto\" href=\"https:\/\/atimilplast.com.br\/loja\/produtos\/sacos-de-lixo\/saco-de-lixo-20l-rolinho-c-100-preto\/\" class=\"product-image\">\r\n\t\t\t\t\t<img fetchpriority=\"high\" decoding=\"async\" width=\"406\" height=\"406\" src=\"https:\/\/atimilplast.com.br\/loja\/wp-content\/uploads\/2024\/01\/SACO-DE-LIXO-100L-ROLINHO-C100-PRETO-406x406.jpg\" class=\"attachment-woocommerce_thumbnail size-woocommerce_thumbnail\" alt=\"Saco de Lixo 20L Rolinho C\/100 Preto\" \/>\t\t\t\t<\/a>\r\n\t\t\t\t\r\n\t\t\t\t\t\t\t\r\n\t\t\t\t\t\t<\/figure>\r\n\t\t\t<div class=\"group-buttons\">\t\r\n\t\t\t\t\t\t    <\/div>\r\n            <div class=\"group-add-to-cart\">\r\n\t\t\t\t<div class=\"add-cart\" title=\"Leia mais\"><a href=\"https:\/\/atimilplast.com.br\/loja\/produtos\/sacos-de-lixo\/saco-de-lixo-20l-rolinho-c-100-preto\/\" aria-describedby=\"woocommerce_loop_add_to_cart_link_describedby_6934\" data-quantity=\"1\" class=\"button product_type_simple\" data-product_id=\"6934\" data-product_sku=\"\" aria-label=\"Leia mais sobre &ldquo;Saco de Lixo 20L Rolinho C\/100 Preto&rdquo;\" rel=\"nofollow\" data-success_message=\"\"><span class=\"title-cart\">Leia mais<\/span><\/a>            <span id=\"woocommerce_loop_add_to_cart_link_describedby_6934\" class=\"screen-reader-text\">\r\n                    <\/span>\r\n    <\/div>\t\t\t<\/div>\r\n\t\t<\/div>\r\n\t\t\t\t\r\n\t\t\t\t\r\n\t\t<div class=\"caption\">\r\n\t\t\t            <div class=\"group-content\">\r\n                                            <\/div>\r\n\r\n\t\t\t        <h3 class=\"name \"><a href=\"https:\/\/atimilplast.com.br\/loja\/produtos\/sacos-de-lixo\/saco-de-lixo-20l-rolinho-c-100-preto\/\">Saco de Lixo 20L Rolinho C\/100 Preto<\/a><\/h3>\r\n        \t\t\t\t\t\t\r\n\t\t\t\n\t\t\t\r\n\t\t\t\r\n\r\n\t\t\t\t\r\n\t\t\t\r\n\t\t\t\t\t<\/div>\r\n\r\n\t\t\r\n\t\t\r\n            <\/div>\r\n    \r\n\t<\/div>\r\n\t\t\t<\/div>\r\n        <\/div>\r\n\r\n    \r\n        <div class=\"item\">\r\n\t\t\t<div class=\"products-grid product type-product post-6932 status-publish instock product_cat-sacos-de-lixo has-post-thumbnail product-type-simple\">\r\n\t\t\t<div class=\"product-block grid product v1\" data-product-id=\"6932\">\r\n\t\t<div class=\"product-content\">\r\n\t\t\r\n\t\t<div class=\"block-inner\">\r\n\t\t\t<figure class=\"image \">\r\n\t\t\t\t<a title=\"Saco de Lixo 60L Rolinho C\/100 Preto\" href=\"https:\/\/atimilplast.com.br\/loja\/produtos\/sacos-de-lixo\/saco-de-lixo-60l-rolinho-c-100-preto\/\" class=\"product-image\">\r\n\t\t\t\t\t<img decoding=\"async\" width=\"406\" height=\"406\" src=\"https:\/\/atimilplast.com.br\/loja\/wp-content\/uploads\/2024\/01\/SACO-DE-LIXO-100L-ROLINHO-C100-PRETO-406x406.jpg\" class=\"attachment-woocommerce_thumbnail size-woocommerce_thumbnail\" alt=\"Saco de Lixo 60L Rolinho C\/100 Preto\" \/>\t\t\t\t<\/a>\r\n\t\t\t\t\r\n\t\t\t\t\t\t\t\r\n\t\t\t\t\t\t<\/figure>\r\n\t\t\t<div class=\"group-buttons\">\t\r\n\t\t\t\t\t\t    <\/div>\r\n            <div class=\"group-add-to-cart\">\r\n\t\t\t\t<div class=\"add-cart\" title=\"Leia mais\"><a href=\"https:\/\/atimilplast.com.br\/loja\/produtos\/sacos-de-lixo\/saco-de-lixo-60l-rolinho-c-100-preto\/\" aria-describedby=\"woocommerce_loop_add_to_cart_link_describedby_6932\" data-quantity=\"1\" class=\"button product_type_simple\" data-product_id=\"6932\" data-product_sku=\"\" aria-label=\"Leia mais sobre &ldquo;Saco de Lixo 60L Rolinho C\/100 Preto&rdquo;\" rel=\"nofollow\" data-success_message=\"\"><span class=\"title-cart\">Leia mais<\/span><\/a>            <span id=\"woocommerce_loop_add_to_cart_link_describedby_6932\" class=\"screen-reader-text\">\r\n                    <\/span>\r\n    <\/div>\t\t\t<\/div>\r\n\t\t<\/div>\r\n\t\t\t\t\r\n\t\t\t\t\r\n\t\t<div class=\"caption\">\r\n\t\t\t            <div class=\"group-content\">\r\n                                            <\/div>\r\n\r\n\t\t\t        <h3 class=\"name \"><a href=\"https:\/\/atimilplast.com.br\/loja\/produtos\/sacos-de-lixo\/saco-de-lixo-60l-rolinho-c-100-preto\/\">Saco de Lixo 60L Rolinho C\/100 Preto<\/a><\/h3>\r\n        \t\t\t\t\t\t\r\n\t\t\t\n\t\t\t\r\n\t\t\t\r\n\r\n\t\t\t\t\r\n\t\t\t\r\n\t\t\t\t\t<\/div>\r\n\r\n\t\t\r\n\t\t\r\n            <\/div>\r\n    \r\n\t<\/div>\r\n\t\t\t<\/div>\r\n        <\/div>\r\n\r\n    \r\n        <div class=\"item\">\r\n\t\t\t<div class=\"products-grid product type-product post-6930 status-publish instock product_cat-sacos-de-lixo has-post-thumbnail product-type-simple\">\r\n\t\t\t<div class=\"product-block grid product v1\" data-product-id=\"6930\">\r\n\t\t<div class=\"product-content\">\r\n\t\t\r\n\t\t<div class=\"block-inner\">\r\n\t\t\t<figure class=\"image \">\r\n\t\t\t\t<a title=\"Saco de Lixo 40L Rolinho C\/100 Preto\" href=\"https:\/\/atimilplast.com.br\/loja\/produtos\/sacos-de-lixo\/saco-de-lixo-40l-rolinho-c-100-preto\/\" class=\"product-image\">\r\n\t\t\t\t\t<img decoding=\"async\" width=\"406\" height=\"406\" src=\"https:\/\/atimilplast.com.br\/loja\/wp-content\/uploads\/2024\/01\/SACO-DE-LIXO-100L-ROLINHO-C100-PRETO-406x406.jpg\" class=\"attachment-woocommerce_thumbnail size-woocommerce_thumbnail\" alt=\"Saco de Lixo 40L Rolinho C\/100 Preto\" \/>\t\t\t\t<\/a>\r\n\t\t\t\t\r\n\t\t\t\t\t\t\t\r\n\t\t\t\t\t\t<\/figure>\r\n\t\t\t<div class=\"group-buttons\">\t\r\n\t\t\t\t\t\t    <\/div>\r\n            <div class=\"group-add-to-cart\">\r\n\t\t\t\t<div class=\"add-cart\" title=\"Leia mais\"><a href=\"https:\/\/atimilplast.com.br\/loja\/produtos\/sacos-de-lixo\/saco-de-lixo-40l-rolinho-c-100-preto\/\" aria-describedby=\"woocommerce_loop_add_to_cart_link_describedby_6930\" data-quantity=\"1\" class=\"button product_type_simple\" data-product_id=\"6930\" data-product_sku=\"\" aria-label=\"Leia mais sobre &ldquo;Saco de Lixo 40L Rolinho C\/100 Preto&rdquo;\" rel=\"nofollow\" data-success_message=\"\"><span class=\"title-cart\">Leia mais<\/span><\/a>            <span id=\"woocommerce_loop_add_to_cart_link_describedby_6930\" class=\"screen-reader-text\">\r\n                    <\/span>\r\n    <\/div>\t\t\t<\/div>\r\n\t\t<\/div>\r\n\t\t\t\t\r\n\t\t\t\t\r\n\t\t<div class=\"caption\">\r\n\t\t\t            <div class=\"group-content\">\r\n                                            <\/div>\r\n\r\n\t\t\t        <h3 class=\"name \"><a href=\"https:\/\/atimilplast.com.br\/loja\/produtos\/sacos-de-lixo\/saco-de-lixo-40l-rolinho-c-100-preto\/\">Saco de Lixo 40L Rolinho C\/100 Preto<\/a><\/h3>\r\n        \t\t\t\t\t\t\r\n\t\t\t\n\t\t\t\r\n\t\t\t\r\n\r\n\t\t\t\t\r\n\t\t\t\r\n\t\t\t\t\t<\/div>\r\n\r\n\t\t\r\n\t\t\r\n            <\/div>\r\n    \r\n\t<\/div>\r\n\t\t\t<\/div>\r\n        <\/div>\r\n\r\n    \r\n        <div class=\"item\">\r\n\t\t\t<div class=\"products-grid product type-product post-6927 status-publish last instock product_cat-sacos-de-lixo has-post-thumbnail product-type-simple\">\r\n\t\t\t<div class=\"product-block grid product v1\" data-product-id=\"6927\">\r\n\t\t<div class=\"product-content\">\r\n\t\t\r\n\t\t<div class=\"block-inner\">\r\n\t\t\t<figure class=\"image \">\r\n\t\t\t\t<a title=\"Saco de Lixo 100L Rolinho C\/100 Preto\" href=\"https:\/\/atimilplast.com.br\/loja\/produtos\/sacos-de-lixo\/saco-de-lixo-100l-rolinho-c-100-preto\/\" class=\"product-image\">\r\n\t\t\t\t\t<img loading=\"lazy\" decoding=\"async\" width=\"406\" height=\"406\" src=\"https:\/\/atimilplast.com.br\/loja\/wp-content\/uploads\/2024\/01\/SACO-DE-LIXO-100L-ROLINHO-C100-PRETO-406x406.jpg\" class=\"attachment-woocommerce_thumbnail size-woocommerce_thumbnail\" alt=\"Saco de Lixo 100L Rolinho C\/100 Preto\" \/>\t\t\t\t<\/a>\r\n\t\t\t\t\r\n\t\t\t\t\t\t\t\r\n\t\t\t\t\t\t<\/figure>\r\n\t\t\t<div class=\"group-buttons\">\t\r\n\t\t\t\t\t\t    <\/div>\r\n            <div class=\"group-add-to-cart\">\r\n\t\t\t\t<div class=\"add-cart\" title=\"Leia mais\"><a href=\"https:\/\/atimilplast.com.br\/loja\/produtos\/sacos-de-lixo\/saco-de-lixo-100l-rolinho-c-100-preto\/\" aria-describedby=\"woocommerce_loop_add_to_cart_link_describedby_6927\" data-quantity=\"1\" class=\"button product_type_simple\" data-product_id=\"6927\" data-product_sku=\"\" aria-label=\"Leia mais sobre &ldquo;Saco de Lixo 100L Rolinho C\/100 Preto&rdquo;\" rel=\"nofollow\" data-success_message=\"\"><span class=\"title-cart\">Leia mais<\/span><\/a>            <span id=\"woocommerce_loop_add_to_cart_link_describedby_6927\" class=\"screen-reader-text\">\r\n                    <\/span>\r\n    <\/div>\t\t\t<\/div>\r\n\t\t<\/div>\r\n\t\t\t\t\r\n\t\t\t\t\r\n\t\t<div class=\"caption\">\r\n\t\t\t            <div class=\"group-content\">\r\n                                            <\/div>\r\n\r\n\t\t\t        <h3 class=\"name \"><a href=\"https:\/\/atimilplast.com.br\/loja\/produtos\/sacos-de-lixo\/saco-de-lixo-100l-rolinho-c-100-preto\/\">Saco de Lixo 100L Rolinho C\/100 Preto<\/a><\/h3>\r\n        \t\t\t\t\t\t\r\n\t\t\t\n\t\t\t\r\n\t\t\t\r\n\r\n\t\t\t\t\r\n\t\t\t\r\n\t\t\t\t\t<\/div>\r\n\r\n\t\t\r\n\t\t\r\n            <\/div>\r\n    \r\n\t<\/div>\r\n\t\t\t<\/div>\r\n        <\/div>\r\n\r\n     \r\n\r\n    <\/div>\t            <a href=\"https:\/\/atimilplast.com.br\/loja\/produtos\/sacos-de-lixo\/\" class=\"show-all\">Ver todos os produtos                <i aria-hidden=\"true\" class=\"tb-icon tb-icon-arrow-right\"><\/i>                \r\n            <\/a>\r\n            <\/div>\t\t\t\t<\/div>\n\t\t\t\t<\/div>\n\t\t\t\t<div class=\"elementor-element elementor-element-e08f8dc elementor-widget elementor-widget-text-editor\" data-id=\"e08f8dc\" data-element_type=\"widget\" data-e-type=\"widget\" data-widget_type=\"text-editor.default\">\n\t\t\t\t<div class=\"elementor-widget-container\">\n\t\t\t\t\t\t\t\t\t<section class=\"faq-sacos-lixo\"><h2>O que s\u00e3o sacos de lixo?<\/h2><p>S\u00e3o embalagens pl\u00e1sticas usadas para armazenar e descartar res\u00edduos de forma pr\u00e1tica e higi\u00eanica.<\/p><h2>Quais os tipos de sacos de lixo?<\/h2><p>Existem sacos pretos, transparentes, recicl\u00e1veis, coloridos para coleta seletiva, refor\u00e7ados e hospitalares.<\/p><h2>De que material s\u00e3o feitos os sacos de lixo?<\/h2><p>Normalmente de polietileno de baixa ou alta densidade, com varia\u00e7\u00f5es de espessura conforme a resist\u00eancia.<\/p><h2>Qual a capacidade dos sacos de lixo?<\/h2><p>V\u00e3o de 15L a mais de 200L, atendendo desde uso dom\u00e9stico at\u00e9 aplica\u00e7\u00f5es industriais.<\/p><h2>O que significa saco de lixo refor\u00e7ado?<\/h2><p>\u00c9 um saco com maior espessura, projetado para suportar res\u00edduos pesados sem rasgar ou vazar.<\/p><h2>Os sacos de lixo s\u00e3o recicl\u00e1veis?<\/h2><p>Sim. Muitos s\u00e3o produzidos em material reciclado e tamb\u00e9m podem ser reciclados ap\u00f3s o uso.<\/p><h2>O que significam as cores dos sacos de lixo?<\/h2><p>S\u00e3o usadas na coleta seletiva: azul (papel), vermelho (pl\u00e1stico), verde (vidro), amarelo (metal), marrom (org\u00e2nicos), preto (rejeitos).<\/p><h2>Qual a diferen\u00e7a entre saco de lixo comum e hospitalar?<\/h2><p>O hospitalar \u00e9 branco leitoso, mais resistente e segue normas da Anvisa para res\u00edduos infectantes.<\/p><h2>Os sacos de lixo podem ser usados em<\/h2><\/section>\t\t\t\t\t\t\t\t<\/div>\n\t\t\t\t<\/div>\n\t\t\t\t<\/div>\n\t\t\t\t\t<\/div>\n\t\t\t\t<\/div>\n\t\t\t\t<\/div>\n\t\t","protected":false},"excerpt":{"rendered":"<p>Sacos de lixo Todos os Produtos Bituqueira Caixas Pl\u00e1sticas Caixa Container 327L Caixa Organizadora Caixa Pallet Bin Caixas KLT Caixas para Pescados Carros Cuba Carros Funcionais Carros Bandeja Carros Hospitalares Carros Hoteleiros Carros Organizadores Cestos de Lixo Carrinhos Coletores de Lixo Cone Barril Containers de Lixo Estrados de Pl\u00e1sticos Lixeiras Lixeira Inox Com Pedal Lixeiras &hellip; <a href=\"https:\/\/atimilplast.com.br\/loja\/produtos\/sacos-de-lixo\/saco-de-lixo-100l-rolinho-c-100-preto\/\" class=\"more-link\">Continue reading <span class=\"screen-reader-text\">Saco de Lixo 100L Rolinho C\/100 Preto<\/span><\/a><\/p>\n","protected":false},"author":5,"featured_media":0,"parent":0,"menu_order":0,"comment_status":"closed","ping_status":"closed","template":"elementor_header_footer","meta":{"_acf_changed":false,"footnotes":""},"class_list":["post-10044","page","type-page","status-publish","hentry"],"acf":[],"_links":{"self":[{"href":"https:\/\/atimilplast.com.br\/loja\/wp-json\/wp\/v2\/pages\/10044","targetHints":{"allow":["GET"]}}],"collection":[{"href":"https:\/\/atimilplast.com.br\/loja\/wp-json\/wp\/v2\/pages"}],"about":[{"href":"https:\/\/atimilplast.com.br\/loja\/wp-json\/wp\/v2\/types\/page"}],"author":[{"embeddable":true,"href":"https:\/\/atimilplast.com.br\/loja\/wp-json\/wp\/v2\/users\/5"}],"replies":[{"embeddable":true,"href":"https:\/\/atimilplast.com.br\/loja\/wp-json\/wp\/v2\/comments?post=10044"}],"version-history":[{"count":13,"href":"https:\/\/atimilplast.com.br\/loja\/wp-json\/wp\/v2\/pages\/10044\/revisions"}],"predecessor-version":[{"id":11227,"href":"https:\/\/atimilplast.com.br\/loja\/wp-json\/wp\/v2\/pages\/10044\/revisions\/11227"}],"wp:attachment":[{"href":"https:\/\/atimilplast.com.br\/loja\/wp-json\/wp\/v2\/media?parent=10044"}],"curies":[{"name":"wp","href":"https:\/\/api.w.org\/{rel}","templated":true}]}}