{"id":10052,"date":"2025-06-13T09:11:25","date_gmt":"2025-06-13T12:11:25","guid":{"rendered":"https:\/\/atimilplast.com.br\/loja\/?page_id=10052"},"modified":"2025-09-02T13:37:26","modified_gmt":"2025-09-02T16:37:26","slug":"cone-barril","status":"publish","type":"page","link":"https:\/\/atimilplast.com.br\/loja\/produtos\/cone-barril\/","title":{"rendered":"Cone Barril"},"content":{"rendered":"\t\t<div data-elementor-type=\"wp-page\" data-elementor-id=\"10052\" class=\"elementor elementor-10052\" data-elementor-post-type=\"page\">\n\t\t\t\t<div class=\"elementor-element elementor-element-760f44d e-flex e-con-boxed e-con e-parent\" data-id=\"760f44d\" data-element_type=\"container\" data-e-type=\"container\">\n\t\t\t\t\t<div class=\"e-con-inner\">\n\t\t\t\t<div class=\"elementor-element elementor-element-b89daef elementor-widget elementor-widget-woocommerce-breadcrumb\" data-id=\"b89daef\" data-element_type=\"widget\" data-e-type=\"widget\" data-widget_type=\"woocommerce-breadcrumb.default\">\n\t\t\t\t<div class=\"elementor-widget-container\">\n\t\t\t\t\t<section id=\"tbay-breadcrumb\"  class=\"tbay-breadcrumb  breadcrumbs-color\"><div class=\"container \"><div class=\"breadscrumb-inner\"><ol class=\"tbay-woocommerce-breadcrumb breadcrumb\"><li>In\u00edcio<\/li><\/ol><\/div><\/div><\/section>\t\t\t\t<\/div>\n\t\t\t\t<\/div>\n\t\t\t\t<div class=\"elementor-element elementor-element-e28f15e elementor-widget elementor-widget-heading\" data-id=\"e28f15e\" data-element_type=\"widget\" data-e-type=\"widget\" data-widget_type=\"heading.default\">\n\t\t\t\t<div class=\"elementor-widget-container\">\n\t\t\t\t\t<h2 class=\"elementor-heading-title elementor-size-default\">Cone Barril<\/h2>\t\t\t\t<\/div>\n\t\t\t\t<\/div>\n\t\t\t\t\t<\/div>\n\t\t\t\t<\/div>\n\t\t<div class=\"elementor-element elementor-element-e1debb9 e-flex e-con-boxed e-con e-parent\" data-id=\"e1debb9\" data-element_type=\"container\" data-e-type=\"container\">\n\t\t\t\t\t<div class=\"e-con-inner\">\n\t\t<div class=\"elementor-element elementor-element-fe7a94c e-con-full e-flex e-con e-child\" data-id=\"fe7a94c\" data-element_type=\"container\" data-e-type=\"container\">\n\t\t\t\t<div class=\"elementor-element elementor-element-b2bfcb5 elementor-hidden-tablet elementor-hidden-mobile elementor-widget elementor-widget-tbay-menu-vertical\" data-id=\"b2bfcb5\" data-element_type=\"widget\" data-e-type=\"widget\" data-widget_type=\"tbay-menu-vertical.default\">\n\t\t\t\t<div class=\"elementor-widget-container\">\n\t\t\t\t\t<div class=\"tbay-element tbay-element-menu-vertical\">\r\n\t\t<div class=\"menu-vertical-container\"><ul id=\"categories-icon-gebyk\" class=\"menu-vertical nav\"><li id=\"menu-item-9022\" class=\"menu-item menu-item-type-post_type menu-item-object-page menu-item-9022\"><a href=\"https:\/\/atimilplast.com.br\/loja\/produtos\/\">Todos os Produtos<\/a><\/li>\n<li id=\"menu-item-8913\" class=\"menu-item menu-item-type-taxonomy menu-item-object-product_cat menu-item-8913\"><a href=\"https:\/\/atimilplast.com.br\/loja\/produtos\/bituqueira\/\">Bituqueira<\/a><\/li>\n<li id=\"menu-item-8964\" class=\"menu-item menu-item-type-taxonomy menu-item-object-product_cat menu-item-has-children menu-item-8964\"><a href=\"https:\/\/atimilplast.com.br\/loja\/produtos\/caixas-plasticas\/\" title=\"caixas-plasticas\">Caixas Pl\u00e1sticas<\/a>\n<ul class=\"sub-menu\">\n\t<li id=\"menu-item-10334\" class=\"menu-item menu-item-type-post_type menu-item-object-page menu-item-10334\"><a href=\"https:\/\/atimilplast.com.br\/loja\/produtos\/caixas-plasticas\/caixa-container-327l\/\">Caixa Container 327L<\/a><\/li>\n\t<li id=\"menu-item-8296\" class=\"menu-item menu-item-type-taxonomy menu-item-object-product_cat menu-item-8296\"><a href=\"https:\/\/atimilplast.com.br\/loja\/produtos\/caixas-plasticas\/caixas-organizadoras\/\">Caixa Organizadora<\/a><\/li>\n\t<li id=\"menu-item-8928\" class=\"menu-item menu-item-type-taxonomy menu-item-object-product_cat menu-item-8928\"><a href=\"https:\/\/atimilplast.com.br\/loja\/produtos\/caixa-pallet-bin\/\">Caixa Pallet Bin<\/a><\/li>\n\t<li id=\"menu-item-8461\" class=\"menu-item menu-item-type-taxonomy menu-item-object-product_cat menu-item-8461\"><a href=\"https:\/\/atimilplast.com.br\/loja\/produtos\/caixas-klt\/\">Caixas KLT<\/a><\/li>\n\t<li id=\"menu-item-9018\" class=\"menu-item menu-item-type-taxonomy menu-item-object-product_cat menu-item-9018\"><a href=\"https:\/\/atimilplast.com.br\/loja\/produtos\/caixas-para-pescados\/\">Caixas para Pescados<\/a><\/li>\n<\/ul>\n<\/li>\n<li id=\"menu-item-7032\" class=\"menu-item menu-item-type-taxonomy menu-item-object-product_cat menu-item-7032\"><a href=\"https:\/\/atimilplast.com.br\/loja\/produtos\/carros-cuba\/\">Carros Cuba<\/a><\/li>\n<li id=\"menu-item-7740\" class=\"menu-item menu-item-type-taxonomy menu-item-object-product_cat menu-item-has-children menu-item-7740\"><a href=\"https:\/\/atimilplast.com.br\/loja\/produtos\/carros-funcionais\/\">Carros Funcionais<\/a>\n<ul class=\"sub-menu\">\n\t<li id=\"menu-item-7743\" class=\"menu-item menu-item-type-taxonomy menu-item-object-product_cat menu-item-7743\"><a href=\"https:\/\/atimilplast.com.br\/loja\/produtos\/carros-bandeja\/\">Carros Bandeja<\/a><\/li>\n\t<li id=\"menu-item-7742\" class=\"menu-item menu-item-type-taxonomy menu-item-object-product_cat menu-item-7742\"><a href=\"https:\/\/atimilplast.com.br\/loja\/produtos\/carros-hospitalares\/\">Carros Hospitalares<\/a><\/li>\n\t<li id=\"menu-item-7741\" class=\"menu-item menu-item-type-taxonomy menu-item-object-product_cat menu-item-7741\"><a href=\"https:\/\/atimilplast.com.br\/loja\/produtos\/carros-hoteleiros\/\">Carros Hoteleiros<\/a><\/li>\n\t<li id=\"menu-item-7744\" class=\"menu-item menu-item-type-taxonomy menu-item-object-product_cat menu-item-7744\"><a href=\"https:\/\/atimilplast.com.br\/loja\/produtos\/carros-organizadores\/\">Carros Organizadores<\/a><\/li>\n<\/ul>\n<\/li>\n<li id=\"menu-item-7030\" class=\"menu-item menu-item-type-taxonomy menu-item-object-product_cat menu-item-7030\"><a href=\"https:\/\/atimilplast.com.br\/loja\/produtos\/cesto-de-lixo\/\">Cestos de Lixo<\/a><\/li>\n<li id=\"menu-item-8911\" class=\"menu-item menu-item-type-taxonomy menu-item-object-product_cat menu-item-8911\"><a href=\"https:\/\/atimilplast.com.br\/loja\/produtos\/carrinhos-coletores-de-lixos\/\">Carrinhos Coletores de Lixo<\/a><\/li>\n<li id=\"menu-item-8915\" class=\"menu-item menu-item-type-taxonomy menu-item-object-product_cat menu-item-8915\"><a href=\"https:\/\/atimilplast.com.br\/loja\/produtos\/cone-barril\/\">Cone Barril<\/a><\/li>\n<li id=\"menu-item-7029\" class=\"menu-item menu-item-type-taxonomy menu-item-object-product_cat menu-item-7029\"><a href=\"https:\/\/atimilplast.com.br\/loja\/produtos\/containers-de-lixo\/\">Containers de Lixo<\/a><\/li>\n<li id=\"menu-item-8424\" class=\"menu-item menu-item-type-taxonomy menu-item-object-product_cat menu-item-8424\"><a href=\"https:\/\/atimilplast.com.br\/loja\/produtos\/estrados-de-plasticos\/\">Estrados de Pl\u00e1sticos<\/a><\/li>\n<li id=\"menu-item-9746\" class=\"menu-item menu-item-type-custom menu-item-object-custom menu-item-has-children menu-item-9746\"><a href=\"https:\/\/atimilplast.com.br\/loja\/categoria\/lixeiras\/\">Lixeiras<\/a>\n<ul class=\"sub-menu\">\n\t<li id=\"menu-item-8353\" class=\"menu-item menu-item-type-taxonomy menu-item-object-product_cat menu-item-8353\"><a href=\"https:\/\/atimilplast.com.br\/loja\/produtos\/lixeiras\/lixeira-inox-com-pedal\/\">Lixeira Inox Com Pedal<\/a><\/li>\n\t<li id=\"menu-item-8456\" class=\"menu-item menu-item-type-taxonomy menu-item-object-product_cat menu-item-8456\"><a href=\"https:\/\/atimilplast.com.br\/loja\/produtos\/lixeiras\/lixeiras-basculantes\/\">Lixeiras Basculantes<\/a><\/li>\n\t<li id=\"menu-item-10247\" class=\"menu-item menu-item-type-post_type menu-item-object-page menu-item-10247\"><a href=\"https:\/\/atimilplast.com.br\/loja\/produtos\/lixeiras\/lixeiras-para-coleta-seletiva-50l\/\">Lixeiras para Coleta Seletiva 50L<\/a><\/li>\n\t<li id=\"menu-item-8956\" class=\"menu-item menu-item-type-taxonomy menu-item-object-product_cat menu-item-8956\"><a href=\"https:\/\/atimilplast.com.br\/loja\/produtos\/lixeiras\/lixeiras-com-pedal\/\">Lixeiras com Pedal<\/a><\/li>\n\t<li id=\"menu-item-8930\" class=\"menu-item menu-item-type-taxonomy menu-item-object-product_cat menu-item-8930\"><a href=\"https:\/\/atimilplast.com.br\/loja\/produtos\/lixeiras\/lixeiras-para-coleta-seletiva-100l\/\">Lixeiras para Coleta Seletiva 100L<\/a><\/li>\n\t<li id=\"menu-item-8938\" class=\"menu-item menu-item-type-taxonomy menu-item-object-product_cat menu-item-8938\"><a href=\"https:\/\/atimilplast.com.br\/loja\/produtos\/lixeiras\/lixeiras-papeleiras-50l\/\">Lixeiras Papeleiras 50L<\/a><\/li>\n\t<li id=\"menu-item-8954\" class=\"menu-item menu-item-type-taxonomy menu-item-object-product_cat menu-item-8954\"><a href=\"https:\/\/atimilplast.com.br\/loja\/produtos\/lixeiras\/lixeiras-para-coleta-seletiva-60l\/\">Lixeiras para Coleta Seletiva 60L<\/a><\/li>\n<\/ul>\n<\/li>\n<li id=\"menu-item-8929\" class=\"menu-item menu-item-type-taxonomy menu-item-object-product_cat menu-item-8929\"><a href=\"https:\/\/atimilplast.com.br\/loja\/produtos\/moveis-plasticos\/\">M\u00f3veis Pl\u00e1sticos<\/a><\/li>\n<li id=\"menu-item-10291\" class=\"menu-item menu-item-type-custom menu-item-object-custom menu-item-10291\"><a href=\"https:\/\/atimilplast.com.br\/loja\/produtos\/pallets-de-contencao\/\">Pallets de Conten\u00e7\u00e3o<\/a><\/li>\n<li id=\"menu-item-8957\" class=\"menu-item menu-item-type-taxonomy menu-item-object-product_cat menu-item-8957\"><a href=\"https:\/\/atimilplast.com.br\/loja\/produtos\/pallets-de-plastico\/\">Pallets de Pl\u00e1stico<\/a><\/li>\n<li id=\"menu-item-8423\" class=\"menu-item menu-item-type-taxonomy menu-item-object-product_cat menu-item-8423\"><a href=\"https:\/\/atimilplast.com.br\/loja\/produtos\/pisos-de-plastico\/\">Pisos de Pl\u00e1stico<\/a><\/li>\n<li id=\"menu-item-7036\" class=\"menu-item menu-item-type-taxonomy menu-item-object-product_cat menu-item-7036\"><a href=\"https:\/\/atimilplast.com.br\/loja\/produtos\/sacos-de-lixo\/\">Sacos de Lixo<\/a><\/li>\n<li id=\"menu-item-8923\" class=\"menu-item menu-item-type-taxonomy menu-item-object-product_cat menu-item-8923\"><a href=\"https:\/\/atimilplast.com.br\/loja\/produtos\/vasos-de-polietileno\/\">Vasos de Polietileno<\/a><\/li>\n<\/ul><\/div>\r\n<\/div>\t\t\t\t<\/div>\n\t\t\t\t<\/div>\n\t\t\t\t<\/div>\n\t\t<div class=\"elementor-element elementor-element-45ee661 e-con-full e-flex e-con e-child\" data-id=\"45ee661\" data-element_type=\"container\" data-e-type=\"container\">\n\t\t\t\t<div class=\"elementor-element elementor-element-bc63a2f elementor-hidden-desktop elementor-widget elementor-widget-heading\" data-id=\"bc63a2f\" data-element_type=\"widget\" data-e-type=\"widget\" data-widget_type=\"heading.default\">\n\t\t\t\t<div class=\"elementor-widget-container\">\n\t\t\t\t\t<h2 class=\"elementor-heading-title elementor-size-default\">Cone Barril<\/h2>\t\t\t\t<\/div>\n\t\t\t\t<\/div>\n\t\t\t\t<div class=\"elementor-element elementor-element-c071d26 elementor-product-v1 elementor-widget elementor-widget-tbay-product-category\" data-id=\"c071d26\" data-element_type=\"widget\" data-e-type=\"widget\" data-widget_type=\"tbay-product-category.default\">\n\t\t\t\t<div class=\"elementor-widget-container\">\n\t\t\t\t\t\r\n<div class=\"tbay-element tbay-element-product-category\">\r\n    \t<div class=\"product-category row grid products\" data-xlgdesktop=\"4\" data-desktop=\"4\" data-desktopsmall=\"2\" data-tablet=\"3\" data-landscape=\"2\" data-mobile=\"2\">\r\n\r\n    \r\n        <div class=\"item\">\r\n\t\t\t<div class=\"products-grid product type-product post-8870 status-publish first instock product_cat-cone-barril has-post-thumbnail shipping-taxable product-type-simple\">\r\n\t\t\t<div class=\"product-block grid product v1\" data-product-id=\"8870\">\r\n\t\t<div class=\"product-content\">\r\n\t\t\r\n\t\t<div class=\"block-inner\">\r\n\t\t\t<figure class=\"image \">\r\n\t\t\t\t<a title=\"Cone Barril Base Quadrada\" href=\"https:\/\/atimilplast.com.br\/loja\/produtos\/cone-barril\/cone-barril-base-quadrada\/\" class=\"product-image\">\r\n\t\t\t\t\t<img fetchpriority=\"high\" decoding=\"async\" width=\"406\" height=\"406\" src=\"https:\/\/atimilplast.com.br\/loja\/wp-content\/uploads\/2024\/11\/Cone-01-406x406.jpeg\" class=\"attachment-woocommerce_thumbnail size-woocommerce_thumbnail\" alt=\"Cone Barril Base Quadrada\" \/>\t\t\t\t<\/a>\r\n\t\t\t\t\r\n\t\t\t\t\t\t\t\r\n\t\t\t\t\t\t<\/figure>\r\n\t\t\t<div class=\"group-buttons\">\t\r\n\t\t\t\t\t\t    <\/div>\r\n            <div class=\"group-add-to-cart\">\r\n\t\t\t\t<div class=\"add-cart\" title=\"Leia mais\"><a href=\"https:\/\/atimilplast.com.br\/loja\/produtos\/cone-barril\/cone-barril-base-quadrada\/\" aria-describedby=\"woocommerce_loop_add_to_cart_link_describedby_8870\" data-quantity=\"1\" class=\"button product_type_simple\" data-product_id=\"8870\" data-product_sku=\"\" aria-label=\"Leia mais sobre &ldquo;Cone Barril Base Quadrada&rdquo;\" rel=\"nofollow\" data-success_message=\"\"><span class=\"title-cart\">Leia mais<\/span><\/a>            <span id=\"woocommerce_loop_add_to_cart_link_describedby_8870\" class=\"screen-reader-text\">\r\n                    <\/span>\r\n    <\/div>\t\t\t<\/div>\r\n\t\t<\/div>\r\n\t\t\t\t\r\n\t\t\t\t\r\n\t\t<div class=\"caption\">\r\n\t\t\t            <div class=\"group-content\">\r\n                                            <\/div>\r\n\r\n\t\t\t        <h3 class=\"name \"><a href=\"https:\/\/atimilplast.com.br\/loja\/produtos\/cone-barril\/cone-barril-base-quadrada\/\">Cone Barril Base Quadrada<\/a><\/h3>\r\n        \t\t\t\t\t\t\r\n\t\t\t\n\t\t\t\r\n\t\t\t\r\n\r\n\t\t\t\t\r\n\t\t\t\r\n\t\t\t\t\t<\/div>\r\n\r\n\t\t\r\n\t\t\r\n            <\/div>\r\n    \r\n\t<\/div>\r\n\t\t\t<\/div>\r\n        <\/div>\r\n\r\n     \r\n\r\n    <\/div>\t            <a href=\"https:\/\/atimilplast.com.br\/loja\/produtos\/cone-barril\/\" class=\"show-all\">Ver todos os produtos                <i aria-hidden=\"true\" class=\"tb-icon tb-icon-arrow-right\"><\/i>                \r\n            <\/a>\r\n            <\/div>\t\t\t\t<\/div>\n\t\t\t\t<\/div>\n\t\t\t\t<div class=\"elementor-element elementor-element-ee71528 elementor-widget elementor-widget-text-editor\" data-id=\"ee71528\" data-element_type=\"widget\" data-e-type=\"widget\" data-widget_type=\"text-editor.default\">\n\t\t\t\t<div class=\"elementor-widget-container\">\n\t\t\t\t\t\t\t\t\t<section class=\"faq-cone-barril\"><h2>O que \u00e9 um cone barril?<\/h2><p>\u00c9 um equipamento de sinaliza\u00e7\u00e3o e prote\u00e7\u00e3o em formato cil\u00edndrico, usado para organizar o tr\u00e1fego e isolar \u00e1reas de risco.<\/p><h2>Para que serve o cone barril?<\/h2><p>Serve para sinalizar obras, estacionamentos, eventos, \u00e1reas restritas e orientar motoristas e pedestres.<\/p><h2>De que material \u00e9 feito o cone barril?<\/h2><p>Geralmente \u00e9 fabricado em polietileno de alta resist\u00eancia, com faixas refletivas para maior visibilidade.<\/p><h2>O cone barril \u00e9 resistente?<\/h2><p>Sim. Ele \u00e9 projetado para resistir a impactos, intemp\u00e9ries e exposi\u00e7\u00e3o prolongada ao sol e \u00e0 chuva.<\/p><h2>O cone barril tem faixa refletiva?<\/h2><p>Sim. A maioria dos modelos possui faixas refletivas para aumentar a seguran\u00e7a \u00e0 noite ou em baixa luminosidade.<\/p><h2>Qual \u00e9 o tamanho padr\u00e3o do cone barril?<\/h2><p>Os tamanhos variam, mas os modelos mais comuns t\u00eam entre 80 cm e 1 metro de altura.<\/p><h2>Onde usar o cone barril?<\/h2><p>\u00c9 usado em vias p\u00fablicas, estacionamentos, shoppings, ind\u00fastrias, eventos e \u00e1reas de manuten\u00e7\u00e3o.<\/p><h2>O cone barril \u00e9 leve?<\/h2><p>Sim. \u00c9 leve para facilitar o transporte, mas pode ser enchido com \u00e1gua ou areia para ganhar peso e estabilidade.<\/p><h2>O cone barril pode ser enchido?<\/h2><p>Sim. Muitos modelos permitem enchimento com areia ou \u00e1gua para maior fixa\u00e7\u00e3o no solo.<\/p><h2>O cone barril \u00e9 reutiliz\u00e1vel?<\/h2><p>Sim. Ele pode ser usado diversas vezes, inclusive em diferentes locais e situa\u00e7\u00f5es.<\/p><h2>\u00c9 f\u00e1cil de armazenar?<\/h2><p>Sim. Apesar de robusto, pode ser empilhado e guardado de forma pr\u00e1tica.<\/p><h2>O cone barril substitui cavaletes?<\/h2><p>Em muitos casos, sim. Ele cumpre a mesma fun\u00e7\u00e3o de isolamento com maior visibilidade e durabilidade.<\/p><h2>\u00c9 aprovado por normas de tr\u00e2nsito?<\/h2><p>Sim. Os modelos seguem regulamenta\u00e7\u00f5es do Contran e normas de seguran\u00e7a vi\u00e1ria.<\/p><h2>Posso personalizar o cone barril?<\/h2><p>Sim. Alguns fabricantes oferecem personaliza\u00e7\u00e3o com logotipos, faixas coloridas e adesivos.<\/p><h2>Qual \u00e9 a durabilidade do cone barril?<\/h2><p>Depende do uso, mas pode durar anos mesmo em ambientes externos expostos ao sol e \u00e0 chuva.<\/p><h2>O cone barril resiste a impactos de ve\u00edculos?<\/h2><p>Sim. Ele \u00e9 projetado para resistir a pequenas colis\u00f5es sem perder a forma ou fun\u00e7\u00e3o.<\/p><h2>O cone barril \u00e9 recicl\u00e1vel?<\/h2><p>Sim. Por ser fabricado em polietileno, pode ser reciclado ao final da vida \u00fatil.<\/p><h2>O cone barril pode ser usado em rodovias?<\/h2><p>Sim. \u00c9 ideal para obras e sinaliza\u00e7\u00f5es tempor\u00e1rias em rodovias e estradas.<\/p><h2>Posso usar cone barril em ambientes internos?<\/h2><p>Sim. Ele pode ser usado em estacionamentos cobertos, galp\u00f5es e \u00e1reas industriais.<\/p><h2>O cone barril \u00e9 vis\u00edvel \u00e0 noite?<\/h2><p>Sim. As faixas refletivas garantem visibilidade mesmo no escuro quando iluminadas por far\u00f3is.<\/p><p>\u00a0<\/p><\/section><p><strong>Acesse:<\/strong> <a href=\"https:\/\/atimilplast.com.br\/loja\" target=\"_blank\" rel=\"noopener\">www.atimilplast.com.br\u00a0<\/a><\/p>\t\t\t\t\t\t\t\t<\/div>\n\t\t\t\t<\/div>\n\t\t\t\t<\/div>\n\t\t\t\t\t<\/div>\n\t\t\t\t<\/div>\n\t\t\t\t<\/div>\n\t\t","protected":false},"excerpt":{"rendered":"<p>Cone Barril Todos os Produtos Bituqueira Caixas Pl\u00e1sticas Caixa Container 327L Caixa Organizadora Caixa Pallet Bin Caixas KLT Caixas para Pescados Carros Cuba Carros Funcionais Carros Bandeja Carros Hospitalares Carros Hoteleiros Carros Organizadores Cestos de Lixo Carrinhos Coletores de Lixo Cone Barril Containers de Lixo Estrados de Pl\u00e1sticos Lixeiras Lixeira Inox Com Pedal Lixeiras Basculantes &hellip; <a href=\"https:\/\/atimilplast.com.br\/loja\/produtos\/cone-barril\/cone-barril-base-quadrada\/\" class=\"more-link\">Continue reading <span class=\"screen-reader-text\">Cone Barril Base Quadrada<\/span><\/a><\/p>\n","protected":false},"author":5,"featured_media":0,"parent":9,"menu_order":0,"comment_status":"closed","ping_status":"closed","template":"elementor_header_footer","meta":{"_acf_changed":false,"footnotes":""},"class_list":["post-10052","page","type-page","status-publish","hentry"],"acf":[],"_links":{"self":[{"href":"https:\/\/atimilplast.com.br\/loja\/wp-json\/wp\/v2\/pages\/10052","targetHints":{"allow":["GET"]}}],"collection":[{"href":"https:\/\/atimilplast.com.br\/loja\/wp-json\/wp\/v2\/pages"}],"about":[{"href":"https:\/\/atimilplast.com.br\/loja\/wp-json\/wp\/v2\/types\/page"}],"author":[{"embeddable":true,"href":"https:\/\/atimilplast.com.br\/loja\/wp-json\/wp\/v2\/users\/5"}],"replies":[{"embeddable":true,"href":"https:\/\/atimilplast.com.br\/loja\/wp-json\/wp\/v2\/comments?post=10052"}],"version-history":[{"count":16,"href":"https:\/\/atimilplast.com.br\/loja\/wp-json\/wp\/v2\/pages\/10052\/revisions"}],"predecessor-version":[{"id":11155,"href":"https:\/\/atimilplast.com.br\/loja\/wp-json\/wp\/v2\/pages\/10052\/revisions\/11155"}],"up":[{"embeddable":true,"href":"https:\/\/atimilplast.com.br\/loja\/wp-json\/wp\/v2\/pages\/9"}],"wp:attachment":[{"href":"https:\/\/atimilplast.com.br\/loja\/wp-json\/wp\/v2\/media?parent=10052"}],"curies":[{"name":"wp","href":"https:\/\/api.w.org\/{rel}","templated":true}]}}