{"id":10165,"date":"2025-06-13T20:26:09","date_gmt":"2025-06-13T23:26:09","guid":{"rendered":"https:\/\/atimilplast.com.br\/loja\/?page_id=10165"},"modified":"2025-06-17T07:27:00","modified_gmt":"2025-06-17T10:27:00","slug":"carros-bandeja","status":"publish","type":"page","link":"https:\/\/atimilplast.com.br\/loja\/produtos\/carros-funcionais\/carros-bandeja\/","title":{"rendered":"Carros Bandeja"},"content":{"rendered":"\t\t<div data-elementor-type=\"wp-page\" data-elementor-id=\"10165\" class=\"elementor elementor-10165\" data-elementor-post-type=\"page\">\n\t\t\t\t<div class=\"elementor-element elementor-element-27d0a04 e-flex e-con-boxed e-con e-parent\" data-id=\"27d0a04\" data-element_type=\"container\" data-e-type=\"container\">\n\t\t\t\t\t<div class=\"e-con-inner\">\n\t\t\t\t<div class=\"elementor-element elementor-element-d82fcdc elementor-widget elementor-widget-woocommerce-breadcrumb\" data-id=\"d82fcdc\" data-element_type=\"widget\" data-e-type=\"widget\" data-widget_type=\"woocommerce-breadcrumb.default\">\n\t\t\t\t<div class=\"elementor-widget-container\">\n\t\t\t\t\t<section id=\"tbay-breadcrumb\"  class=\"tbay-breadcrumb  breadcrumbs-color\"><div class=\"container \"><div class=\"breadscrumb-inner\"><ol class=\"tbay-woocommerce-breadcrumb breadcrumb\"><li>In\u00edcio<\/li><\/ol><\/div><\/div><\/section>\t\t\t\t<\/div>\n\t\t\t\t<\/div>\n\t\t\t\t\t<\/div>\n\t\t\t\t<\/div>\n\t\t<div class=\"elementor-element elementor-element-c145037 e-flex e-con-boxed e-con e-parent\" data-id=\"c145037\" data-element_type=\"container\" data-e-type=\"container\">\n\t\t\t\t\t<div class=\"e-con-inner\">\n\t\t<div class=\"elementor-element elementor-element-62ede9a e-con-full e-flex e-con e-child\" data-id=\"62ede9a\" data-element_type=\"container\" data-e-type=\"container\">\n\t\t\t\t<div class=\"elementor-element elementor-element-70d859a elementor-hidden-tablet elementor-hidden-mobile elementor-widget elementor-widget-tbay-menu-vertical\" data-id=\"70d859a\" data-element_type=\"widget\" data-e-type=\"widget\" data-widget_type=\"tbay-menu-vertical.default\">\n\t\t\t\t<div class=\"elementor-widget-container\">\n\t\t\t\t\t<div class=\"tbay-element tbay-element-menu-vertical\">\r\n\t\t<div class=\"menu-vertical-container\"><ul id=\"categories-icon-my0sJ\" class=\"menu-vertical nav\"><li id=\"menu-item-9022\" class=\"menu-item menu-item-type-post_type menu-item-object-page menu-item-9022\"><a href=\"https:\/\/atimilplast.com.br\/loja\/produtos\/\">Todos os Produtos<\/a><\/li>\n<li id=\"menu-item-8913\" class=\"menu-item menu-item-type-taxonomy menu-item-object-product_cat menu-item-8913\"><a href=\"https:\/\/atimilplast.com.br\/loja\/produtos\/bituqueira\/\">Bituqueira<\/a><\/li>\n<li id=\"menu-item-8964\" class=\"menu-item menu-item-type-taxonomy menu-item-object-product_cat menu-item-has-children menu-item-8964\"><a href=\"https:\/\/atimilplast.com.br\/loja\/produtos\/caixas-plasticas\/\" title=\"caixas-plasticas\">Caixas Pl\u00e1sticas<\/a>\n<ul class=\"sub-menu\">\n\t<li id=\"menu-item-10334\" class=\"menu-item menu-item-type-post_type menu-item-object-page menu-item-10334\"><a href=\"https:\/\/atimilplast.com.br\/loja\/produtos\/caixas-plasticas\/caixa-container-327l\/\">Caixa Container 327L<\/a><\/li>\n\t<li id=\"menu-item-8296\" class=\"menu-item menu-item-type-taxonomy menu-item-object-product_cat menu-item-8296\"><a href=\"https:\/\/atimilplast.com.br\/loja\/produtos\/caixas-plasticas\/caixas-organizadoras\/\">Caixa Organizadora<\/a><\/li>\n\t<li id=\"menu-item-8928\" class=\"menu-item menu-item-type-taxonomy menu-item-object-product_cat menu-item-8928\"><a href=\"https:\/\/atimilplast.com.br\/loja\/produtos\/caixa-pallet-bin\/\">Caixa Pallet Bin<\/a><\/li>\n\t<li id=\"menu-item-8461\" class=\"menu-item menu-item-type-taxonomy menu-item-object-product_cat menu-item-8461\"><a href=\"https:\/\/atimilplast.com.br\/loja\/produtos\/caixas-klt\/\">Caixas KLT<\/a><\/li>\n\t<li id=\"menu-item-9018\" class=\"menu-item menu-item-type-taxonomy menu-item-object-product_cat menu-item-9018\"><a href=\"https:\/\/atimilplast.com.br\/loja\/produtos\/caixas-para-pescados\/\">Caixas para Pescados<\/a><\/li>\n<\/ul>\n<\/li>\n<li id=\"menu-item-7032\" class=\"menu-item menu-item-type-taxonomy menu-item-object-product_cat menu-item-7032\"><a href=\"https:\/\/atimilplast.com.br\/loja\/produtos\/carros-cuba\/\">Carros Cuba<\/a><\/li>\n<li id=\"menu-item-7740\" class=\"menu-item menu-item-type-taxonomy menu-item-object-product_cat menu-item-has-children menu-item-7740\"><a href=\"https:\/\/atimilplast.com.br\/loja\/produtos\/carros-funcionais\/\">Carros Funcionais<\/a>\n<ul class=\"sub-menu\">\n\t<li id=\"menu-item-7743\" class=\"menu-item menu-item-type-taxonomy menu-item-object-product_cat menu-item-7743\"><a href=\"https:\/\/atimilplast.com.br\/loja\/produtos\/carros-bandeja\/\">Carros Bandeja<\/a><\/li>\n\t<li id=\"menu-item-7742\" class=\"menu-item menu-item-type-taxonomy menu-item-object-product_cat menu-item-7742\"><a href=\"https:\/\/atimilplast.com.br\/loja\/produtos\/carros-hospitalares\/\">Carros Hospitalares<\/a><\/li>\n\t<li id=\"menu-item-7741\" class=\"menu-item menu-item-type-taxonomy menu-item-object-product_cat menu-item-7741\"><a href=\"https:\/\/atimilplast.com.br\/loja\/produtos\/carros-hoteleiros\/\">Carros Hoteleiros<\/a><\/li>\n\t<li id=\"menu-item-7744\" class=\"menu-item menu-item-type-taxonomy menu-item-object-product_cat menu-item-7744\"><a href=\"https:\/\/atimilplast.com.br\/loja\/produtos\/carros-organizadores\/\">Carros Organizadores<\/a><\/li>\n<\/ul>\n<\/li>\n<li id=\"menu-item-7030\" class=\"menu-item menu-item-type-taxonomy menu-item-object-product_cat menu-item-7030\"><a href=\"https:\/\/atimilplast.com.br\/loja\/produtos\/cesto-de-lixo\/\">Cestos de Lixo<\/a><\/li>\n<li id=\"menu-item-8911\" class=\"menu-item menu-item-type-taxonomy menu-item-object-product_cat menu-item-8911\"><a href=\"https:\/\/atimilplast.com.br\/loja\/produtos\/carrinhos-coletores-de-lixos\/\">Carrinhos Coletores de Lixo<\/a><\/li>\n<li id=\"menu-item-8915\" class=\"menu-item menu-item-type-taxonomy menu-item-object-product_cat menu-item-8915\"><a href=\"https:\/\/atimilplast.com.br\/loja\/produtos\/cone-barril\/\">Cone Barril<\/a><\/li>\n<li id=\"menu-item-7029\" class=\"menu-item menu-item-type-taxonomy menu-item-object-product_cat menu-item-7029\"><a href=\"https:\/\/atimilplast.com.br\/loja\/produtos\/containers-de-lixo\/\">Containers de Lixo<\/a><\/li>\n<li id=\"menu-item-8424\" class=\"menu-item menu-item-type-taxonomy menu-item-object-product_cat menu-item-8424\"><a href=\"https:\/\/atimilplast.com.br\/loja\/produtos\/estrados-de-plasticos\/\">Estrados de Pl\u00e1sticos<\/a><\/li>\n<li id=\"menu-item-9746\" class=\"menu-item menu-item-type-custom menu-item-object-custom menu-item-has-children menu-item-9746\"><a href=\"https:\/\/atimilplast.com.br\/loja\/categoria\/lixeiras\/\">Lixeiras<\/a>\n<ul class=\"sub-menu\">\n\t<li id=\"menu-item-8353\" class=\"menu-item menu-item-type-taxonomy menu-item-object-product_cat menu-item-8353\"><a href=\"https:\/\/atimilplast.com.br\/loja\/produtos\/lixeiras\/lixeira-inox-com-pedal\/\">Lixeira Inox Com Pedal<\/a><\/li>\n\t<li id=\"menu-item-8456\" class=\"menu-item menu-item-type-taxonomy menu-item-object-product_cat menu-item-8456\"><a href=\"https:\/\/atimilplast.com.br\/loja\/produtos\/lixeiras\/lixeiras-basculantes\/\">Lixeiras Basculantes<\/a><\/li>\n\t<li id=\"menu-item-10247\" class=\"menu-item menu-item-type-post_type menu-item-object-page menu-item-10247\"><a href=\"https:\/\/atimilplast.com.br\/loja\/produtos\/lixeiras\/lixeiras-para-coleta-seletiva-50l\/\">Lixeiras para Coleta Seletiva 50L<\/a><\/li>\n\t<li id=\"menu-item-8956\" class=\"menu-item menu-item-type-taxonomy menu-item-object-product_cat menu-item-8956\"><a href=\"https:\/\/atimilplast.com.br\/loja\/produtos\/lixeiras\/lixeiras-com-pedal\/\">Lixeiras com Pedal<\/a><\/li>\n\t<li id=\"menu-item-8930\" class=\"menu-item menu-item-type-taxonomy menu-item-object-product_cat menu-item-8930\"><a href=\"https:\/\/atimilplast.com.br\/loja\/produtos\/lixeiras\/lixeiras-para-coleta-seletiva-100l\/\">Lixeiras para Coleta Seletiva 100L<\/a><\/li>\n\t<li id=\"menu-item-8938\" class=\"menu-item menu-item-type-taxonomy menu-item-object-product_cat menu-item-8938\"><a href=\"https:\/\/atimilplast.com.br\/loja\/produtos\/lixeiras\/lixeiras-papeleiras-50l\/\">Lixeiras Papeleiras 50L<\/a><\/li>\n\t<li id=\"menu-item-8954\" class=\"menu-item menu-item-type-taxonomy menu-item-object-product_cat menu-item-8954\"><a href=\"https:\/\/atimilplast.com.br\/loja\/produtos\/lixeiras\/lixeiras-para-coleta-seletiva-60l\/\">Lixeiras para Coleta Seletiva 60L<\/a><\/li>\n<\/ul>\n<\/li>\n<li id=\"menu-item-8929\" class=\"menu-item menu-item-type-taxonomy menu-item-object-product_cat menu-item-8929\"><a href=\"https:\/\/atimilplast.com.br\/loja\/produtos\/moveis-plasticos\/\">M\u00f3veis Pl\u00e1sticos<\/a><\/li>\n<li id=\"menu-item-10291\" class=\"menu-item menu-item-type-custom menu-item-object-custom menu-item-10291\"><a href=\"https:\/\/atimilplast.com.br\/loja\/produtos\/pallets-de-contencao\/\">Pallets de Conten\u00e7\u00e3o<\/a><\/li>\n<li id=\"menu-item-8957\" class=\"menu-item menu-item-type-taxonomy menu-item-object-product_cat menu-item-8957\"><a href=\"https:\/\/atimilplast.com.br\/loja\/produtos\/pallets-de-plastico\/\">Pallets de Pl\u00e1stico<\/a><\/li>\n<li id=\"menu-item-8423\" class=\"menu-item menu-item-type-taxonomy menu-item-object-product_cat menu-item-8423\"><a href=\"https:\/\/atimilplast.com.br\/loja\/produtos\/pisos-de-plastico\/\">Pisos de Pl\u00e1stico<\/a><\/li>\n<li id=\"menu-item-7036\" class=\"menu-item menu-item-type-taxonomy menu-item-object-product_cat menu-item-7036\"><a href=\"https:\/\/atimilplast.com.br\/loja\/produtos\/sacos-de-lixo\/\">Sacos de Lixo<\/a><\/li>\n<li id=\"menu-item-8923\" class=\"menu-item menu-item-type-taxonomy menu-item-object-product_cat menu-item-8923\"><a href=\"https:\/\/atimilplast.com.br\/loja\/produtos\/vasos-de-polietileno\/\">Vasos de Polietileno<\/a><\/li>\n<\/ul><\/div>\r\n<\/div>\t\t\t\t<\/div>\n\t\t\t\t<\/div>\n\t\t\t\t<\/div>\n\t\t<div class=\"elementor-element elementor-element-7be83ad e-con-full e-flex e-con e-child\" data-id=\"7be83ad\" data-element_type=\"container\" data-e-type=\"container\">\n\t\t\t\t<div class=\"elementor-element elementor-element-1b05bc2 elementor-product-v1 elementor-widget elementor-widget-tbay-product-category\" data-id=\"1b05bc2\" data-element_type=\"widget\" data-e-type=\"widget\" data-widget_type=\"tbay-product-category.default\">\n\t\t\t\t<div class=\"elementor-widget-container\">\n\t\t\t\t\t\r\n<div class=\"tbay-element tbay-element-product-category\">\r\n    \t<div class=\"product-category row grid products\" data-xlgdesktop=\"4\" data-desktop=\"4\" data-desktopsmall=\"2\" data-tablet=\"3\" data-landscape=\"2\" data-mobile=\"2\">\r\n\r\n    \r\n        <div class=\"item\">\r\n\t\t\t<div class=\"products-grid product type-product post-7902 status-publish first instock product_cat-carros-bandeja product_cat-carros-funcionais has-post-thumbnail shipping-taxable product-type-simple\">\r\n\t\t\t<div class=\"product-block grid product v1\" data-product-id=\"7902\">\r\n\t\t<div class=\"product-content\">\r\n\t\t\r\n\t\t<div class=\"block-inner\">\r\n\t\t\t<figure class=\"image \">\r\n\t\t\t\t<a title=\"Carro Arrumadeira Bolonha\" href=\"https:\/\/atimilplast.com.br\/loja\/produtos\/carros-bandeja\/carro-arrumadeira-bolonha\/\" class=\"product-image\">\r\n\t\t\t\t\t<img fetchpriority=\"high\" decoding=\"async\" width=\"406\" height=\"406\" src=\"https:\/\/atimilplast.com.br\/loja\/wp-content\/uploads\/2024\/08\/carro-funcional-bolonha-500x500-1-406x406.jpg\" class=\"attachment-woocommerce_thumbnail size-woocommerce_thumbnail\" alt=\"Carro Arrumadeira Bolonha\" \/>\t\t\t\t<\/a>\r\n\t\t\t\t\r\n\t\t\t\t\t\t\t\r\n\t\t\t\t\t\t<\/figure>\r\n\t\t\t<div class=\"group-buttons\">\t\r\n\t\t\t\t\t\t    <\/div>\r\n            <div class=\"group-add-to-cart\">\r\n\t\t\t\t<div class=\"add-cart\" title=\"Leia mais\"><a href=\"https:\/\/atimilplast.com.br\/loja\/produtos\/carros-bandeja\/carro-arrumadeira-bolonha\/\" aria-describedby=\"woocommerce_loop_add_to_cart_link_describedby_7902\" data-quantity=\"1\" class=\"button product_type_simple\" data-product_id=\"7902\" data-product_sku=\"\" aria-label=\"Leia mais sobre &ldquo;Carro Arrumadeira Bolonha&rdquo;\" rel=\"nofollow\" data-success_message=\"\"><span class=\"title-cart\">Leia mais<\/span><\/a>            <span id=\"woocommerce_loop_add_to_cart_link_describedby_7902\" class=\"screen-reader-text\">\r\n                    <\/span>\r\n    <\/div>\t\t\t<\/div>\r\n\t\t<\/div>\r\n\t\t\t\t\r\n\t\t\t\t\r\n\t\t<div class=\"caption\">\r\n\t\t\t            <div class=\"group-content\">\r\n                                            <\/div>\r\n\r\n\t\t\t        <h3 class=\"name \"><a href=\"https:\/\/atimilplast.com.br\/loja\/produtos\/carros-bandeja\/carro-arrumadeira-bolonha\/\">Carro Arrumadeira Bolonha<\/a><\/h3>\r\n        \t\t\t\t\t\t\r\n\t\t\t\n\t\t\t\r\n\t\t\t\r\n\r\n\t\t\t\t\r\n\t\t\t\r\n\t\t\t\t\t<\/div>\r\n\r\n\t\t\r\n\t\t\r\n            <\/div>\r\n    \r\n\t<\/div>\r\n\t\t\t<\/div>\r\n        <\/div>\r\n\r\n    \r\n        <div class=\"item\">\r\n\t\t\t<div class=\"products-grid product type-product post-7883 status-publish instock product_cat-carros-bandeja product_cat-carros-funcionais has-post-thumbnail shipping-taxable purchasable product-type-variable\">\r\n\t\t\t<div class=\"product-block grid product v1\" data-product-id=\"7883\">\r\n\t\t<div class=\"product-content\">\r\n\t\t\r\n\t\t<div class=\"block-inner\">\r\n\t\t\t<figure class=\"image \">\r\n\t\t\t\t<a title=\"Carro Extra II\" href=\"https:\/\/atimilplast.com.br\/loja\/produtos\/carros-bandeja\/carro-extra-ii\/\" class=\"product-image\">\r\n\t\t\t\t\t<img decoding=\"async\" width=\"406\" height=\"406\" src=\"https:\/\/atimilplast.com.br\/loja\/wp-content\/uploads\/2024\/08\/carro-extra-triplex-com-1-bolsas-fechamento-lateral-2-bolsas-500x444-1-406x406.png\" class=\"attachment-woocommerce_thumbnail size-woocommerce_thumbnail\" alt=\"Carro Extra II\" \/>\t\t\t\t<\/a>\r\n\t\t\t\t\r\n\t\t\t\t\t\t\t\r\n\t\t\t\t\t\t<\/figure>\r\n\t\t\t<div class=\"group-buttons\">\t\r\n\t\t\t\t\t\t    <\/div>\r\n            <div class=\"group-add-to-cart\">\r\n\t\t\t\t<div class=\"add-cart\" title=\"Ver op\u00e7\u00f5es\"><a href=\"https:\/\/atimilplast.com.br\/loja\/produtos\/carros-bandeja\/carro-extra-ii\/\" aria-describedby=\"woocommerce_loop_add_to_cart_link_describedby_7883\" data-quantity=\"1\" class=\"button product_type_variable add_to_cart_button\" data-product_id=\"7883\" data-product_sku=\"\" aria-label=\"Selecione as op\u00e7\u00f5es para &ldquo;Carro Extra II&rdquo;\" rel=\"nofollow\"><span class=\"title-cart\">Ver op\u00e7\u00f5es<\/span><\/a>            <span id=\"woocommerce_loop_add_to_cart_link_describedby_7883\" class=\"screen-reader-text\">\r\n            Este produto tem v\u00e1rias variantes. As op\u00e7\u00f5es podem ser escolhidas na p\u00e1gina do produto        <\/span>\r\n    <\/div>\t\t\t<\/div>\r\n\t\t<\/div>\r\n\t\t\t\t\r\n\t\t\t\t\r\n\t\t<div class=\"caption\">\r\n\t\t\t            <div class=\"group-content\">\r\n                                            <\/div>\r\n\r\n\t\t\t        <h3 class=\"name \"><a href=\"https:\/\/atimilplast.com.br\/loja\/produtos\/carros-bandeja\/carro-extra-ii\/\">Carro Extra II<\/a><\/h3>\r\n        \t\t\t\t\t\t\r\n\t\t\t\n\t<span class=\"price\"><span class=\"woocommerce-Price-amount amount\"><bdi><span class=\"woocommerce-Price-currencySymbol\">&#82;&#36;<\/span>&nbsp;0,00<\/bdi><\/span><\/span>\n\t\t\t\r\n\t\t\t\r\n\r\n\t\t\t\t\r\n\t\t\t\r\n\t\t\t\t\t<\/div>\r\n\r\n\t\t\r\n\t\t\r\n            <\/div>\r\n    \r\n\t<\/div>\r\n\t\t\t<\/div>\r\n        <\/div>\r\n\r\n    \r\n        <div class=\"item\">\r\n\t\t\t<div class=\"products-grid product type-product post-7865 status-publish instock product_cat-carros-bandeja product_cat-carros-funcionais has-post-thumbnail shipping-taxable purchasable product-type-variable\">\r\n\t\t\t<div class=\"product-block grid product v1\" data-product-id=\"7865\">\r\n\t\t<div class=\"product-content\">\r\n\t\t\r\n\t\t<div class=\"block-inner\">\r\n\t\t\t<figure class=\"image \">\r\n\t\t\t\t<a title=\"Carro Extra I\" href=\"https:\/\/atimilplast.com.br\/loja\/produtos\/carros-bandeja\/carro-extra-i\/\" class=\"product-image\">\r\n\t\t\t\t\t<img decoding=\"async\" width=\"406\" height=\"406\" src=\"https:\/\/atimilplast.com.br\/loja\/wp-content\/uploads\/2024\/08\/carro-extra-triplex-com-fechamento-1bolsa-1-500x444-1-406x406.png\" class=\"attachment-woocommerce_thumbnail size-woocommerce_thumbnail\" alt=\"Carro Extra I\" \/>\t\t\t\t<\/a>\r\n\t\t\t\t\r\n\t\t\t\t\t\t\t\r\n\t\t\t\t\t\t<\/figure>\r\n\t\t\t<div class=\"group-buttons\">\t\r\n\t\t\t\t\t\t    <\/div>\r\n            <div class=\"group-add-to-cart\">\r\n\t\t\t\t<div class=\"add-cart\" title=\"Ver op\u00e7\u00f5es\"><a href=\"https:\/\/atimilplast.com.br\/loja\/produtos\/carros-bandeja\/carro-extra-i\/\" aria-describedby=\"woocommerce_loop_add_to_cart_link_describedby_7865\" data-quantity=\"1\" class=\"button product_type_variable add_to_cart_button\" data-product_id=\"7865\" data-product_sku=\"\" aria-label=\"Selecione as op\u00e7\u00f5es para &ldquo;Carro Extra I&rdquo;\" rel=\"nofollow\"><span class=\"title-cart\">Ver op\u00e7\u00f5es<\/span><\/a>            <span id=\"woocommerce_loop_add_to_cart_link_describedby_7865\" class=\"screen-reader-text\">\r\n            Este produto tem v\u00e1rias variantes. As op\u00e7\u00f5es podem ser escolhidas na p\u00e1gina do produto        <\/span>\r\n    <\/div>\t\t\t<\/div>\r\n\t\t<\/div>\r\n\t\t\t\t\r\n\t\t\t\t\r\n\t\t<div class=\"caption\">\r\n\t\t\t            <div class=\"group-content\">\r\n                                            <\/div>\r\n\r\n\t\t\t        <h3 class=\"name \"><a href=\"https:\/\/atimilplast.com.br\/loja\/produtos\/carros-bandeja\/carro-extra-i\/\">Carro Extra I<\/a><\/h3>\r\n        \t\t\t\t\t\t\r\n\t\t\t\n\t<span class=\"price\"><span class=\"woocommerce-Price-amount amount\"><bdi><span class=\"woocommerce-Price-currencySymbol\">&#82;&#36;<\/span>&nbsp;0,00<\/bdi><\/span><\/span>\n\t\t\t\r\n\t\t\t\r\n\r\n\t\t\t\t\r\n\t\t\t\r\n\t\t\t\t\t<\/div>\r\n\r\n\t\t\r\n\t\t\r\n            <\/div>\r\n    \r\n\t<\/div>\r\n\t\t\t<\/div>\r\n        <\/div>\r\n\r\n    \r\n        <div class=\"item\">\r\n\t\t\t<div class=\"products-grid product type-product post-7854 status-publish last instock product_cat-carros-bandeja product_cat-carros-funcionais has-post-thumbnail shipping-taxable purchasable product-type-variable\">\r\n\t\t\t<div class=\"product-block grid product v1\" data-product-id=\"7854\">\r\n\t\t<div class=\"product-content\">\r\n\t\t\r\n\t\t<div class=\"block-inner\">\r\n\t\t\t<figure class=\"image \">\r\n\t\t\t\t<a title=\"Carro Extra Triplex\" href=\"https:\/\/atimilplast.com.br\/loja\/produtos\/carros-bandeja\/7854\/\" class=\"product-image\">\r\n\t\t\t\t\t<img loading=\"lazy\" decoding=\"async\" width=\"406\" height=\"406\" src=\"https:\/\/atimilplast.com.br\/loja\/wp-content\/uploads\/2024\/08\/carro-extra-triplex-500x544-1-406x406.jpg\" class=\"attachment-woocommerce_thumbnail size-woocommerce_thumbnail\" alt=\"Carro Extra Triplex\" \/>\t\t\t\t<\/a>\r\n\t\t\t\t\r\n\t\t\t\t\t\t\t\r\n\t\t\t\t\t\t<\/figure>\r\n\t\t\t<div class=\"group-buttons\">\t\r\n\t\t\t\t\t\t    <\/div>\r\n            <div class=\"group-add-to-cart\">\r\n\t\t\t\t<div class=\"add-cart\" title=\"Ver op\u00e7\u00f5es\"><a href=\"https:\/\/atimilplast.com.br\/loja\/produtos\/carros-bandeja\/7854\/\" aria-describedby=\"woocommerce_loop_add_to_cart_link_describedby_7854\" data-quantity=\"1\" class=\"button product_type_variable add_to_cart_button\" data-product_id=\"7854\" data-product_sku=\"\" aria-label=\"Selecione as op\u00e7\u00f5es para &ldquo;Carro Extra Triplex&rdquo;\" rel=\"nofollow\"><span class=\"title-cart\">Ver op\u00e7\u00f5es<\/span><\/a>            <span id=\"woocommerce_loop_add_to_cart_link_describedby_7854\" class=\"screen-reader-text\">\r\n            Este produto tem v\u00e1rias variantes. As op\u00e7\u00f5es podem ser escolhidas na p\u00e1gina do produto        <\/span>\r\n    <\/div>\t\t\t<\/div>\r\n\t\t<\/div>\r\n\t\t\t\t\r\n\t\t\t\t\r\n\t\t<div class=\"caption\">\r\n\t\t\t            <div class=\"group-content\">\r\n                                            <\/div>\r\n\r\n\t\t\t        <h3 class=\"name \"><a href=\"https:\/\/atimilplast.com.br\/loja\/produtos\/carros-bandeja\/7854\/\">Carro Extra Triplex<\/a><\/h3>\r\n        \t\t\t\t\t\t\r\n\t\t\t\n\t<span class=\"price\"><span class=\"woocommerce-Price-amount amount\"><bdi><span class=\"woocommerce-Price-currencySymbol\">&#82;&#36;<\/span>&nbsp;0,00<\/bdi><\/span><\/span>\n\t\t\t\r\n\t\t\t\r\n\r\n\t\t\t\t\r\n\t\t\t\r\n\t\t\t\t\t<\/div>\r\n\r\n\t\t\r\n\t\t\r\n            <\/div>\r\n    \r\n\t<\/div>\r\n\t\t\t<\/div>\r\n        <\/div>\r\n\r\n     \r\n\r\n    <\/div>\t            <a href=\"https:\/\/atimilplast.com.br\/loja\/produtos\/carros-bandeja\/\" class=\"show-all\">Ver todos os produtos                <i aria-hidden=\"true\" class=\"tb-icon tb-icon-arrow-right\"><\/i>                \r\n            <\/a>\r\n            <\/div>\t\t\t\t<\/div>\n\t\t\t\t<\/div>\n\t\t\t\t<\/div>\n\t\t\t\t\t<\/div>\n\t\t\t\t<\/div>\n\t\t\t\t<\/div>\n\t\t","protected":false},"excerpt":{"rendered":"<p>Todos os Produtos Bituqueira Caixas Pl\u00e1sticas Caixa Container 327L Caixa Organizadora Caixa Pallet Bin Caixas KLT Caixas para Pescados Carros Cuba Carros Funcionais Carros Bandeja Carros Hospitalares Carros Hoteleiros Carros Organizadores Cestos de Lixo Carrinhos Coletores de Lixo Cone Barril Containers de Lixo Estrados de Pl\u00e1sticos Lixeiras Lixeira Inox Com Pedal Lixeiras Basculantes Lixeiras para &hellip; <a href=\"https:\/\/atimilplast.com.br\/loja\/produtos\/carros-bandeja\/7854\/\" class=\"more-link\">Continue reading <span class=\"screen-reader-text\">Carro Extra Triplex<\/span><\/a><\/p>\n","protected":false},"author":5,"featured_media":0,"parent":10008,"menu_order":0,"comment_status":"closed","ping_status":"closed","template":"elementor_header_footer","meta":{"_acf_changed":false,"footnotes":""},"class_list":["post-10165","page","type-page","status-publish","hentry"],"acf":[],"_links":{"self":[{"href":"https:\/\/atimilplast.com.br\/loja\/wp-json\/wp\/v2\/pages\/10165","targetHints":{"allow":["GET"]}}],"collection":[{"href":"https:\/\/atimilplast.com.br\/loja\/wp-json\/wp\/v2\/pages"}],"about":[{"href":"https:\/\/atimilplast.com.br\/loja\/wp-json\/wp\/v2\/types\/page"}],"author":[{"embeddable":true,"href":"https:\/\/atimilplast.com.br\/loja\/wp-json\/wp\/v2\/users\/5"}],"replies":[{"embeddable":true,"href":"https:\/\/atimilplast.com.br\/loja\/wp-json\/wp\/v2\/comments?post=10165"}],"version-history":[{"count":10,"href":"https:\/\/atimilplast.com.br\/loja\/wp-json\/wp\/v2\/pages\/10165\/revisions"}],"predecessor-version":[{"id":10628,"href":"https:\/\/atimilplast.com.br\/loja\/wp-json\/wp\/v2\/pages\/10165\/revisions\/10628"}],"up":[{"embeddable":true,"href":"https:\/\/atimilplast.com.br\/loja\/wp-json\/wp\/v2\/pages\/10008"}],"wp:attachment":[{"href":"https:\/\/atimilplast.com.br\/loja\/wp-json\/wp\/v2\/media?parent=10165"}],"curies":[{"name":"wp","href":"https:\/\/api.w.org\/{rel}","templated":true}]}}