{"id":9824,"date":"2025-05-16T00:33:37","date_gmt":"2025-05-16T03:33:37","guid":{"rendered":"https:\/\/atimilplast.com.br\/loja\/?page_id=9824"},"modified":"2025-10-06T20:53:06","modified_gmt":"2025-10-06T23:53:06","slug":"quem-somos","status":"publish","type":"page","link":"https:\/\/atimilplast.com.br\/loja\/quem-somos\/","title":{"rendered":"Quem Somos"},"content":{"rendered":"\t\t<div data-elementor-type=\"wp-page\" data-elementor-id=\"9824\" class=\"elementor elementor-9824\" data-elementor-post-type=\"page\">\n\t\t\t\t\t\t<section class=\"elementor-section elementor-top-section elementor-element elementor-element-0fc5dc2 elementor-section-height-min-height elementor-section-boxed elementor-section-height-default elementor-section-items-middle\" data-id=\"0fc5dc2\" data-element_type=\"section\" data-e-type=\"section\" data-settings=\"{&quot;background_background&quot;:&quot;classic&quot;}\">\n\t\t\t\t\t\t\t<div class=\"elementor-background-overlay\"><\/div>\n\t\t\t\t\t\t\t<div class=\"elementor-container elementor-column-gap-default\">\n\t\t\t\t\t<div class=\"elementor-column elementor-col-100 elementor-top-column elementor-element elementor-element-be0ccbe\" data-id=\"be0ccbe\" data-element_type=\"column\" data-e-type=\"column\">\n\t\t\t<div class=\"elementor-widget-wrap elementor-element-populated\">\n\t\t\t\t\t\t<div class=\"elementor-element elementor-element-d17ecc3 elementor-widget elementor-widget-shortcode\" data-id=\"d17ecc3\" data-element_type=\"widget\" data-e-type=\"widget\" data-widget_type=\"shortcode.default\">\n\t\t\t\t<div class=\"elementor-widget-container\">\n\t\t\t\t\t\t\t<div class=\"elementor-shortcode\"><nav aria-label=\"breadcrumbs\" class=\"rank-math-breadcrumb\"><p><span class=\"last\">In\u00edcio<\/span><\/p><\/nav><\/div>\n\t\t\t\t\t\t<\/div>\n\t\t\t\t<\/div>\n\t\t\t\t<div class=\"elementor-element elementor-element-e300d8a elementor-widget elementor-widget-heading\" data-id=\"e300d8a\" data-element_type=\"widget\" data-e-type=\"widget\" data-widget_type=\"heading.default\">\n\t\t\t\t<div class=\"elementor-widget-container\">\n\t\t\t\t\t<h1 class=\"elementor-heading-title elementor-size-default\">Quem Somos<\/h1>\t\t\t\t<\/div>\n\t\t\t\t<\/div>\n\t\t\t\t\t<\/div>\n\t\t<\/div>\n\t\t\t\t\t<\/div>\n\t\t<\/section>\n\t\t\t\t<section class=\"elementor-section elementor-top-section elementor-element elementor-element-97fe8c2 elementor-section-stretched elementor-section-boxed elementor-section-height-default elementor-section-height-default\" data-id=\"97fe8c2\" data-element_type=\"section\" data-e-type=\"section\" data-settings=\"{&quot;stretch_section&quot;:&quot;section-stretched&quot;,&quot;background_background&quot;:&quot;classic&quot;}\">\n\t\t\t\t\t\t\t<div class=\"elementor-background-overlay\"><\/div>\n\t\t\t\t\t\t\t<div class=\"elementor-container elementor-column-gap-default\">\n\t\t\t\t\t<div class=\"elementor-column elementor-col-100 elementor-top-column elementor-element elementor-element-e149651\" data-id=\"e149651\" data-element_type=\"column\" data-e-type=\"column\">\n\t\t\t<div class=\"elementor-widget-wrap elementor-element-populated\">\n\t\t\t\t<div class=\"elementor-element elementor-element-ce91677 e-con-full e-flex e-con e-parent\" data-id=\"ce91677\" data-element_type=\"container\" data-e-type=\"container\">\n\t\t<div class=\"elementor-element elementor-element-f23827b e-con-full e-flex e-con e-child\" data-id=\"f23827b\" data-element_type=\"container\" data-e-type=\"container\">\n\t\t\t\t<div class=\"elementor-element elementor-element-b0e3b61 elementor-widget elementor-widget-text-editor\" data-id=\"b0e3b61\" data-element_type=\"widget\" data-e-type=\"widget\" data-widget_type=\"text-editor.default\">\n\t\t\t\t<div class=\"elementor-widget-container\">\n\t\t\t\t\t\t\t\t\t<section class=\"sobre-atimilplast\" style=\"max-width: 900px; margin: 0 auto; line-height: 1.8; font-size: 1rem; color: #333;\">\u00a0<span style=\"font-size: 1rem;\">A <\/span><strong style=\"font-size: 1rem;\">AtimilPlast<\/strong><span style=\"font-size: 1rem;\"> nasceu para atender \u00e0s necessidades de<\/span><p style=\"margin-bottom: 16px;\"><strong>coleta seletiva e urbana<\/strong>, conten\u00e7\u00e3o de lixo e fabrica\u00e7\u00e3o de<br \/>produtos para acondicionamento e transporte de res\u00edduos.<\/p><p style=\"margin-bottom: 16px;\">Temos como miss\u00e3o contribuir com a sociedade e com o meio ambiente,<br \/>atuando de forma sustent\u00e1vel, utilizando fontes renov\u00e1veis e<br \/>minimizando o consumo de recursos naturais\u00a0 colaborando com o<br \/>futuro do planeta.<\/p><p style=\"margin-bottom: 16px;\">Com o objetivo de conscientizar sobre a import\u00e2ncia da coleta seletiva<br \/>e reduzir a contamina\u00e7\u00e3o de doen\u00e7as causadas pelo lixo exposto,<br \/>nossos produtos s\u00e3o fabricados sob as mais rigorosas<br \/><strong>normas t\u00e9cnicas mundiais de qualidade<\/strong>,<br \/>acondicionamento e procedimentos para armazenagem de res\u00edduos s\u00f3lidos<br \/>de servi\u00e7os de sa\u00fade, infectantes e comuns, destinados \u00e0 coleta e transporte.<\/p><p style=\"margin-bottom: 16px;\">Utilizamos <strong>pl\u00e1stico virgem e reciclado<\/strong> como mat\u00e9ria-prima,<br \/>garantindo a proced\u00eancia, durabilidade e qualidade de toda a nossa produ\u00e7\u00e3o.<\/p><p style=\"margin-bottom: 16px;\">Buscamos suprir as necessidades atuais da sociedade<br \/><strong>sem comprometer o futuro das pr\u00f3ximas gera\u00e7\u00f5es<\/strong>.<\/p><p style=\"margin-bottom: 16px;\">Estamos comprometidos com o desenvolvimento econ\u00f4mico e material<br \/><strong>sem agredir o meio ambiente<\/strong>,<br \/>reutilizando materiais de forma inteligente e respons\u00e1vel.<\/p><p style=\"margin-bottom: 16px;\">A <strong>AtimilPlast<\/strong> est\u00e1 localizada em <strong>Atibaia (SP)<\/strong>,<br \/>com uma estrutura moderna que nos permite estar \u00e0 frente no mercado nacional,<br \/>entregando produtos de alta resist\u00eancia e total confiabilidade para todos os nossos clientes.<\/p><p style=\"text-align: center; font-weight: bold; color: #006837; margin-top: 30px;\">Fazemos a diferen\u00e7a para garantir o desenvolvimento sustent\u00e1vel.<\/p><\/section>\t\t\t\t\t\t\t\t<\/div>\n\t\t\t\t<\/div>\n\t\t\t\t<div class=\"elementor-element elementor-element-78db9b3 elementor-widget elementor-widget-image\" data-id=\"78db9b3\" data-element_type=\"widget\" data-e-type=\"widget\" data-widget_type=\"image.default\">\n\t\t\t\t<div class=\"elementor-widget-container\">\n\t\t\t\t\t\t\t\t\t\t\t\t\t\t\t\t<a href=\"https:\/\/wa.me\/551144118111?text=Ol%C3%A1%2C%20gostaria%20de%20mais%20informa%C3%A7%C3%B5es.\" target=\"_blank\" rel=\"noopener\">\n\t\t\t\t\t\t\t<img fetchpriority=\"high\" decoding=\"async\" width=\"382\" height=\"132\" src=\"https:\/\/atimilplast.com.br\/loja\/wp-content\/uploads\/2025\/05\/WhatsApp-contato.png\" class=\"attachment-full size-full wp-image-9880\" alt=\"\" \/>\t\t\t\t\t\t\t\t<\/a>\n\t\t\t\t\t\t\t\t\t\t\t\t\t\t\t<\/div>\n\t\t\t\t<\/div>\n\t\t\t\t<\/div>\n\t\t<div class=\"elementor-element elementor-element-9a0846c e-con-full elementor-hidden-desktop elementor-hidden-tablet e-flex e-con e-child\" data-id=\"9a0846c\" data-element_type=\"container\" data-e-type=\"container\" data-settings=\"{&quot;background_background&quot;:&quot;classic&quot;}\">\n\t\t\t\t<div class=\"elementor-element elementor-element-e58c9f9 elementor-view-default elementor-position-block-start elementor-mobile-position-block-start elementor-widget elementor-widget-icon-box\" data-id=\"e58c9f9\" data-element_type=\"widget\" data-e-type=\"widget\" data-widget_type=\"icon-box.default\">\n\t\t\t\t<div class=\"elementor-widget-container\">\n\t\t\t\t\t\t\t<div class=\"elementor-icon-box-wrapper\">\n\n\t\t\t\t\t\t<div class=\"elementor-icon-box-icon\">\n\t\t\t\t<span  class=\"elementor-icon\">\n\t\t\t\t<svg xmlns=\"http:\/\/www.w3.org\/2000\/svg\" height=\"682pt\" viewBox=\"-21 -21 682 682.66639\" width=\"682pt\"><path d=\"m630.203125 74.589844c-9.246094-29.078125-21.777344-49.898438-22.308594-50.773438-2.054687-3.386718-6.285156-5.148437-10.117187-4.269531-.992188.226563-24.65625 5.75-51.953125 19.382813-36.851563 18.398437-62.59375 42.960937-74.453125 71.019531-9.871094 23.367187-11.289063 51.933593-4.285156 83.492187-14.917969-16.660156-31.699219-31.234375-49.992188-43.503906-5.585938-11.035156-20.355469-38.203125-43.445312-66.597656-7.605469-9.347656-22.234376 2.382812-14.550782 11.824218 15.558594 19.136719 27.269532 37.957032 34.59375 50.886719l-85.402344-16.648437-81.140624-110.675782c7.878906.109376 15.785156.871094 23.652343 2.414063 24.941407 4.882813 49.578125 17.585937 73.238281 37.75 9.269532 7.902344 21.308594-6.480469 12.160157-14.273437-26.136719-22.273438-53.65625-36.367188-81.796875-41.878907-42.957032-8.40625-93.058594 2.628907-144.902344 31.925781-38.640625 21.835938-64.480469 45.820313-65.558594 46.828126-3.457031 3.230468-4.007812 9.097656-1.113281 12.871093 3.789063 7.773438 18.148437 35.816407 42.050781 66.007813 14.089844 17.800781 28.949219 33.035156 44.320313 45.554687-4.367188 3.660157-8.617188 7.488281-12.730469 11.515625-21.96875 21.488282-38.789062 46.835938-49.832031 74.546875-9.761719 24.484375-15.011719 50.824219-15.304688 77.972657-.484375 44.394531 12.378907 87.210937 37.207031 123.828124 24.253907 35.765626 58.160157 63.226563 98.050782 79.410157 11.164062 4.519531 18.222656-12.84375 7.050781-17.375-14.453125-5.863281-28.03125-13.375-40.554687-22.308594 1.601562-8.882813 5.316406-40.851563-15.917969-73.945313-2.972657-4.628906 5.914062-22.808593 11.21875-33.667968 5.476562-11.191406 11.128906-22.761719 13.769531-33.65625 2.804688-11.574219-.351562-21.289063-9.121094-28.105469-6.4375-5.003906-14.863281-7.59375-22.289062-9.878906-4.824219-1.484375-10.292969-3.164063-12.246094-4.792969-4.023438-3.371094-10.59375-15.828125-15.875-25.832031-5.859375-11.097657-11.4375-21.660157-17.132812-28.164063 12.816406-30.4375 33.402343-57.371094 59.183593-77.976562 23.550781 16.042968 50.429688 27.113281 79 29.355468-33.132812 25.671876-43.851562 58.457032-28.53125 89.949219 17.890625 36.773438 54.714844 30.898438 87.203125 25.722657 5.621094-.898438 11.4375-1.824219 17.007813-2.519532 2.089843-.261718 2.71875.308594 3.140625.679688 7.113281 6.328125 6.902344 36.550781 6.75 58.621094-.207032 30.527343-.402344 59.363281 10.96875 74.167968 5.800781 7.546875 13.96875 11.40625 23.542968 11.40625 5.738282 0 11.972657-1.382812 18.511719-4.1875 28.277344-12.109375 57.671875-48.554687 53.1875-77.390625-3.917969-25.210937-6.511719-41.867187-.398437-55.292969 5.652344-12.425781 19.316406-23.929687 46.226562-38.609374 3.222656 14.511718 4.847656 29.609374 4.679688 45.097656-.574219 52.867187-21.707032 102.347656-59.5 139.320312-42.238282 41.320313-101.601563 61.726563-160.324219 55.253906-11.964844-1.296874-14.03125 17.320313-2.050781 18.640626 64.277344 7.078124 129.265625-15.265626 175.484375-60.488282 41.378906-40.480468 64.511719-94.644531 65.140625-152.527344.835937-76.746093-38.542969-144.738281-98.488282-183.90625 12.386719-8.832031 21.613282-16.46875 26.730469-20.902343 21.855469 15.679687 41.242188 34.996093 57.371094 57.5 38.71875 54.035156 54.074219 119.90625 43.246094 185.492187-22.363281 135.386719-150.695313 227.351563-286.105469 204.980469-65.589844-10.832031-123.03125-46.550781-161.75-100.585937-38.722656-54.03125-54.078125-119.910157-43.246094-185.492188 1.945313-11.800781-16.542968-14.898438-18.496094-3.054688-11.652343 70.527344 4.867188 141.367188 46.496094 199.472657 41.636719 58.097656 103.414063 96.511719 173.941406 108.164062 14.75 2.433594 29.515626 3.636719 44.179688 3.636719 55.429688 0 109.351562-17.210938 155.300781-50.136719 58.113281-41.636719 96.53125-103.402343 108.175781-173.929687 8.535157-51.679688 1.929688-103.527344-18.585937-150.410156 9.46875-2.792969 25.582031-8.214844 43.230469-17.027344 36.84375-18.398438 62.589844-42.960938 74.445312-71.019532 11.867188-28.066406 11.535156-63.644531-.957031-102.886718zm-544.164063 257.796875c6.976563 13.226562 13.574219 25.726562 20.429688 31.460937 4.855469 4.058594 11.613281 6.136719 18.765625 8.335938 18.324219 5.632812 20.453125 8.398437 18.695313 15.644531-2.15625 8.910156-7.359376 19.550781-12.386719 29.835937-9.683594 19.8125-18.828125 38.515626-10.160157 52.03125 12.292969 19.15625 14.398438 38.015626 14.1875 49.746094-55.84375-50.355468-78.582031-129.890625-57.78125-202.179687 2.757813 4.726562 5.65625 10.21875 8.25 15.125zm453.613282-184.246094-26.644532-64.570313c12.964844-12.125 28.007813-21.25 40.820313-27.675781 10.914063-5.476562 21.296875-9.570312 29.625-12.472656zm61.085937-97.449219c3.722657 8 8.039063 18.316406 11.726563 29.976563 4.042968 12.796875 7.753906 28.65625 8.492187 45.199219l-62.441406 25.761718zm-112.097656 66.558594c2.765625-6.539062 6.339844-12.601562 10.46875-18.199219l30.332031 73.496094-27.21875 65.085937c-3.824218-8.113281-8.328125-18.769531-12.148437-30.875-7.667969-24.238281-14.136719-59.449218-1.433594-89.507812zm60.066406 114.28125c-10.503906 5.273438-20.527343 9.265625-28.691406 12.144531l28.246094-67.527343 71.898437-29.667969c-1.042968 8.054687-3.03125 16.039062-6.269531 23.695312-12.699219 30.058594-42.457031 49.960938-65.183594 61.355469zm-338.074219-5.335938c-3.3125-.648437-6.582031-1.441406-9.804687-2.34375l103.765625-76.0625 85.441406 16.652344c-31.125 24.523438-106.871094 75.964844-179.402344 61.753906zm-94.832031-58.660156c-22.191406-23.917968-38.457031-49.492187-47.796875-65.867187l108.730469 21.199219zm19.203125-125.089844 45.492188 62.050782-109.433594-21.332032c13.777344-10.878906 36.519531-27.210937 63.941406-40.71875zm72.617188 67.339844-55.152344-75.230468c16.511719-6.785157 34.234375-12.125 52.402344-14.5l76.296875 104.0625zm-5.835938 17.964844 77.761719 15.15625-99.800781 73.152344c-18.820313-8.691406-35.757813-21.1875-50.578125-35.078125zm254.40625 183.085938c-33.800781 18.007812-50.351562 32.152343-58.203125 49.40625-8.433593 18.527343-5.34375 38.414062-1.066406 65.9375 2.527344 16.230468-16.761719 46.453124-42.035156 57.277343-9.351563 4.003907-16.011719 3.53125-19.804688-1.410156-7.449219-9.695313-7.246093-39.039063-7.085937-62.613281.222656-32.617188.417968-60.785156-13.039063-72.757813-4.839843-4.304687-11.03125-6.125-17.910156-5.28125-5.894531.734375-11.875 1.6875-17.652344 2.609375-34.464843 5.492188-56.152343 7.691406-67.386719-15.40625-18.203124-37.410156 18.644532-65.121094 35.332032-75.296875 3.398437-2.070312 6.550781-4.511719 9.480468-7.230469 40.332032-4.820312 78.441407-22.125 112.402344-43.800781 40.71875 24.328125 71.976563 62.828125 86.96875 108.566407zm0 0\"><\/path><\/svg>\t\t\t\t<\/span>\n\t\t\t<\/div>\n\t\t\t\n\t\t\t\t\t\t<div class=\"elementor-icon-box-content\">\n\n\t\t\t\t\t\t\t\t\t<h3 class=\"elementor-icon-box-title\">\n\t\t\t\t\t\t<span  >\n\t\t\t\t\t\t\tEcol\u00f3gico\t\t\t\t\t\t<\/span>\n\t\t\t\t\t<\/h3>\n\t\t\t\t\n\t\t\t\t\t\t\t\t\t<p class=\"elementor-icon-box-description\">\n\t\t\t\t\t\tEstamos comprometidos com o desenvolvimento econ\u00f4mico e material sem agredir o meio ambiente, reutilizando materiais de forma inteligente. <br><br>Utilizamos pl\u00e1stico virgem e reciclado como mat\u00e9ria-prima, garantindo a proced\u00eancia e a qualidade de nossa produ\u00e7\u00e3o.\t\t\t\t\t<\/p>\n\t\t\t\t\n\t\t\t<\/div>\n\t\t\t\n\t\t<\/div>\n\t\t\t\t\t\t<\/div>\n\t\t\t\t<\/div>\n\t\t\t\t<\/div>\n\t\t\t\t<\/div>\n\t\t\t\t\t<\/div>\n\t\t<\/div>\n\t\t\t\t\t<\/div>\n\t\t<\/section>\n\t\t\t\t<\/div>\n\t\t","protected":false},"excerpt":{"rendered":"<p>Quem Somos \u00a0A AtimilPlast nasceu para atender \u00e0s necessidades de coleta seletiva e urbana, conten\u00e7\u00e3o de lixo e fabrica\u00e7\u00e3o deprodutos para acondicionamento e transporte de res\u00edduos. Temos como miss\u00e3o contribuir com a sociedade e com o meio ambiente,atuando de forma sustent\u00e1vel, utilizando fontes renov\u00e1veis eminimizando o consumo de recursos naturais\u00a0 colaborando com ofuturo do planeta. &hellip; <a href=\"https:\/\/atimilplast.com.br\/loja\/quem-somos\/\" class=\"more-link\">Continue reading <span class=\"screen-reader-text\">Quem Somos<\/span><\/a><\/p>\n","protected":false},"author":5,"featured_media":0,"parent":0,"menu_order":0,"comment_status":"closed","ping_status":"closed","template":"elementor_header_footer","meta":{"_acf_changed":false,"footnotes":""},"class_list":["post-9824","page","type-page","status-publish","hentry"],"acf":[],"_links":{"self":[{"href":"https:\/\/atimilplast.com.br\/loja\/wp-json\/wp\/v2\/pages\/9824","targetHints":{"allow":["GET"]}}],"collection":[{"href":"https:\/\/atimilplast.com.br\/loja\/wp-json\/wp\/v2\/pages"}],"about":[{"href":"https:\/\/atimilplast.com.br\/loja\/wp-json\/wp\/v2\/types\/page"}],"author":[{"embeddable":true,"href":"https:\/\/atimilplast.com.br\/loja\/wp-json\/wp\/v2\/users\/5"}],"replies":[{"embeddable":true,"href":"https:\/\/atimilplast.com.br\/loja\/wp-json\/wp\/v2\/comments?post=9824"}],"version-history":[{"count":67,"href":"https:\/\/atimilplast.com.br\/loja\/wp-json\/wp\/v2\/pages\/9824\/revisions"}],"predecessor-version":[{"id":11575,"href":"https:\/\/atimilplast.com.br\/loja\/wp-json\/wp\/v2\/pages\/9824\/revisions\/11575"}],"wp:attachment":[{"href":"https:\/\/atimilplast.com.br\/loja\/wp-json\/wp\/v2\/media?parent=9824"}],"curies":[{"name":"wp","href":"https:\/\/api.w.org\/{rel}","templated":true}]}}