{"id":10302,"date":"2025-06-16T05:54:03","date_gmt":"2025-06-16T08:54:03","guid":{"rendered":"https:\/\/atimilplast.com.br\/loja\/?post_type=product&#038;p=10302"},"modified":"2025-06-16T05:54:09","modified_gmt":"2025-06-16T08:54:09","slug":"caixa-plastica-372-litros-2","status":"publish","type":"product","link":"https:\/\/atimilplast.com.br\/loja\/produtos\/caixas-container-372-litros\/caixa-plastica-372-litros-2\/","title":{"rendered":"Caixa Pl\u00e1stica 372 Litros"},"content":{"rendered":"","protected":false},"excerpt":{"rendered":"<p>A\u00a0<strong>Caixa Pl\u00e1stica 372 Litros<\/strong>, tamb\u00e9m conhecida como <strong>Caixa Container<\/strong>, \u00e9 um dos modelos mais resistentes do mercado, possui tampa com encaixe para empilhamento e frisos que impedem o ac\u00famulo de \u00e1gua. Al\u00e9m disso, \u00e9 robusta e possui fundo super resistente.<\/p>\n<p>Com capacidade para comportar grandes volumes, a\u00a0<strong>Caixa Pl\u00e1stica 372L<\/strong>\u00a0\u00e9 extremamente forte e dur\u00e1vel e pode ser utilizada em diversos segmentos. Com isso, garante maior seguran\u00e7a e qualidade no armazenamento de pe\u00e7as e produtos em geral.<\/p>\n<p>Na ind\u00fastria automobil\u00edstica, por exemplo, \u00e9 indicada para acondicionar produtos e pe\u00e7as de diversos tipos e tamanhos, pois pode comportar grandes volumes de carga.<\/p>\n<p>Para facilitar o armazenamento e a organiza\u00e7\u00e3o, podem ser facilmente empilhadas e estocadas de forma pr\u00e1tica e segura, sem nenhum preju\u00edzo ou dano ao seu formato. Sua higieniza\u00e7\u00e3o \u00e9 simples de ser feita, podendo-se utilizar somente \u00e1gua e sab\u00e3o.<\/p>\n<p>Al\u00e9m de todos os benef\u00edcios, estas caixas ainda podem ser personalizadas com o nome da sua empresa, ou n\u00famero de telefone.<\/p>\n<p>Fabricadas em diversas cores, as\u00a0<strong>Caixas 372L<\/strong>\u00a0s\u00e3o a melhor escolha para a sua empresa ou ind\u00fastria.<\/p>\n","protected":false},"featured_media":10305,"template":"","meta":{"_acf_changed":false},"descricao":[],"product_brand":[],"product_cat":[428,95],"product_tag":[],"class_list":{"0":"post-10302","1":"product","2":"type-product","3":"status-publish","4":"has-post-thumbnail","6":"product_cat-caixas-container-372-litros","7":"product_cat-caixas-plasticas","8":"pa_cor-branco","9":"pa_cor-cinza","10":"pa_cor-preto","11":"pa_material-pp-polipropileno-ou-pead-polietileno-de-alta-densidade","12":"pa_modelo-caixa-plastica-372-litros","15":"instock","16":"shipping-taxable","17":"product-type-simple"},"acf":[],"_links":{"self":[{"href":"https:\/\/atimilplast.com.br\/loja\/wp-json\/wp\/v2\/product\/10302","targetHints":{"allow":["GET"]}}],"collection":[{"href":"https:\/\/atimilplast.com.br\/loja\/wp-json\/wp\/v2\/product"}],"about":[{"href":"https:\/\/atimilplast.com.br\/loja\/wp-json\/wp\/v2\/types\/product"}],"version-history":[{"count":2,"href":"https:\/\/atimilplast.com.br\/loja\/wp-json\/wp\/v2\/product\/10302\/revisions"}],"predecessor-version":[{"id":10839,"href":"https:\/\/atimilplast.com.br\/loja\/wp-json\/wp\/v2\/product\/10302\/revisions\/10839"}],"wp:featuredmedia":[{"embeddable":true,"href":"https:\/\/atimilplast.com.br\/loja\/wp-json\/wp\/v2\/media\/10305"}],"wp:attachment":[{"href":"https:\/\/atimilplast.com.br\/loja\/wp-json\/wp\/v2\/media?parent=10302"}],"wp:term":[{"taxonomy":"descricao","embeddable":true,"href":"https:\/\/atimilplast.com.br\/loja\/wp-json\/wp\/v2\/descricao?post=10302"},{"taxonomy":"product_brand","embeddable":true,"href":"https:\/\/atimilplast.com.br\/loja\/wp-json\/wp\/v2\/product_brand?post=10302"},{"taxonomy":"product_cat","embeddable":true,"href":"https:\/\/atimilplast.com.br\/loja\/wp-json\/wp\/v2\/product_cat?post=10302"},{"taxonomy":"product_tag","embeddable":true,"href":"https:\/\/atimilplast.com.br\/loja\/wp-json\/wp\/v2\/product_tag?post=10302"}],"curies":[{"name":"wp","href":"https:\/\/api.w.org\/{rel}","templated":true}]}}