{"id":10846,"date":"2025-08-21T05:49:28","date_gmt":"2025-08-21T08:49:28","guid":{"rendered":"https:\/\/atimilplast.com.br\/loja\/?post_type=product&#038;p=10846"},"modified":"2025-08-21T05:49:28","modified_gmt":"2025-08-21T08:49:28","slug":"conjunto-doblo-30l","status":"publish","type":"product","link":"https:\/\/atimilplast.com.br\/loja\/produtos\/carros-funcionais\/conjunto-doblo-30l\/","title":{"rendered":"Conjunto Dobl\u00f4 30L"},"content":{"rendered":"<p data-start=\"101\" data-end=\"191\">O <strong>Conjunto Dobl\u00f4 30 litros<\/strong> \u00e9 um equipamento de limpeza vers\u00e1til e funcional, composto por:<\/p>\n<ul data-start=\"193\" data-end=\"383\">\n<li data-start=\"193\" data-end=\"261\">\n<p data-start=\"195\" data-end=\"261\"><strong>Balde com sistema de duas \u00e1guas, com divis\u00f3rias de 18 e 12 litros;<\/strong><\/p>\n<\/li>\n<li data-start=\"262\" data-end=\"292\">\n<p data-start=\"264\" data-end=\"292\"><strong>Espremedor com alta press\u00e3o;<\/strong><\/p>\n<\/li>\n<li data-start=\"293\" data-end=\"330\">\n<p data-start=\"295\" data-end=\"330\"><strong>Dreno para escoamento da \u00e1gua suja;<\/strong><\/p>\n<\/li>\n<li data-start=\"331\" data-end=\"383\">\n<p data-start=\"333\" data-end=\"383\"><strong>Rod\u00edzios que facilitam o transporte durante o uso.<\/strong><\/p>\n<\/li>\n<\/ul>\n<p data-start=\"385\" data-end=\"595\">O <strong>compartimento com 18 litros<\/strong> \u00e9 utilizado para a solu\u00e7\u00e3o de limpeza com agente qu\u00edmico, enquanto o de 12 litros armazena \u00e1gua limpa para o enx\u00e1gue do refil, promovendo a remo\u00e7\u00e3o eficiente das sujidades do piso.<\/p>\n","protected":false},"excerpt":{"rendered":"<p><strong data-start=\"75\" data-end=\"121\">Conjunto Dobl\u00f4 30 Litros \u2013 Sistema 2 \u00c1guas<\/strong><br data-start=\"121\" data-end=\"124\" \/>Ideal para a limpeza profissional de pisos, o Conjunto Dobl\u00f4 conta com <strong>balde de 30 litros dividido em dois compartimentos (18L e 12L), espremedor de alta press\u00e3o, dreno para \u00e1gua suja e rod\u00edzios que garantem mobilidade.<\/strong> Proporciona maior efici\u00eancia ao separar a \u00e1gua limpa da solu\u00e7\u00e3o com produto qu\u00edmico.<\/p>\n","protected":false},"featured_media":10851,"template":"","meta":{"_acf_changed":false},"descricao":[],"product_brand":[],"product_cat":[259,314],"product_tag":[],"class_list":{"0":"post-10846","1":"product","2":"type-product","3":"status-publish","4":"has-post-thumbnail","6":"product_cat-carros-funcionais","7":"product_cat-kits-de-lixeiras-para-coleta-seletiva","10":"instock","11":"shipping-taxable","12":"product-type-simple"},"acf":[],"_links":{"self":[{"href":"https:\/\/atimilplast.com.br\/loja\/wp-json\/wp\/v2\/product\/10846","targetHints":{"allow":["GET"]}}],"collection":[{"href":"https:\/\/atimilplast.com.br\/loja\/wp-json\/wp\/v2\/product"}],"about":[{"href":"https:\/\/atimilplast.com.br\/loja\/wp-json\/wp\/v2\/types\/product"}],"version-history":[{"count":1,"href":"https:\/\/atimilplast.com.br\/loja\/wp-json\/wp\/v2\/product\/10846\/revisions"}],"predecessor-version":[{"id":10852,"href":"https:\/\/atimilplast.com.br\/loja\/wp-json\/wp\/v2\/product\/10846\/revisions\/10852"}],"wp:featuredmedia":[{"embeddable":true,"href":"https:\/\/atimilplast.com.br\/loja\/wp-json\/wp\/v2\/media\/10851"}],"wp:attachment":[{"href":"https:\/\/atimilplast.com.br\/loja\/wp-json\/wp\/v2\/media?parent=10846"}],"wp:term":[{"taxonomy":"descricao","embeddable":true,"href":"https:\/\/atimilplast.com.br\/loja\/wp-json\/wp\/v2\/descricao?post=10846"},{"taxonomy":"product_brand","embeddable":true,"href":"https:\/\/atimilplast.com.br\/loja\/wp-json\/wp\/v2\/product_brand?post=10846"},{"taxonomy":"product_cat","embeddable":true,"href":"https:\/\/atimilplast.com.br\/loja\/wp-json\/wp\/v2\/product_cat?post=10846"},{"taxonomy":"product_tag","embeddable":true,"href":"https:\/\/atimilplast.com.br\/loja\/wp-json\/wp\/v2\/product_tag?post=10846"}],"curies":[{"name":"wp","href":"https:\/\/api.w.org\/{rel}","templated":true}]}}