{"id":6636,"date":"2020-05-11T15:08:43","date_gmt":"2020-05-11T15:08:43","guid":{"rendered":"https:\/\/atimil.efetivou.com\/product\/carro-alto-transporte-com-caixa-plastica-fechada-180-litros-3\/"},"modified":"2025-06-25T09:15:56","modified_gmt":"2025-06-25T12:15:56","slug":"carro-alto-transporte-com-caixa-plastica-fechada-180-litros","status":"publish","type":"product","link":"https:\/\/atimilplast.com.br\/loja\/produtos\/caixas-plasticas\/carro-alto-transporte-com-caixa-plastica-fechada-180-litros\/","title":{"rendered":"Carro Alto Transporte Com Caixa Pl\u00e1stica Fechada 180 Litros"},"content":{"rendered":"<p>O Carro Alto Transporte com Caixa Pl\u00e1stica Fechada 180 Litros \u00e9 fabricado em a\u00e7o zincado e possui 4 rodas de 4 polegadas, sendo que duas delas s\u00e3o fixas e duas s\u00e3o girat\u00f3rias.<\/p>\n<p>J\u00e1 a Caixa Pl\u00e1stica Fechada 180 Litros \u00e9 fabricada em m\u00e1quinas de alta tecnologia com materiais do mais alto padr\u00e3o de qualidade \u2013 Polipropileno (PP) ou Polietileno de Alta Densidade (PEAD) \u2013 nas cores preta, branca e azul.<\/p>\n<p>Todas as nossas caixas pl\u00e1sticas seguem as mais rigorosas regras da Ag\u00eancia Nacional de Vigil\u00e2ncia Sanit\u00e1ria (ANVISA).<\/p>\n<p>Resistente ao impacto, aos raios ultravioletas e \u00e0s repetidas lavagens a que \u00e9 submetida, o Carro Alto Transporte Com Caixa Pl\u00e1stica Fechada 180L pode ser empilhada, o que facilita seu transporte e armazenamento.<\/p>\n<p>Podem ser compradas com ou sem a tampa. O carrinho facilita seu transporte e torna sua movimenta\u00e7\u00e3o mais segura.<\/p>\n<p>A Caixa Pl\u00e1stica Fechada 180 Litros n\u00e3o se altera diante de agentes qu\u00edmicos, \u00e1cidos, sais e \u00e1lcalis, gerando confiabilidade, durabilidade e o melhor custo-benef\u00edcio do mercado.<\/p>\n<p>Ela \u00e9 ainda resistente a temperaturas negativas e pode ser facilmente higienizada a vapor. \u00c9 indicada para ind\u00fastrias, panificadoras, supermercados, agricultura, constru\u00e7\u00e3o civil e frigor\u00edficos.<\/p>\n","protected":false},"excerpt":{"rendered":"<p>O Carro Alto Transporte com Caixa Pl\u00e1stica Fechada 180 Litros \u00e9 fabricado em a\u00e7o zincado e possui 4 rodas de 4 polegadas, sendo que duas delas s\u00e3o fixas e duas s\u00e3o girat\u00f3rias.<\/p>\n","protected":false},"featured_media":6638,"template":"","meta":{"_acf_changed":false},"descricao":[],"product_brand":[],"product_cat":[95,15],"product_tag":[97],"class_list":{"0":"post-6636","1":"product","2":"type-product","3":"status-publish","4":"has-post-thumbnail","6":"product_cat-caixas-plasticas","7":"product_cat-carrinhos-coletores-de-lixos","8":"product_tag-caixa-180l-com-carrinhocaixa-com-carrinhocaixa-de-plastico-grandecaixa-de-plastico-para-transportecaixa-de-plastico-quadradacaixa-industrial","9":"pa_capacidade-180l","10":"pa_cor-azul","11":"pa_cor-branco","12":"pa_cor-preto","13":"pa_material-pp-polipropileno-ou-pead-polietileno-de-alta-densidade","14":"pa_modelo-carro-at-caixa-plastica-fechada-180l","17":"instock","18":"product-type-simple"},"acf":[],"_links":{"self":[{"href":"https:\/\/atimilplast.com.br\/loja\/wp-json\/wp\/v2\/product\/6636","targetHints":{"allow":["GET"]}}],"collection":[{"href":"https:\/\/atimilplast.com.br\/loja\/wp-json\/wp\/v2\/product"}],"about":[{"href":"https:\/\/atimilplast.com.br\/loja\/wp-json\/wp\/v2\/types\/product"}],"version-history":[{"count":4,"href":"https:\/\/atimilplast.com.br\/loja\/wp-json\/wp\/v2\/product\/6636\/revisions"}],"predecessor-version":[{"id":8687,"href":"https:\/\/atimilplast.com.br\/loja\/wp-json\/wp\/v2\/product\/6636\/revisions\/8687"}],"wp:featuredmedia":[{"embeddable":true,"href":"https:\/\/atimilplast.com.br\/loja\/wp-json\/wp\/v2\/media\/6638"}],"wp:attachment":[{"href":"https:\/\/atimilplast.com.br\/loja\/wp-json\/wp\/v2\/media?parent=6636"}],"wp:term":[{"taxonomy":"descricao","embeddable":true,"href":"https:\/\/atimilplast.com.br\/loja\/wp-json\/wp\/v2\/descricao?post=6636"},{"taxonomy":"product_brand","embeddable":true,"href":"https:\/\/atimilplast.com.br\/loja\/wp-json\/wp\/v2\/product_brand?post=6636"},{"taxonomy":"product_cat","embeddable":true,"href":"https:\/\/atimilplast.com.br\/loja\/wp-json\/wp\/v2\/product_cat?post=6636"},{"taxonomy":"product_tag","embeddable":true,"href":"https:\/\/atimilplast.com.br\/loja\/wp-json\/wp\/v2\/product_tag?post=6636"}],"curies":[{"name":"wp","href":"https:\/\/api.w.org\/{rel}","templated":true}]}}