{"id":6660,"date":"2020-05-11T18:59:30","date_gmt":"2020-05-11T18:59:30","guid":{"rendered":"https:\/\/atimil.efetivou.com\/product\/caixa-plastica-fechada-com-tampa-180-litros\/"},"modified":"2025-06-25T09:15:56","modified_gmt":"2025-06-25T12:15:56","slug":"caixa-plastica-fechada-com-tampa-180-litros","status":"publish","type":"product","link":"https:\/\/atimilplast.com.br\/loja\/produtos\/caixas-plasticas\/caixas-organizadoras\/caixa-plastica-fechada-com-tampa-180-litros\/","title":{"rendered":"Caixa Pl\u00e1stica Fechada Com Tampa 180 Litros"},"content":{"rendered":"<p>A Caixa Pl\u00e1stica Fechada com Tampa 180 Litros \u00e9 fabricada em m\u00e1quinas de alta tecnologia com materiais do mais alto padr\u00e3o de qualidade \u2013 Polipropileno (PP) ou Polietileno de Alta Densidade (PEAD) \u2013 nas cores preta, branca e azul.<\/p>\n<p>Todas as nossas caixas pl\u00e1sticas s\u00e3o fabricadas de acordo com as principais normas da Vigil\u00e2ncia Sanit\u00e1ria, de maneira que atenda a todos os requisitos de seguran\u00e7a, confiabilidade e durabilidade ao serem utilizadas pelos nossos clientes.<\/p>\n<p>Resistente ao impacto, aos raios ultravioletas e \u00e0s repetidas lavagens a que \u00e9 submetida.<\/p>\n<p>Oferece seguran\u00e7a pois sua composi\u00e7\u00e3o n\u00e3o se altera diante de agentes qu\u00edmicos, \u00e1cidos, sais e \u00e1lcalis, gerando confiabilidade, durabilidade e o melhor custo-benef\u00edcio do mercado.<\/p>\n<p>Para facilitar o armazenamento, podem ainda ser empilhadas sem nenhum preju\u00edzo ou dano ao seu formato, pois s\u00e3o compat\u00edveis com caixas e tampas de outras marcas, permitindo um encaixe perfeito.<\/p>\n<p>Ela \u00e9 ainda resistente a temperaturas negativas e pode ser facilmente higienizada a vapor.<\/p>\n<p>S\u00c3O INDICADAS PARA:<\/p>\n<p>\u2022 Padarias, restaurantes e cozinhas industriais;<br \/>\n\u2022 Transporte e acondicionamento de materiais;<br \/>\n\u2022 Recomendada para uso dom\u00e9stico;<br \/>\n\u2022 Agricultura e constru\u00e7\u00e3o civil;<br \/>\n\u2022 Ind\u00fastrias em geral.<\/p>\n<p>Maior durabilidade e melhor custo-benef\u00edcio do mercado.<\/p>\n","protected":false},"excerpt":{"rendered":"<p>A Caixa Pl\u00e1stica Fechada com Tampa 180 Litros \u00e9 fabricada em m\u00e1quinas de alta tecnologia com materiais do mais alto padr\u00e3o de qualidade<\/p>\n","protected":false},"featured_media":6662,"template":"","meta":{"_acf_changed":false},"descricao":[],"product_brand":[],"product_cat":[303,95],"product_tag":[],"class_list":{"0":"post-6660","1":"product","2":"type-product","3":"status-publish","4":"has-post-thumbnail","6":"product_cat-caixas-organizadoras","7":"product_cat-caixas-plasticas","8":"pa_cor-azul","9":"pa_cor-branco","10":"pa_cor-preto","11":"pa_material-pp-polipropileno-ou-pead-polietileno-de-alta-densidade","12":"pa_modelo-caixa-180l-fechada","15":"instock","16":"product-type-simple"},"acf":[],"_links":{"self":[{"href":"https:\/\/atimilplast.com.br\/loja\/wp-json\/wp\/v2\/product\/6660","targetHints":{"allow":["GET"]}}],"collection":[{"href":"https:\/\/atimilplast.com.br\/loja\/wp-json\/wp\/v2\/product"}],"about":[{"href":"https:\/\/atimilplast.com.br\/loja\/wp-json\/wp\/v2\/types\/product"}],"version-history":[{"count":4,"href":"https:\/\/atimilplast.com.br\/loja\/wp-json\/wp\/v2\/product\/6660\/revisions"}],"predecessor-version":[{"id":8679,"href":"https:\/\/atimilplast.com.br\/loja\/wp-json\/wp\/v2\/product\/6660\/revisions\/8679"}],"wp:featuredmedia":[{"embeddable":true,"href":"https:\/\/atimilplast.com.br\/loja\/wp-json\/wp\/v2\/media\/6662"}],"wp:attachment":[{"href":"https:\/\/atimilplast.com.br\/loja\/wp-json\/wp\/v2\/media?parent=6660"}],"wp:term":[{"taxonomy":"descricao","embeddable":true,"href":"https:\/\/atimilplast.com.br\/loja\/wp-json\/wp\/v2\/descricao?post=6660"},{"taxonomy":"product_brand","embeddable":true,"href":"https:\/\/atimilplast.com.br\/loja\/wp-json\/wp\/v2\/product_brand?post=6660"},{"taxonomy":"product_cat","embeddable":true,"href":"https:\/\/atimilplast.com.br\/loja\/wp-json\/wp\/v2\/product_cat?post=6660"},{"taxonomy":"product_tag","embeddable":true,"href":"https:\/\/atimilplast.com.br\/loja\/wp-json\/wp\/v2\/product_tag?post=6660"}],"curies":[{"name":"wp","href":"https:\/\/api.w.org\/{rel}","templated":true}]}}