{"id":6690,"date":"2020-05-12T03:25:09","date_gmt":"2020-05-12T03:25:09","guid":{"rendered":"https:\/\/atimil.efetivou.com\/product\/carrinho-para-varricao-lutocar-100-litros\/"},"modified":"2025-06-11T15:16:36","modified_gmt":"2025-06-11T18:16:36","slug":"carrinho-para-varricao-lutocar-100-litros","status":"publish","type":"product","link":"https:\/\/atimilplast.com.br\/loja\/produtos\/carrinhos-coletores-de-lixos\/carrinho-para-varricao-lutocar-100-litros\/","title":{"rendered":"Carrinho Para Varri\u00e7\u00e3o LUTOCAR 100 Litros"},"content":{"rendered":"<p>O Carrinho para Varri\u00e7\u00e3o Lutocar 100 Litros \u00e9 um tipo de carrinho para varri\u00e7\u00e3o de lixo muito utilizado por garis e funcion\u00e1rios de empresas que buscam praticidade e maior mobilidade durante o servi\u00e7o de coleta de res\u00edduos e limpeza de ruas, p\u00e1tios, estradas e qualquer tipo de ambiente muito movimentado.<\/p>\n<p>Com o corpo fabricado em PEAD (Polietileno de Alta Densidade) ou PEMD (Polietileno de M\u00e9dia Densidade), o Lutocar 100 Litros \u00e9 aditivado tecnicamente para proporcionar alta resist\u00eancia ao impacto e a tra\u00e7\u00e3o.<\/p>\n<p>Possui Aditiva\u00e7\u00e3o Extra com Anti-Oxidante e Anti-UV para os N\u00edveis de Prote\u00e7\u00e3o Classe 8 \u2013 UV8 (ASTM \u2013 American Society Testting Materiais).<\/p>\n<p>Seu design \u00e9 leve e funcional, facilitando a sua higieniza\u00e7\u00e3o e impedindo o ac\u00famulo de res\u00edduos.<\/p>\n<p>Possui suporte para vassoura e p\u00e1 de lixo.<\/p>\n<p>O Carrinho Para Varri\u00e7\u00e3o Lutocar possui rodas de A\u00e7o Galvanizado 3,5\u201d x 8\u201d e pneus com c\u00e2mera de ar ou de borracha para uma melhor locomo\u00e7\u00e3o.<\/p>\n<p>Sua estrutura em tubo de a\u00e7o cil\u00edndrico \u00e9 altamente resistente com tratamento anti-\u00f3xido e pintura epoxi.<\/p>\n<p>Al\u00e9m disso, seu design e leveza garantem maior facilidade de movimenta\u00e7\u00e3o, mais praticidade e seguran\u00e7a em seu manuseio, e uma limpeza muito mais eficiente.<\/p>\n<p>Por ser extremamente resistente, o Lutocar 100L possui um \u00f3timo custo benef\u00edcio.<\/p>\n<p>Conhe\u00e7a a Nossa Linha Completa de Carrinhos Coletores de Lixo.<\/p>\n","protected":false},"excerpt":{"rendered":"<p>Carrinho para Varri\u00e7\u00e3o Lutocar 100 Litros<\/p>\n","protected":false},"featured_media":6692,"template":"","meta":{"_acf_changed":false},"descricao":[],"product_brand":[],"product_cat":[15],"product_tag":[99],"class_list":{"0":"post-6690","1":"product","2":"type-product","3":"status-publish","4":"has-post-thumbnail","6":"product_cat-carrinhos-coletores-de-lixos","7":"product_tag-carrinhocarrinho-de-garicarrinho-de-lixocarrinho-de-lixo-com-rodascarrinho-de-varricaocarrinho-lixocarrinho-para-lixocarrinho-para-varricaocoletor-lixocoletores-de-lixolutocarlutocar-carros","8":"pa_capacidade-100l","9":"pa_cor-amarelo","10":"pa_cor-azul","11":"pa_cor-branco","12":"pa_cor-cinza","13":"pa_cor-laranja","14":"pa_cor-marrom","15":"pa_cor-preto","16":"pa_cor-verde","17":"pa_cor-vermelho","18":"pa_material-pp-polipropileno-ou-pead-polietileno-de-alta-densidade","19":"pa_modelo-lutocar-plasticos-100l","22":"instock","23":"product-type-simple"},"acf":[],"_links":{"self":[{"href":"https:\/\/atimilplast.com.br\/loja\/wp-json\/wp\/v2\/product\/6690","targetHints":{"allow":["GET"]}}],"collection":[{"href":"https:\/\/atimilplast.com.br\/loja\/wp-json\/wp\/v2\/product"}],"about":[{"href":"https:\/\/atimilplast.com.br\/loja\/wp-json\/wp\/v2\/types\/product"}],"version-history":[{"count":5,"href":"https:\/\/atimilplast.com.br\/loja\/wp-json\/wp\/v2\/product\/6690\/revisions"}],"predecessor-version":[{"id":9231,"href":"https:\/\/atimilplast.com.br\/loja\/wp-json\/wp\/v2\/product\/6690\/revisions\/9231"}],"wp:featuredmedia":[{"embeddable":true,"href":"https:\/\/atimilplast.com.br\/loja\/wp-json\/wp\/v2\/media\/6692"}],"wp:attachment":[{"href":"https:\/\/atimilplast.com.br\/loja\/wp-json\/wp\/v2\/media?parent=6690"}],"wp:term":[{"taxonomy":"descricao","embeddable":true,"href":"https:\/\/atimilplast.com.br\/loja\/wp-json\/wp\/v2\/descricao?post=6690"},{"taxonomy":"product_brand","embeddable":true,"href":"https:\/\/atimilplast.com.br\/loja\/wp-json\/wp\/v2\/product_brand?post=6690"},{"taxonomy":"product_cat","embeddable":true,"href":"https:\/\/atimilplast.com.br\/loja\/wp-json\/wp\/v2\/product_cat?post=6690"},{"taxonomy":"product_tag","embeddable":true,"href":"https:\/\/atimilplast.com.br\/loja\/wp-json\/wp\/v2\/product_tag?post=6690"}],"curies":[{"name":"wp","href":"https:\/\/api.w.org\/{rel}","templated":true}]}}