{"id":6693,"date":"2020-05-12T03:34:39","date_gmt":"2020-05-12T03:34:39","guid":{"rendered":"https:\/\/atimil.efetivou.com\/product\/carrinho-coletor-de-lixo-de-360-litros\/"},"modified":"2025-06-11T15:16:36","modified_gmt":"2025-06-11T18:16:36","slug":"carrinho-coletor-de-lixo-de-360-litros","status":"publish","type":"product","link":"https:\/\/atimilplast.com.br\/loja\/produtos\/carrinhos-coletores-de-lixos\/carrinho-coletor-de-lixo-de-360-litros\/","title":{"rendered":"Carrinho Coletor de Lixo de 360 Litros"},"content":{"rendered":"<p>Carrinho Coletor de Lixo 360 Litros \u00e9 fabricado em Polietileno de Alta Densidade (PEAD) ou Polietileno de M\u00e9dia Densidade (PEMD).<\/p>\n<p>Nossos carros coletores de 360 L s\u00e3o rotomoldados em m\u00e1quinas de alta tecnologia e respeitando as principais normas vigentes da Ag\u00eancia Nacional de Vigil\u00e2ncia Sanit\u00e1ria (ANVISA).<\/p>\n<p>Resistentes aos impactos, aos raios ultravioleta e \u00e0s repetidas lavagens, o Carrinho Coletor 360 Litros garante seguran\u00e7a, confiabilidade e durabilidade aos nossos clientes em raz\u00e3o do alto padr\u00e3o de qualidade e resist\u00eancia com que \u00e9 produzido.<\/p>\n<p>Dotados de material de alta resist\u00eancia e durabilidade, tem excelente custo-benef\u00edcio e atende a todos os requisitos de seguran\u00e7a e confiabilidade para os nossos clientes.<\/p>\n<p>Foram criados em diferentes cores, para o descarte correto de diversos tipos de materiais. As cores s\u00e3o associadas \u00e0 coleta de res\u00edduos pl\u00e1sticos, pap\u00e9is, vidros, metais, radioativos, org\u00e2nicos, n\u00e3o recicl\u00e1veis, etc.<\/p>\n<p>\u00c9 fabricado nas cores verde, azul, vermelho, amarelo, cinza, laranja, preta, branca e marrom.<\/p>\n<p>Estes Carros Coletores t\u00eam capacidade para armazenar 360 litros ou 150 kg de lixo, s\u00e3o dotados de rodas de borracha com 300mm de di\u00e2metro e eixo refor\u00e7ado.<\/p>\n<p>S\u00c3O INDICADAS PARA:<\/p>\n<p>Coleta urbana<br \/>\nColeta seletiva<br \/>\nRes\u00edduos industriais e hospitalares<br \/>\nPara empresas de coleta<br \/>\nShoppings, condom\u00ednios<br \/>\nEscolas e universidades<br \/>\nEstabelecimentos comerciais e industriais.<\/p>\n","protected":false},"excerpt":{"rendered":"<p>Carrinho Coletor de Lixo 360 Litros \u00e9 fabricado em Polietileno de Alta Densidade (PEAD) ou Polietileno de M\u00e9dia Densidade (PEMD).<\/p>\n","protected":false},"featured_media":6695,"template":"","meta":{"_acf_changed":false},"descricao":[],"product_brand":[],"product_cat":[15],"product_tag":[],"class_list":{"0":"post-6693","1":"product","2":"type-product","3":"status-publish","4":"has-post-thumbnail","6":"product_cat-carrinhos-coletores-de-lixos","7":"pa_capacidade-360l","8":"pa_cor-amarelo","9":"pa_cor-azul","10":"pa_cor-branco","11":"pa_cor-cinza","12":"pa_cor-laranja","13":"pa_cor-marrom","14":"pa_cor-preto","15":"pa_cor-verde","16":"pa_cor-vermelho","17":"pa_material-pead-polietileno-de-alta-densidade-ou-polietileno-de-media-densidade-pemd","18":"pa_modelo-coletor-360l","21":"instock","22":"product-type-simple"},"acf":[],"_links":{"self":[{"href":"https:\/\/atimilplast.com.br\/loja\/wp-json\/wp\/v2\/product\/6693","targetHints":{"allow":["GET"]}}],"collection":[{"href":"https:\/\/atimilplast.com.br\/loja\/wp-json\/wp\/v2\/product"}],"about":[{"href":"https:\/\/atimilplast.com.br\/loja\/wp-json\/wp\/v2\/types\/product"}],"version-history":[{"count":5,"href":"https:\/\/atimilplast.com.br\/loja\/wp-json\/wp\/v2\/product\/6693\/revisions"}],"predecessor-version":[{"id":8668,"href":"https:\/\/atimilplast.com.br\/loja\/wp-json\/wp\/v2\/product\/6693\/revisions\/8668"}],"wp:featuredmedia":[{"embeddable":true,"href":"https:\/\/atimilplast.com.br\/loja\/wp-json\/wp\/v2\/media\/6695"}],"wp:attachment":[{"href":"https:\/\/atimilplast.com.br\/loja\/wp-json\/wp\/v2\/media?parent=6693"}],"wp:term":[{"taxonomy":"descricao","embeddable":true,"href":"https:\/\/atimilplast.com.br\/loja\/wp-json\/wp\/v2\/descricao?post=6693"},{"taxonomy":"product_brand","embeddable":true,"href":"https:\/\/atimilplast.com.br\/loja\/wp-json\/wp\/v2\/product_brand?post=6693"},{"taxonomy":"product_cat","embeddable":true,"href":"https:\/\/atimilplast.com.br\/loja\/wp-json\/wp\/v2\/product_cat?post=6693"},{"taxonomy":"product_tag","embeddable":true,"href":"https:\/\/atimilplast.com.br\/loja\/wp-json\/wp\/v2\/product_tag?post=6693"}],"curies":[{"name":"wp","href":"https:\/\/api.w.org\/{rel}","templated":true}]}}