{"id":6708,"date":"2020-05-12T15:47:31","date_gmt":"2020-05-12T15:47:31","guid":{"rendered":"https:\/\/atimil.efetivou.com\/product\/carro-cuba-430-litros-com-estrutura-metalica\/"},"modified":"2025-06-11T15:16:36","modified_gmt":"2025-06-11T18:16:36","slug":"carro-cuba-430-litros-com-estrutura-metalica","status":"publish","type":"product","link":"https:\/\/atimilplast.com.br\/loja\/produtos\/carros-cuba\/carro-cuba-430-litros-com-estrutura-metalica\/","title":{"rendered":"Carro Cuba 430 Litros &#8211; Com Estrutura Met\u00e1lica"},"content":{"rendered":"<p>O Carro Cuba 430 Litros Com Estrutura Met\u00e1lica \u00e9 fabricado em Polietileno de M\u00e9dia ou Alta Densidade (PEMD ou PEAD), garantindo aos nossos clientes os requisitos de seguran\u00e7a e confiabilidade em raz\u00e3o do material de alta qualidade, resist\u00eancia e durabilidade.<\/p>\n<p>Resistente ao impacto e \u00e0 tra\u00e7\u00e3o, os Carros Cuba possuem prote\u00e7\u00e3o contra raios ultravioleta e contem um aditivo extra antioxidante, o que lhe garante n\u00edveis de prote\u00e7\u00e3o classe 8 \u2013 UV 8, da American Society for Testing and Materials (ASTM), em conformidade com a norma EN840.<\/p>\n<p>O Carros Cubas de Pl\u00e1stico 430L com Estrutura Met\u00e1lica contam com 2 rod\u00edzios fixos e rodas de PVC com 125mm de di\u00e2metro e 2 rod\u00edzios girat\u00f3rios com placa de fixa\u00e7\u00e3o, al\u00e9m de conter um dreno para escoamento de l\u00edquidos.<\/p>\n<p>Fabricados nas cores branco e cinza, hospitais e hot\u00e9is e s\u00e3o ideais para a coleta e transporte de lixo recicl\u00e1vel, materiais infectantes e hospitalares e res\u00edduos secos ou \u00famidos.<\/p>\n<p>Os carros cuba s\u00e3o extremamente higi\u00eanicos e pr\u00e1ticos para o dia a dia das ind\u00fastrias. S\u00e3o grandes, largos e profundos, coletando uma grande quantidade de lixo e de qualquer outro tipo de produto que precise ser armazenado por um determinado tempo.<\/p>\n<p>S\u00c3O INDICADOS PARA:<\/p>\n<p>Hot\u00e9is<br \/>\nHospitais<br \/>\nCl\u00ednicas em geral<br \/>\nShoppings<br \/>\nLavanderias<br \/>\nRestaurantes e Lanchonetes<br \/>\nCondom\u00ednios<br \/>\nInd\u00fastrias em geral<\/p>\n","protected":false},"excerpt":{"rendered":"<p>Carro Cuba 430 Litros Com Estrutura Met\u00e1lica \u00e9 fabricado em Polietileno de M\u00e9dia ou Alta Densidade (PEMD ou PEAD)<\/p>\n","protected":false},"featured_media":6710,"template":"","meta":{"_acf_changed":false},"descricao":[],"product_brand":[],"product_cat":[100],"product_tag":[],"class_list":{"0":"post-6708","1":"product","2":"type-product","3":"status-publish","4":"has-post-thumbnail","6":"product_cat-carros-cuba","7":"pa_capacidade-430l","8":"pa_cor-branco","9":"pa_cor-cinza","10":"pa_material-polietileno-de-alta-densidade-pead-ou-polietileno-de-media-densidade-pemd","11":"pa_modelo-carro-cuba-430-litros-com-estrutura-metalica","14":"instock","15":"product-type-simple"},"acf":[],"_links":{"self":[{"href":"https:\/\/atimilplast.com.br\/loja\/wp-json\/wp\/v2\/product\/6708","targetHints":{"allow":["GET"]}}],"collection":[{"href":"https:\/\/atimilplast.com.br\/loja\/wp-json\/wp\/v2\/product"}],"about":[{"href":"https:\/\/atimilplast.com.br\/loja\/wp-json\/wp\/v2\/types\/product"}],"version-history":[{"count":4,"href":"https:\/\/atimilplast.com.br\/loja\/wp-json\/wp\/v2\/product\/6708\/revisions"}],"predecessor-version":[{"id":8663,"href":"https:\/\/atimilplast.com.br\/loja\/wp-json\/wp\/v2\/product\/6708\/revisions\/8663"}],"wp:featuredmedia":[{"embeddable":true,"href":"https:\/\/atimilplast.com.br\/loja\/wp-json\/wp\/v2\/media\/6710"}],"wp:attachment":[{"href":"https:\/\/atimilplast.com.br\/loja\/wp-json\/wp\/v2\/media?parent=6708"}],"wp:term":[{"taxonomy":"descricao","embeddable":true,"href":"https:\/\/atimilplast.com.br\/loja\/wp-json\/wp\/v2\/descricao?post=6708"},{"taxonomy":"product_brand","embeddable":true,"href":"https:\/\/atimilplast.com.br\/loja\/wp-json\/wp\/v2\/product_brand?post=6708"},{"taxonomy":"product_cat","embeddable":true,"href":"https:\/\/atimilplast.com.br\/loja\/wp-json\/wp\/v2\/product_cat?post=6708"},{"taxonomy":"product_tag","embeddable":true,"href":"https:\/\/atimilplast.com.br\/loja\/wp-json\/wp\/v2\/product_tag?post=6708"}],"curies":[{"name":"wp","href":"https:\/\/api.w.org\/{rel}","templated":true}]}}