{"id":6726,"date":"2020-05-12T18:40:02","date_gmt":"2020-05-12T18:40:02","guid":{"rendered":"https:\/\/atimil.efetivou.com\/product\/cesto-de-lixo-60-litros-redondo\/"},"modified":"2025-06-11T15:16:37","modified_gmt":"2025-06-11T18:16:37","slug":"cesto-de-lixo-60-litros-redondo","status":"publish","type":"product","link":"https:\/\/atimilplast.com.br\/loja\/produtos\/cesto-de-lixo\/cesto-de-lixo-60-litros-redondo\/","title":{"rendered":"Cesto de Lixo 60 Litros Redondo"},"content":{"rendered":"<p>Os Cestos de Lixo 60 Litros Redondo s\u00e3o fabricados em Polipropileno (PP) ou Polietileno de Alta Densidade (PEAD).<\/p>\n<p>Nossos Cestos de Lixo 60 L s\u00e3o injetados em m\u00e1quinas de alta tecnologia e respeitando as principais normas vigentes da Ag\u00eancia Nacional de Vigil\u00e2ncia Sanit\u00e1ria (ANVISA).<\/p>\n<p>Produzidos com um material qualificado e de alto impacto, os Cestos de Lixo 60 Litros Redondo podem ser facilmente empilhados sem que seu formato seja alterado ou prejudicado, o que facilita o transporte e o armazenamento.<\/p>\n<p>\u00c9 leve, at\u00f3xico e a proced\u00eancia da mat\u00e9ria prima utilizada lhe confere resist\u00eancia e durabilidade.<\/p>\n<p>S\u00e3o resistentes \u00e0 impactos, aos raios ultravioletas e \u00e0s repetidas lavagens.<\/p>\n<p>Com excelente custo-benef\u00edcio, atende a todos os requisitos de seguran\u00e7a e confiabilidade para os nossos clientes.<\/p>\n<p>Foram criados em diferentes cores, para o descarte correto de diversos tipos de materiais. As cores s\u00e3o associadas \u00e0 coleta de res\u00edduos pl\u00e1sticos, pap\u00e9is, vidros, metais, radioativos, org\u00e2nicos, n\u00e3o recicl\u00e1veis, etc.<\/p>\n<p>Todas as nossos cestos est\u00e3o dispon\u00edveis nas cores vermelha, verde, preto, marrom, laranja, cinza, branco, azul e amarelo.<\/p>\n<p>S\u00c3O INDICADOS PARA:<\/p>\n<p>\u2022 Clubes, academias, escolas e universidades;<br \/>\n\u2022 Restaurantes, lanchonetes, cozinhas industriais;<br \/>\n\u2022 Shoppings e estabelecimentos comerciais;<br \/>\n\u2022 Farm\u00e1cias, postos de sa\u00fade e hospitais;<br \/>\n\u2022 Ideal para uso dom\u00e9stico.<\/p>\n","protected":false},"excerpt":{"rendered":"<p>Os Cestos de Lixo 60 Litros Redondo s\u00e3o fabricados em Polipropileno (PP) ou Polietileno de Alta Densidade (PEAD).<\/p>\n","protected":false},"featured_media":6728,"template":"","meta":{"_acf_changed":false},"descricao":[],"product_brand":[],"product_cat":[101],"product_tag":[102],"class_list":{"0":"post-6726","1":"product","2":"type-product","3":"status-publish","4":"has-post-thumbnail","6":"product_cat-cesto-de-lixo","7":"product_tag-cesto-de-lixocesto-de-lixo-60-litroscesto-para-lixocesto-redondocestos-para-coleta-seletivacestos-plasticos-redondosempresa-que-vende-cesto-de-lixolixeira-para-coleta-seletiva","8":"pa_cor-amarelo","9":"pa_cor-azul","10":"pa_cor-branco","11":"pa_cor-cinza","12":"pa_cor-laranja","13":"pa_cor-marrom","14":"pa_cor-preto","15":"pa_cor-verde","16":"pa_cor-vermelho","17":"pa_material-polietileno-de-alta-densidade-pead-ou-polipropileno-pp","18":"pa_modelo-cesto-60l-com-tampa","21":"instock","22":"product-type-simple"},"acf":[],"_links":{"self":[{"href":"https:\/\/atimilplast.com.br\/loja\/wp-json\/wp\/v2\/product\/6726","targetHints":{"allow":["GET"]}}],"collection":[{"href":"https:\/\/atimilplast.com.br\/loja\/wp-json\/wp\/v2\/product"}],"about":[{"href":"https:\/\/atimilplast.com.br\/loja\/wp-json\/wp\/v2\/types\/product"}],"version-history":[{"count":4,"href":"https:\/\/atimilplast.com.br\/loja\/wp-json\/wp\/v2\/product\/6726\/revisions"}],"predecessor-version":[{"id":8657,"href":"https:\/\/atimilplast.com.br\/loja\/wp-json\/wp\/v2\/product\/6726\/revisions\/8657"}],"wp:featuredmedia":[{"embeddable":true,"href":"https:\/\/atimilplast.com.br\/loja\/wp-json\/wp\/v2\/media\/6728"}],"wp:attachment":[{"href":"https:\/\/atimilplast.com.br\/loja\/wp-json\/wp\/v2\/media?parent=6726"}],"wp:term":[{"taxonomy":"descricao","embeddable":true,"href":"https:\/\/atimilplast.com.br\/loja\/wp-json\/wp\/v2\/descricao?post=6726"},{"taxonomy":"product_brand","embeddable":true,"href":"https:\/\/atimilplast.com.br\/loja\/wp-json\/wp\/v2\/product_brand?post=6726"},{"taxonomy":"product_cat","embeddable":true,"href":"https:\/\/atimilplast.com.br\/loja\/wp-json\/wp\/v2\/product_cat?post=6726"},{"taxonomy":"product_tag","embeddable":true,"href":"https:\/\/atimilplast.com.br\/loja\/wp-json\/wp\/v2\/product_tag?post=6726"}],"curies":[{"name":"wp","href":"https:\/\/api.w.org\/{rel}","templated":true}]}}