{"id":6777,"date":"2020-05-13T04:53:33","date_gmt":"2020-05-13T04:53:33","guid":{"rendered":"https:\/\/atimil.efetivou.com\/product\/container-de-lixo-500-litros-com-pedal\/"},"modified":"2025-06-11T15:16:38","modified_gmt":"2025-06-11T18:16:38","slug":"container-de-lixo-500-litros-com-pedal","status":"publish","type":"product","link":"https:\/\/atimilplast.com.br\/loja\/produtos\/container-de-lixo-com-pedal\/container-de-lixo-500-litros-com-pedal\/","title":{"rendered":"Container de Lixo 500 Litros Com Pedal"},"content":{"rendered":"<p>O Container de Lixo 500 Litros Com Pedal \u00e9 fabricado em Polietileno de M\u00e9dia ou Alta Densidade (PEMD ou PEAD) 100% virgem, garantindo aos nossos clientes os requisitos de seguran\u00e7a e confiabilidade em raz\u00e3o do material de alta qualidade, resist\u00eancia e durabilidade.<\/p>\n<p>Resistentes ao impacto e \u00e0 tra\u00e7\u00e3o, o Container de Lixo 500 Litros Com Pedal possui prote\u00e7\u00e3o contra raios ultravioleta e cont\u00eam um aditivo extra antioxidante, o que lhe garante n\u00edveis de prote\u00e7\u00e3o classe 8 \u2013 UV 8, da American Society for Testing and Materials (ASTM), em conformidade com a norma EN840.<\/p>\n<p>T\u00eam capacidade para 500L e contam com rodas de PVC com 150mm de di\u00e2metro e n\u00facleo de polipropileno (PP). Possuem 4 rod\u00edzios girat\u00f3rios, sendo 2 com freios, e garfos em a\u00e7o com tratamento anticorrosivo, o que lhes garante excelente custo-benef\u00edcio.<\/p>\n<p>O Container de Lixo com Pedal 500L possui ainda munh\u00e3o para basculamento lateral em caminh\u00f5es de coleta urbana, refor\u00e7o em chapa de a\u00e7o e dreno com tampa rosque\u00e1vel para escoamento de l\u00edquidos.<\/p>\n<p>Foram criados em diferentes cores, para o descarte correto de diversos tipos de materiais. As cores s\u00e3o associadas \u00e0 coleta de res\u00edduos pl\u00e1sticos, pap\u00e9is, vidros, metais, radioativos, org\u00e2nicos, n\u00e3o recicl\u00e1veis, etc.<\/p>\n<p>\u00c9 fabricado nas cores verde, azul, vermelho, amarelo, cinza, laranja, preta, branca e marrom.<\/p>\n<p>S\u00c3O INDICADAS PARA:<\/p>\n<p>Coleta seletiva;<br \/>\nColeta urbana;<br \/>\nPara empresas de coleta;<br \/>\nCondom\u00ednios e shoppings;<br \/>\nRes\u00edduos industriais e hospitalares;<br \/>\nEstabelecimentos comerciais e industriais.<\/p>\n","protected":false},"excerpt":{"rendered":"<p>Container de Lixo 500 Litros Com Pedal \u00e9 fabricado em Polietileno de M\u00e9dia ou Alta Densidade (PEMD ou PEAD) 100% virgem,<\/p>\n","protected":false},"featured_media":6779,"template":"","meta":{"_acf_changed":false},"descricao":[],"product_brand":[],"product_cat":[330,103],"product_tag":[],"class_list":{"0":"post-6777","1":"product","2":"type-product","3":"status-publish","4":"has-post-thumbnail","6":"product_cat-container-de-lixo-com-pedal","7":"product_cat-containers-de-lixo","8":"pa_capacidade-500l","9":"pa_cor-amarelo","10":"pa_cor-azul","11":"pa_cor-branco","12":"pa_cor-cinza","13":"pa_cor-laranja","14":"pa_cor-marrom","15":"pa_cor-preto","16":"pa_cor-verde","17":"pa_cor-vermelho","18":"pa_material-polietileno-de-alta-densidade-pead-ou-polietileno-de-media-densidade-pemd","19":"pa_modelo-container-500l-c-pedal","22":"instock","23":"product-type-simple"},"acf":[],"_links":{"self":[{"href":"https:\/\/atimilplast.com.br\/loja\/wp-json\/wp\/v2\/product\/6777","targetHints":{"allow":["GET"]}}],"collection":[{"href":"https:\/\/atimilplast.com.br\/loja\/wp-json\/wp\/v2\/product"}],"about":[{"href":"https:\/\/atimilplast.com.br\/loja\/wp-json\/wp\/v2\/types\/product"}],"version-history":[{"count":5,"href":"https:\/\/atimilplast.com.br\/loja\/wp-json\/wp\/v2\/product\/6777\/revisions"}],"predecessor-version":[{"id":8642,"href":"https:\/\/atimilplast.com.br\/loja\/wp-json\/wp\/v2\/product\/6777\/revisions\/8642"}],"wp:featuredmedia":[{"embeddable":true,"href":"https:\/\/atimilplast.com.br\/loja\/wp-json\/wp\/v2\/media\/6779"}],"wp:attachment":[{"href":"https:\/\/atimilplast.com.br\/loja\/wp-json\/wp\/v2\/media?parent=6777"}],"wp:term":[{"taxonomy":"descricao","embeddable":true,"href":"https:\/\/atimilplast.com.br\/loja\/wp-json\/wp\/v2\/descricao?post=6777"},{"taxonomy":"product_brand","embeddable":true,"href":"https:\/\/atimilplast.com.br\/loja\/wp-json\/wp\/v2\/product_brand?post=6777"},{"taxonomy":"product_cat","embeddable":true,"href":"https:\/\/atimilplast.com.br\/loja\/wp-json\/wp\/v2\/product_cat?post=6777"},{"taxonomy":"product_tag","embeddable":true,"href":"https:\/\/atimilplast.com.br\/loja\/wp-json\/wp\/v2\/product_tag?post=6777"}],"curies":[{"name":"wp","href":"https:\/\/api.w.org\/{rel}","templated":true}]}}