{"id":6801,"date":"2020-05-13T06:20:45","date_gmt":"2020-05-13T06:20:45","guid":{"rendered":"https:\/\/atimil.efetivou.com\/product\/estrados-de-plastico-com-prolongador-40cm-x-40cm\/"},"modified":"2025-06-11T15:16:38","modified_gmt":"2025-06-11T18:16:38","slug":"estrados-de-plastico-com-prolongador-40cm-x-40cm","status":"publish","type":"product","link":"https:\/\/atimilplast.com.br\/loja\/produtos\/estrados-de-plasticos\/estrados-de-plastico-com-prolongador-40cm-x-40cm\/","title":{"rendered":"Estrados de Pl\u00e1stico Com Prolongador 40cm X 40cm"},"content":{"rendered":"<p>Os Estrados de Pl\u00e1stico com Prolongador 40cm x 40cm s\u00e3o fabricados em Polietileno de Alta Densidade (PEAD) ou Polipropileno (PP).<\/p>\n<p>Todos os nossos estrados e pisos pl\u00e1sticos atendem a todas as normas vigentes da Ag\u00eancia Nacional de Vigil\u00e2ncia Sanit\u00e1ria (ANVISA).<\/p>\n<p>Com capacidade para 2 ton\/m\u00b2, os estrados de pl\u00e1stico com prolongador s\u00e3o extremamente resistentes e dur\u00e1veis.<\/p>\n<p>Modulares e de montagem simples pelo sistema de encaixe macho-f\u00eamea, os Estrados de Pl\u00e1stico podem ser encaixados lado a lado para cobrirem a \u00e1rea desejada.<\/p>\n<p>Antiderrapantes e resistentes, os estrados s\u00e3o indicados para utiliza\u00e7\u00e3o em locais \u00famidos onde h\u00e1 grande fluxo de circula\u00e7\u00e3o de pessoas.<\/p>\n<p>Seu material de alta resist\u00eancia, al\u00e9m de seu design, permite que a \u00e1gua escorra entre as suas calhas, mantendo sua qualidade, inclusive diante da a\u00e7\u00e3o de \u00e1cidos, gorduras, solventes e odores.<\/p>\n<p>Os estrados de pl\u00e1stico podem ser submetidos \u00e0 in\u00fameras lavagens sem que haja o risco de danos ou deformidades.<\/p>\n<p>A limpeza \u00e9 simples e eficaz para reutiliza\u00e7\u00e3o.<\/p>\n<p>UTILIZA\u00c7\u00d5ES:<\/p>\n<p>Os Estrados de Pl\u00e1stico Com Prolongadores s\u00e3o utilizados para forrar ambientes e evitar o contato direto com o solo.<\/p>\n<p>Podem ser usados em \u00e1reas permanentemente \u00famidas, ou por exemplo:<\/p>\n<p>Vesti\u00e1rios, saunas e banheiros de clubes e academias<br \/>\nEscolas e universidades<br \/>\nC\u00e2maras frias<br \/>\nCaminh\u00f5es ba\u00fa<br \/>\nPet shops e ber\u00e7\u00e1rio de animais<br \/>\nRestaurantes<br \/>\nHospitais<br \/>\nInd\u00fastrias aliment\u00edcia e qu\u00edmica, etc.<br \/>\nFabricados nas cores preto, branco, cinza e virgem.<\/p>\n<p>Podem ser armazenados com facilidade ocupando pouco espa\u00e7o.<\/p>\n","protected":false},"excerpt":{"rendered":"<p>Os Estrados de Pl\u00e1stico com Prolongador 40cm x 40cm s\u00e3o fabricados em Polietileno de Alta Densidade (PEAD) ou Polipropileno (PP).<\/p>\n","protected":false},"featured_media":6803,"template":"","meta":{"_acf_changed":false},"descricao":[],"product_brand":[],"product_cat":[307],"product_tag":[],"class_list":{"0":"post-6801","1":"product","2":"type-product","3":"status-publish","4":"has-post-thumbnail","6":"product_cat-estrados-de-plasticos","7":"pa_cor-branco","8":"pa_cor-cinza","9":"pa_cor-preto","10":"pa_cor-virgem","11":"pa_material-pead-polietileno-de-alta-densidade-ou-pp-polipropileno","12":"pa_modelo-estrado-plastico-com-prolongador-40-x-40-x-13cm","15":"instock","16":"product-type-simple"},"acf":[],"_links":{"self":[{"href":"https:\/\/atimilplast.com.br\/loja\/wp-json\/wp\/v2\/product\/6801","targetHints":{"allow":["GET"]}}],"collection":[{"href":"https:\/\/atimilplast.com.br\/loja\/wp-json\/wp\/v2\/product"}],"about":[{"href":"https:\/\/atimilplast.com.br\/loja\/wp-json\/wp\/v2\/types\/product"}],"version-history":[{"count":5,"href":"https:\/\/atimilplast.com.br\/loja\/wp-json\/wp\/v2\/product\/6801\/revisions"}],"predecessor-version":[{"id":9222,"href":"https:\/\/atimilplast.com.br\/loja\/wp-json\/wp\/v2\/product\/6801\/revisions\/9222"}],"wp:featuredmedia":[{"embeddable":true,"href":"https:\/\/atimilplast.com.br\/loja\/wp-json\/wp\/v2\/media\/6803"}],"wp:attachment":[{"href":"https:\/\/atimilplast.com.br\/loja\/wp-json\/wp\/v2\/media?parent=6801"}],"wp:term":[{"taxonomy":"descricao","embeddable":true,"href":"https:\/\/atimilplast.com.br\/loja\/wp-json\/wp\/v2\/descricao?post=6801"},{"taxonomy":"product_brand","embeddable":true,"href":"https:\/\/atimilplast.com.br\/loja\/wp-json\/wp\/v2\/product_brand?post=6801"},{"taxonomy":"product_cat","embeddable":true,"href":"https:\/\/atimilplast.com.br\/loja\/wp-json\/wp\/v2\/product_cat?post=6801"},{"taxonomy":"product_tag","embeddable":true,"href":"https:\/\/atimilplast.com.br\/loja\/wp-json\/wp\/v2\/product_tag?post=6801"}],"curies":[{"name":"wp","href":"https:\/\/api.w.org\/{rel}","templated":true}]}}