{"id":6804,"date":"2020-05-13T06:58:31","date_gmt":"2020-05-13T06:58:31","guid":{"rendered":"https:\/\/atimil.efetivou.com\/product\/lixeira-papeleira-com-suporte-50-litros\/"},"modified":"2025-06-11T15:16:39","modified_gmt":"2025-06-11T18:16:39","slug":"lixeira-papeleira-com-suporte-50-litros","status":"publish","type":"product","link":"https:\/\/atimilplast.com.br\/loja\/produtos\/lixeiras\/lixeiras-papeleiras-50l\/lixeira-papeleira-com-suporte-50-litros\/","title":{"rendered":"Lixeira Papeleira Com Suporte 50 Litros"},"content":{"rendered":"<p>A Lixeira Papeleira Com Suporte 50 Litros \u00e9 fabricada em Polietileno de Alta Densidade (PEAD) ou Polipropileno (PP).<\/p>\n<p>Nosso processo de fabrica\u00e7\u00e3o com alto padr\u00e3o de tecnologia e qualidade atendem as principais normas vigentes da ANVISA.<\/p>\n<p>Resistentes ao impacto, aos raios ultravioletas e \u00e0s repetidas lavagens a que s\u00e3o submetidas, as Lixeiras Papeleiras Com Suporte 50L s\u00e3o de f\u00e1cil instala\u00e7\u00e3o e possuem sistema de fechadura e chave para manter a lixeira fixa.<\/p>\n<p>Na lixeira papeleira, a tampa da lixeira permanece fixa no local instalado, permitindo a f\u00e1cil remo\u00e7\u00e3o do seu corpo.<\/p>\n<p>As Lixeiras Papeleiras Com Suporte 50L s\u00e3o fabricadas nas cores verde, azul, vermelho, amarelo, cinza, laranja, preta, branca e marrom.<\/p>\n<p>De f\u00e1cil higieniza\u00e7\u00e3o, dispensa o uso de sacos de lixo e seu material garante seguran\u00e7a, durabilidade e o melhor custo-benef\u00edcio do mercado.<\/p>\n<p>S\u00c3O INDICADAS PARA:<\/p>\n<p>Coleta urbana<br \/>\nColeta seletiva<br \/>\nRes\u00edduos industriais e hospitalares<br \/>\nPara empresas de coleta<br \/>\nShoppings, condom\u00ednios<br \/>\nEstabelecimentos comerciais e industriais.<br \/>\nATEN\u00c7\u00c3O:<\/p>\n<p>* Na coleta urbana, as lixeiras ser\u00e3o fixadas no poste de energia e ser\u00e1 necess\u00e1ria a utiliza\u00e7\u00e3o de uma cinta met\u00e1lica. Quando forem fixadas em paredes, o suporte ser\u00e1 necess\u00e1rio para que a tampa possa ser aberta corretamente.<\/p>\n<p>* Suporte de pl\u00e1stico POM (Poliacetal) ou Met\u00e1lico.<\/p>\n<p>*Acompanha placa \u201cApague Cigarro\u201d em a\u00e7o galvanizado.<\/p>\n<p>* Adesivos vendidos separadamente.<\/p>\n","protected":false},"excerpt":{"rendered":"<p>Lixeira Papeleira Com Suporte 50 Litros \u00e9 fabricada em Polietileno de Alta Densidade (PEAD) ou Polipropileno (PP).<\/p>\n","protected":false},"featured_media":6806,"template":"","meta":{"_acf_changed":false},"descricao":[],"product_brand":[],"product_cat":[93,407],"product_tag":[],"class_list":{"0":"post-6804","1":"product","2":"type-product","3":"status-publish","4":"has-post-thumbnail","6":"product_cat-lixeiras","7":"product_cat-lixeiras-papeleiras-50l","8":"pa_cor-amarelo","9":"pa_cor-azul","10":"pa_cor-branco","11":"pa_cor-cinza","12":"pa_cor-laranja","13":"pa_cor-marrom","14":"pa_cor-preto","15":"pa_cor-verde","16":"pa_cor-vermelho","17":"pa_cor-virgem","18":"pa_material-polietileno-de-alta-densidade-pead-ou-polipropileno-pp","19":"pa_modelo-lixeira-papeleira-50l","22":"instock","23":"product-type-simple"},"acf":[],"_links":{"self":[{"href":"https:\/\/atimilplast.com.br\/loja\/wp-json\/wp\/v2\/product\/6804","targetHints":{"allow":["GET"]}}],"collection":[{"href":"https:\/\/atimilplast.com.br\/loja\/wp-json\/wp\/v2\/product"}],"about":[{"href":"https:\/\/atimilplast.com.br\/loja\/wp-json\/wp\/v2\/types\/product"}],"version-history":[{"count":4,"href":"https:\/\/atimilplast.com.br\/loja\/wp-json\/wp\/v2\/product\/6804\/revisions"}],"predecessor-version":[{"id":8633,"href":"https:\/\/atimilplast.com.br\/loja\/wp-json\/wp\/v2\/product\/6804\/revisions\/8633"}],"wp:featuredmedia":[{"embeddable":true,"href":"https:\/\/atimilplast.com.br\/loja\/wp-json\/wp\/v2\/media\/6806"}],"wp:attachment":[{"href":"https:\/\/atimilplast.com.br\/loja\/wp-json\/wp\/v2\/media?parent=6804"}],"wp:term":[{"taxonomy":"descricao","embeddable":true,"href":"https:\/\/atimilplast.com.br\/loja\/wp-json\/wp\/v2\/descricao?post=6804"},{"taxonomy":"product_brand","embeddable":true,"href":"https:\/\/atimilplast.com.br\/loja\/wp-json\/wp\/v2\/product_brand?post=6804"},{"taxonomy":"product_cat","embeddable":true,"href":"https:\/\/atimilplast.com.br\/loja\/wp-json\/wp\/v2\/product_cat?post=6804"},{"taxonomy":"product_tag","embeddable":true,"href":"https:\/\/atimilplast.com.br\/loja\/wp-json\/wp\/v2\/product_tag?post=6804"}],"curies":[{"name":"wp","href":"https:\/\/api.w.org\/{rel}","templated":true}]}}