{"id":6816,"date":"2020-05-14T00:18:54","date_gmt":"2020-05-14T00:18:54","guid":{"rendered":"https:\/\/atimil.efetivou.com\/product\/lixeira-basculante-15-litros\/"},"modified":"2025-06-11T15:16:40","modified_gmt":"2025-06-11T18:16:40","slug":"lixeira-basculante-15-litros","status":"publish","type":"product","link":"https:\/\/atimilplast.com.br\/loja\/produtos\/lixeiras\/lixeiras-basculantes\/lixeira-basculante-15-litros\/","title":{"rendered":"Lixeira Basculante 15 Litros"},"content":{"rendered":"<p>Lixeira Basculante 15 Litros \u00e9 fabricada em Polipropileno (PP) ou Polietileno de Alta Densidade (PEAD).<\/p>\n<p>Nossas lixeiras basculantes de 15L s\u00e3o injetadas em m\u00e1quinas de alta tecnologia e respeitando as principais normas vigentes da Ag\u00eancia Nacional de Vigil\u00e2ncia Sanit\u00e1ria (ANVISA).<\/p>\n<p>Produzida com um material qualificado e de alto impacto, a Lixeira Basculante 15L pode ser facilmente empilhada sem que seu formato seja alterado ou prejudicado, o que facilita o transporte e o armazenamento.<\/p>\n<p>\u00c9 leve, at\u00f3xica e a proced\u00eancia da mat\u00e9ria prima utilizada lhe confere resist\u00eancia e durabilidade.<\/p>\n<p>S\u00e3o resistentes \u00e0 impactos, aos raios ultravioletas e \u00e0s repetidas lavagens.<\/p>\n<p>Com excelente custo-benef\u00edcio, atende a todos os requisitos de seguran\u00e7a e confiabilidade para os nossos clientes.<\/p>\n<p>Foram criadas em diferentes cores, para o descarte correto de diversos tipos de materiais. As cores s\u00e3o associadas \u00e0 coleta de res\u00edduos pl\u00e1sticos, pap\u00e9is, vidros, metais, radioativos, org\u00e2nicos, n\u00e3o recicl\u00e1veis, etc.<\/p>\n<p>Todas as nossa lixeiras est\u00e3o dispon\u00edveis nas cores vermelha, verde, preto, marrom, laranja, cinza, branco, azul e amarelo.<\/p>\n<p>S\u00c3O INDICADAS PARA:<\/p>\n<p>Escrit\u00f3rios<br \/>\nConsult\u00f3rios<br \/>\nSalas comerciais<br \/>\nColeta seletiva de res\u00edduos<br \/>\nIndicadas tamb\u00e9m para uso dom\u00e9stico.<\/p>\n","protected":false},"excerpt":{"rendered":"<p>Lixeira Basculante 15 Litros \u00e9 fabricada em Polipropileno (PP) ou Polietileno de Alta Densidade (PEAD).<\/p>\n","protected":false},"featured_media":6818,"template":"","meta":{"_acf_changed":false},"descricao":[],"product_brand":[],"product_cat":[93,310],"product_tag":[],"class_list":{"0":"post-6816","1":"product","2":"type-product","3":"status-publish","4":"has-post-thumbnail","6":"product_cat-lixeiras","7":"product_cat-lixeiras-basculantes","8":"pa_cor-amarelo","9":"pa_cor-azul","10":"pa_cor-branco","11":"pa_cor-cinza","12":"pa_cor-gradil","13":"pa_cor-laranja","14":"pa_cor-marrom","15":"pa_cor-preto","16":"pa_cor-verde","17":"pa_cor-vermelho","18":"pa_cor-virgem","19":"pa_material-polietileno-de-alta-densidade-pead-ou-polipropileno-pp","20":"pa_modelo-lixeira-15l-tampa-basculante","23":"instock","24":"product-type-simple"},"acf":[],"_links":{"self":[{"href":"https:\/\/atimilplast.com.br\/loja\/wp-json\/wp\/v2\/product\/6816","targetHints":{"allow":["GET"]}}],"collection":[{"href":"https:\/\/atimilplast.com.br\/loja\/wp-json\/wp\/v2\/product"}],"about":[{"href":"https:\/\/atimilplast.com.br\/loja\/wp-json\/wp\/v2\/types\/product"}],"version-history":[{"count":4,"href":"https:\/\/atimilplast.com.br\/loja\/wp-json\/wp\/v2\/product\/6816\/revisions"}],"predecessor-version":[{"id":8629,"href":"https:\/\/atimilplast.com.br\/loja\/wp-json\/wp\/v2\/product\/6816\/revisions\/8629"}],"wp:featuredmedia":[{"embeddable":true,"href":"https:\/\/atimilplast.com.br\/loja\/wp-json\/wp\/v2\/media\/6818"}],"wp:attachment":[{"href":"https:\/\/atimilplast.com.br\/loja\/wp-json\/wp\/v2\/media?parent=6816"}],"wp:term":[{"taxonomy":"descricao","embeddable":true,"href":"https:\/\/atimilplast.com.br\/loja\/wp-json\/wp\/v2\/descricao?post=6816"},{"taxonomy":"product_brand","embeddable":true,"href":"https:\/\/atimilplast.com.br\/loja\/wp-json\/wp\/v2\/product_brand?post=6816"},{"taxonomy":"product_cat","embeddable":true,"href":"https:\/\/atimilplast.com.br\/loja\/wp-json\/wp\/v2\/product_cat?post=6816"},{"taxonomy":"product_tag","embeddable":true,"href":"https:\/\/atimilplast.com.br\/loja\/wp-json\/wp\/v2\/product_tag?post=6816"}],"curies":[{"name":"wp","href":"https:\/\/api.w.org\/{rel}","templated":true}]}}