{"id":6822,"date":"2020-05-14T00:51:56","date_gmt":"2020-05-14T00:51:56","guid":{"rendered":"https:\/\/atimil.efetivou.com\/product\/lixeira-com-pedal-e-rodas-100-litros\/"},"modified":"2025-06-11T15:16:40","modified_gmt":"2025-06-11T18:16:40","slug":"lixeira-com-pedal-e-rodas-100-litros","status":"publish","type":"product","link":"https:\/\/atimilplast.com.br\/loja\/produtos\/lixeiras\/lixeiras-com-pedal\/lixeira-com-pedal-e-rodas-100-litros\/","title":{"rendered":"Lixeira Com Pedal e Rodas 100 Litros"},"content":{"rendered":"<p>A Lixeira Com Pedal e Rodas 100 Litros \u00e9 fabricada em Polietileno de Alta Densidade (PEAD) ou Polipropileno (PP).<\/p>\n<p>Nossas lixeiras com pedal s\u00e3o fabricadas com material de alta qualidade e tecnologia, respeitando as principais normas vigentes da Ag\u00eancia Nacional de Vigil\u00e2ncia Sanit\u00e1ria (ANVISA). Possuem prote\u00e7\u00e3o conta raios UV.<\/p>\n<p>Nossas lixeiras s\u00e3o injetadas em m\u00e1quinas de alta tecnologia, o que lhes conferem alta resist\u00eancia e durabilidade, atendendo a todos os requisitos de seguran\u00e7a e confiabilidade para os nossos clientes.<\/p>\n<p>Vers\u00e1til e com excelente custo-benef\u00edcio, a Lixeira Com Pedal e Rodas 100 Litros proporciona o melhor em higiene ao permitir que seu pedal pl\u00e1stico acione a tampa, n\u00e3o havendo a necessidade de contato direto com o lixo.<\/p>\n<p>Sua haste \u00e9 localizada na parte externa para evitar o ac\u00famulo de res\u00edduos. Possui articula\u00e7\u00e3o com arma\u00e7\u00e3o para segurar o saco de lixo e facilitar seu deslocamento do corpo da lixeira at\u00e9 que se solte com seguran\u00e7a.<\/p>\n<p>Suas rodas s\u00e3o de borracha maci\u00e7a, e possuem 200mm de di\u00e2metro.<\/p>\n<p>Leve, at\u00f3xica e de f\u00e1cil limpeza, nossas lixeiras ficam 100% vedadas quando a tampa est\u00e1 fechada.<\/p>\n<p>Foram criadas em diferentes cores, para o descarte correto de diversos tipos de materiais. As cores s\u00e3o associadas \u00e0 coleta de res\u00edduos pl\u00e1sticos, pap\u00e9is, vidros, metais, radioativos, org\u00e2nicos, n\u00e3o recicl\u00e1veis, etc.<\/p>\n<p>Todas as nossa lixeiras est\u00e3o dispon\u00edveis nas cores vermelha, verde, preto, marrom, laranja, cinza, branco, azul e amarelo.<\/p>\n<p>A Lixeira Com Pedal e Rodas 100 Litros resistem a impactos e repetidas lavagens, o que permite a utiliza\u00e7\u00e3o em diversos ambientes, inclusive o dom\u00e9stico.<\/p>\n<p>S\u00c3O INDICADAS PARA:<\/p>\n<p>Coleta seletiva<br \/>\nLanchonetes<br \/>\nRestaurantes<br \/>\nShoppings, condom\u00ednios, Clubes<br \/>\nEscolas e universidades<br \/>\nEstabelecimentos comerciais e industriais.<br \/>\nS\u00e3o ideais para lanchonetes, restaurantes, shoppings, clubes, academias, escolas e universidades, entre outros estabelecimentos.<\/p>\n<p>Obs: Acompanha manual de montagem.<\/p>\n","protected":false},"excerpt":{"rendered":"<p>A\u00a0<strong>Lixeira Com Pedal e Rodas 100 Litros<\/strong>\u00a0\u00e9 fabricada em Polietileno de Alta Densidade (PEAD) ou Polipropileno (PP).<\/p>\n","protected":false},"featured_media":6824,"template":"","meta":{"_acf_changed":false},"descricao":[],"product_brand":[],"product_cat":[93,410],"product_tag":[],"class_list":{"0":"post-6822","1":"product","2":"type-product","3":"status-publish","4":"has-post-thumbnail","6":"product_cat-lixeiras","7":"product_cat-lixeiras-com-pedal","8":"pa_cor-amarelo","9":"pa_cor-azul","10":"pa_cor-branco","11":"pa_cor-cinza","12":"pa_cor-laranja","13":"pa_cor-marrom","14":"pa_cor-preto","15":"pa_cor-verde","16":"pa_cor-vermelho","17":"pa_cor-virgem","18":"pa_material-pead-polietileno-de-alta-densidade-ou-pp-polipropileno","19":"pa_modelo-100l-c-pedal-e-rodas","22":"instock","23":"product-type-simple"},"acf":[],"_links":{"self":[{"href":"https:\/\/atimilplast.com.br\/loja\/wp-json\/wp\/v2\/product\/6822","targetHints":{"allow":["GET"]}}],"collection":[{"href":"https:\/\/atimilplast.com.br\/loja\/wp-json\/wp\/v2\/product"}],"about":[{"href":"https:\/\/atimilplast.com.br\/loja\/wp-json\/wp\/v2\/types\/product"}],"version-history":[{"count":5,"href":"https:\/\/atimilplast.com.br\/loja\/wp-json\/wp\/v2\/product\/6822\/revisions"}],"predecessor-version":[{"id":9221,"href":"https:\/\/atimilplast.com.br\/loja\/wp-json\/wp\/v2\/product\/6822\/revisions\/9221"}],"wp:featuredmedia":[{"embeddable":true,"href":"https:\/\/atimilplast.com.br\/loja\/wp-json\/wp\/v2\/media\/6824"}],"wp:attachment":[{"href":"https:\/\/atimilplast.com.br\/loja\/wp-json\/wp\/v2\/media?parent=6822"}],"wp:term":[{"taxonomy":"descricao","embeddable":true,"href":"https:\/\/atimilplast.com.br\/loja\/wp-json\/wp\/v2\/descricao?post=6822"},{"taxonomy":"product_brand","embeddable":true,"href":"https:\/\/atimilplast.com.br\/loja\/wp-json\/wp\/v2\/product_brand?post=6822"},{"taxonomy":"product_cat","embeddable":true,"href":"https:\/\/atimilplast.com.br\/loja\/wp-json\/wp\/v2\/product_cat?post=6822"},{"taxonomy":"product_tag","embeddable":true,"href":"https:\/\/atimilplast.com.br\/loja\/wp-json\/wp\/v2\/product_tag?post=6822"}],"curies":[{"name":"wp","href":"https:\/\/api.w.org\/{rel}","templated":true}]}}