{"id":6864,"date":"2020-05-14T04:48:09","date_gmt":"2020-05-14T04:48:09","guid":{"rendered":"https:\/\/atimil.efetivou.com\/product\/2-lixeiras-para-coleta-seletiva-60-litros-kit-com-2-lixeiras-2\/"},"modified":"2025-06-11T15:16:40","modified_gmt":"2025-06-11T18:16:40","slug":"2-lixeiras-para-coleta-seletiva-60-litros-kit-com-2-lixeiras-2","status":"publish","type":"product","link":"https:\/\/atimilplast.com.br\/loja\/produtos\/lixeiras\/lixeiras-para-coleta-seletiva-60l\/2-lixeiras-para-coleta-seletiva-60-litros-kit-com-2-lixeiras-2\/","title":{"rendered":"6 Lixeiras Para Coleta Selativa 60 Litros \u2013 KIT com 6 Lixeiras"},"content":{"rendered":"<p>O kit \u00e9 composto por 6 Lixeiras para Coleta Seletiva 60 Litros fabricado em Polietileno de Alta Densidade (PEAD) ou Polipropileno (PP).<\/p>\n<p>Nossas lixeiras s\u00e3o produzidas com alto padr\u00e3o de tecnologia e qualidade de acordo com as principais normas vigentes da (ANVISA).<\/p>\n<p>As Lixeiras para Coleta Seletiva 60L \u2013 Kit com 6 lixeiras possuem estrutura em a\u00e7o galvanizado. Podem ser montadas e desmontadas facilmente, garantindo maior seguran\u00e7a e durabilidade.<\/p>\n<p>Possuem tampa basculante e sistema multi encaixe, permitindo encaixar umas \u00e0s outras.<\/p>\n<p>As Lixeiras para Coleta Seletiva 60 L s\u00e3o facilmente empilh\u00e1veis, agilizando seu armazenamento e estoque.<\/p>\n<p>De olho na processo de reciclagem, as lixeiras de coleta seletiva s\u00e3o divididas por cores para facilitar o descarte e separa\u00e7\u00e3o do lixo, s\u00e3o ainda resistentes ao impacto, aos raios ultravioletas e \u00e0s repetidas lavagens.<\/p>\n<p>As Lixeiras para coleta seletiva s\u00e3o fabricadas nas cores verde, azul, vermelho, amarelo, cinza, laranja, preta, branca e marrom.<\/p>\n<p>S\u00c3O INDICADAS PARA:<\/p>\n<p>Coleta urbana;<br \/>\nColeta seletiva;<br \/>\nClubes e Acad\u00eamias;<br \/>\nHospitais e ind\u00fastrias<br \/>\nEscolas e Universidades<br \/>\nRuas, Shoppings e condom\u00ednios;<br \/>\nParques, Postos de Gasolina, Pra\u00e7as etc<br \/>\nOBSERVA\u00c7\u00d5ES:<\/p>\n<p>* Adesivos, parafusos e arruelas p\/ montagem inclusos. Acompanha Manual de Montagem.agem.<\/p>\n","protected":false},"excerpt":{"rendered":"<p>O kit \u00e9 composto por 6 Lixeiras para Coleta Seletiva 60 Litros fabricado em Polietileno de Alta Densidade (PEAD) ou Polipropileno (PP).<\/p>\n","protected":false},"featured_media":6866,"template":"","meta":{"_acf_changed":false},"descricao":[],"product_brand":[],"product_cat":[93,411],"product_tag":[],"class_list":{"0":"post-6864","1":"product","2":"type-product","3":"status-publish","4":"has-post-thumbnail","6":"product_cat-lixeiras","7":"product_cat-lixeiras-para-coleta-seletiva-60l","8":"pa_cor-amarelo","9":"pa_cor-azul","10":"pa_cor-branco","11":"pa_cor-cinza","12":"pa_cor-laranja","13":"pa_cor-marrom","14":"pa_cor-preto","15":"pa_cor-verde","16":"pa_cor-vermelho","17":"pa_cor-virgem","18":"pa_material-pead-polietileno-de-alta-densidade-ou-pp-polipropileno","19":"pa_modelo-06-lixeiras-para-coleta-seletiva-60-litros","22":"instock","23":"product-type-simple"},"acf":[],"_links":{"self":[{"href":"https:\/\/atimilplast.com.br\/loja\/wp-json\/wp\/v2\/product\/6864","targetHints":{"allow":["GET"]}}],"collection":[{"href":"https:\/\/atimilplast.com.br\/loja\/wp-json\/wp\/v2\/product"}],"about":[{"href":"https:\/\/atimilplast.com.br\/loja\/wp-json\/wp\/v2\/types\/product"}],"version-history":[{"count":4,"href":"https:\/\/atimilplast.com.br\/loja\/wp-json\/wp\/v2\/product\/6864\/revisions"}],"predecessor-version":[{"id":8609,"href":"https:\/\/atimilplast.com.br\/loja\/wp-json\/wp\/v2\/product\/6864\/revisions\/8609"}],"wp:featuredmedia":[{"embeddable":true,"href":"https:\/\/atimilplast.com.br\/loja\/wp-json\/wp\/v2\/media\/6866"}],"wp:attachment":[{"href":"https:\/\/atimilplast.com.br\/loja\/wp-json\/wp\/v2\/media?parent=6864"}],"wp:term":[{"taxonomy":"descricao","embeddable":true,"href":"https:\/\/atimilplast.com.br\/loja\/wp-json\/wp\/v2\/descricao?post=6864"},{"taxonomy":"product_brand","embeddable":true,"href":"https:\/\/atimilplast.com.br\/loja\/wp-json\/wp\/v2\/product_brand?post=6864"},{"taxonomy":"product_cat","embeddable":true,"href":"https:\/\/atimilplast.com.br\/loja\/wp-json\/wp\/v2\/product_cat?post=6864"},{"taxonomy":"product_tag","embeddable":true,"href":"https:\/\/atimilplast.com.br\/loja\/wp-json\/wp\/v2\/product_tag?post=6864"}],"curies":[{"name":"wp","href":"https:\/\/api.w.org\/{rel}","templated":true}]}}