{"id":6873,"date":"2020-05-15T05:01:34","date_gmt":"2020-05-15T05:01:34","guid":{"rendered":"https:\/\/atimil.efetivou.com\/product\/pallets-de-contencao-para-1-tambor-100-litros\/"},"modified":"2025-06-11T15:16:40","modified_gmt":"2025-06-11T18:16:40","slug":"pallets-de-contencao-para-1-tambor-100-litros","status":"publish","type":"product","link":"https:\/\/atimilplast.com.br\/loja\/produtos\/pallets-de-plastico\/pallets-de-contencao-para-1-tambor-100-litros\/","title":{"rendered":"Pallets de Conten\u00e7\u00e3o Para 1 Tambor 100 Litros"},"content":{"rendered":"<p>Os Pallets de Conten\u00e7\u00e3o Para 1 Tambor 100 Litros s\u00e3o fabricados em Polietileno de M\u00e9dia ou Alta Densidade (PEMD ou PEAD) pelo processo de rotomoldagem.<\/p>\n<p>Sem soldas ou emendas s\u00e3o utilizados para conter subst\u00e2ncias l\u00edquidas provenientes de vazamentos no processo de movimenta\u00e7\u00e3o e armazenagem de tambores, gal\u00f5es e outros recipientes.<\/p>\n<p>Tamb\u00e9m chamados de Diques de Conten\u00e7\u00e3o ou Bacias de Conten\u00e7\u00e3o, os Pallets de Conten\u00e7\u00e3o Para 1 Tambor \u2013 100L s\u00e3o produzidos em material de alta qualidade e resist\u00eancia, o que lhes garante longa vida \u00fatil.<\/p>\n<p>Os Pallets de Conten\u00e7\u00e3o s\u00e3o produtos com excelente custo-benef\u00edcio, uma vez que o l\u00edquido derramado fica armazenado no compartimento inferior do pallet, podendo ser reutilizado.<\/p>\n<p>Melhores e mais modernos, os pallets de conten\u00e7\u00e3o fabricados de material pl\u00e1stico s\u00e3o os mais escolhidos pelas ind\u00fastrias atuais.<\/p>\n<p>Ecol\u00f3gicos e sustent\u00e1veis, s\u00e3o mais higi\u00eanicos que os demais, al\u00e9m de serem resistentes a altas e baixas temperaturas, umidade, pesos e impactos.<\/p>\n<p>De estrutura leve, pode ser facilmente manipulado com empilhadeiras ou paleteiras.<\/p>\n<p>Os Pallets de Conten\u00e7\u00e3o 1 Tambor \u2013 100L t\u00eam capacidade de conten\u00e7\u00e3o de 100L.<\/p>\n<p>S\u00e3o indicados para ind\u00fastrias automotivas, aliment\u00edcias e farmac\u00eauticas, al\u00e9m de distribuidoras de combust\u00edveis e ind\u00fastrias qu\u00edmicas, agr\u00edcolas e ambientais.<\/p>\n<p>S\u00e3o disponibilizados nas cores amarelo ou cinza, com gradil na cor preta.<\/p>\n<p>&nbsp;<\/p>\n","protected":false},"excerpt":{"rendered":"<p>Os Pallets de Conten\u00e7\u00e3o Para 1 Tambor 100 Litros s\u00e3o fabricados em Polietileno de M\u00e9dia ou Alta Densidade (PEMD ou PEAD) pelo processo de rotomoldagem.<\/p>\n","protected":false},"featured_media":6875,"template":"","meta":{"_acf_changed":false},"descricao":[],"product_brand":[],"product_cat":[105],"product_tag":[],"class_list":{"0":"post-6873","1":"product","2":"type-product","3":"status-publish","4":"has-post-thumbnail","6":"product_cat-pallets-de-plastico","7":"pa_capacidade-contencao-100l","8":"pa_cor-amarelo","9":"pa_cor-cinza","10":"pa_cor-gradil","11":"pa_cor-laranja","12":"pa_cor-preto","13":"pa_material-pemd-polietileno-de-media-densidade-ou-pead-polietileno-de-alta-densidade","14":"pa_modelo-p-cont-01-tambor-100l","17":"instock","18":"product-type-simple"},"acf":[],"_links":{"self":[{"href":"https:\/\/atimilplast.com.br\/loja\/wp-json\/wp\/v2\/product\/6873","targetHints":{"allow":["GET"]}}],"collection":[{"href":"https:\/\/atimilplast.com.br\/loja\/wp-json\/wp\/v2\/product"}],"about":[{"href":"https:\/\/atimilplast.com.br\/loja\/wp-json\/wp\/v2\/types\/product"}],"version-history":[{"count":6,"href":"https:\/\/atimilplast.com.br\/loja\/wp-json\/wp\/v2\/product\/6873\/revisions"}],"predecessor-version":[{"id":9208,"href":"https:\/\/atimilplast.com.br\/loja\/wp-json\/wp\/v2\/product\/6873\/revisions\/9208"}],"wp:featuredmedia":[{"embeddable":true,"href":"https:\/\/atimilplast.com.br\/loja\/wp-json\/wp\/v2\/media\/6875"}],"wp:attachment":[{"href":"https:\/\/atimilplast.com.br\/loja\/wp-json\/wp\/v2\/media?parent=6873"}],"wp:term":[{"taxonomy":"descricao","embeddable":true,"href":"https:\/\/atimilplast.com.br\/loja\/wp-json\/wp\/v2\/descricao?post=6873"},{"taxonomy":"product_brand","embeddable":true,"href":"https:\/\/atimilplast.com.br\/loja\/wp-json\/wp\/v2\/product_brand?post=6873"},{"taxonomy":"product_cat","embeddable":true,"href":"https:\/\/atimilplast.com.br\/loja\/wp-json\/wp\/v2\/product_cat?post=6873"},{"taxonomy":"product_tag","embeddable":true,"href":"https:\/\/atimilplast.com.br\/loja\/wp-json\/wp\/v2\/product_tag?post=6873"}],"curies":[{"name":"wp","href":"https:\/\/api.w.org\/{rel}","templated":true}]}}