{"id":6906,"date":"2020-05-15T06:31:21","date_gmt":"2020-05-15T06:31:21","guid":{"rendered":"https:\/\/atimil.efetivou.com\/product\/smart-pallet-1210-6-liso\/"},"modified":"2025-06-11T15:16:41","modified_gmt":"2025-06-11T18:16:41","slug":"smart-pallet-1210-6-liso","status":"publish","type":"product","link":"https:\/\/atimilplast.com.br\/loja\/produtos\/pallets-de-plastico\/smart-pallet-1210-6-liso\/","title":{"rendered":"Smart Pallet 1210-6 Liso"},"content":{"rendered":"<p>SMART PALLET 1210-6 Liso \u00e9 fabricado em Polipropileno (PP) ou Polietileno de Alta Densidade (PEAD), garantindo alta qualidade, resist\u00eancia e durabilidade.<\/p>\n<p>Tran\u00e7ado para suportar grandes cargas, \u00e9 indicado para diversos tipos de neg\u00f3cios, para o armazenamento, organiza\u00e7\u00e3o de cargas e log\u00edstica reversa.<\/p>\n<p>O SMART PALLET 1210-6 tem capacidade est\u00e1tica para at\u00e9 7600 Kg, capacidade din\u00e2mica para at\u00e9 2000 Kg e capacidade no rack de at\u00e9 1000 Kg (para carga uniformemente distribu\u00edda).<\/p>\n<p>\u00c9 poss\u00edvel deixa-lo ainda mais refor\u00e7ado, inserindo 03 almas de a\u00e7o em sua base e 04 almas de a\u00e7o nos runners (sendo uma em cada lateral e duas no runner central).<\/p>\n<p>O Smart Pallet de Pl\u00e1stico \u00e9 leve, at\u00f3xico, de f\u00e1cil higieniza\u00e7\u00e3o e resistente \u00e0 \u00e1cidos, gorduras, solventes e odores.<\/p>\n<p>Fabricado nas cores preto, branco e virgem, pode ser utilizado em \u00e1reas \u00famidas e c\u00e2maras frias.<\/p>\n<p>N\u00e3o requerem nenhuma manuten\u00e7\u00e3o e seu tempo de vida \u00fatil pode ultrapassar 10 anos.<\/p>\n<p>F\u00e1cil manuseio e deslocamento, implicam menores custos de transporte. Podem ser coloridos e, portanto, personalizados para uma melhor identifica\u00e7\u00e3o, organiza\u00e7\u00e3o e controle.<\/p>\n<p>S\u00c3O INDICADOS PARA:<\/p>\n<p>Manipula\u00e7\u00e3o de alimentos e bebidas, produtos laboratoriais e farmac\u00eauticos e log\u00edstica reversa;<br \/>\nArmazenamento, manuseio e transporte de cargas em geral;<br \/>\nCarrinhos hidr\u00e1ulicos, empilhadeiras e porta pallets;<br \/>\n\u00c1reas \u00famidas e c\u00e2maras frias;<br \/>\nResistentes a temperaturas negativas (consultar material virgem);<br \/>\nLog\u00edstica reversa e sustentabilidade.<\/p>\n","protected":false},"excerpt":{"rendered":"<p>SMART PALLET 1210-6 Liso \u00e9 fabricado em Polipropileno (PP) ou Polietileno de Alta Densidade (PEAD), garantindo alta qualidade, resist\u00eancia e durabilidade.<\/p>\n","protected":false},"featured_media":6908,"template":"","meta":{"_acf_changed":false},"descricao":[],"product_brand":[],"product_cat":[105],"product_tag":[],"class_list":{"0":"post-6906","1":"product","2":"type-product","3":"status-publish","4":"has-post-thumbnail","6":"product_cat-pallets-de-plastico","7":"pa_capacidade-estatica-7600kg-dinamica-2000kg-no-rack-1000kg","8":"pa_cor-branco","9":"pa_cor-preto","10":"pa_cor-virgem","11":"pa_modelo-smart-pallet-1210-6-superficie-lisa","14":"instock","15":"product-type-simple"},"acf":[],"_links":{"self":[{"href":"https:\/\/atimilplast.com.br\/loja\/wp-json\/wp\/v2\/product\/6906","targetHints":{"allow":["GET"]}}],"collection":[{"href":"https:\/\/atimilplast.com.br\/loja\/wp-json\/wp\/v2\/product"}],"about":[{"href":"https:\/\/atimilplast.com.br\/loja\/wp-json\/wp\/v2\/types\/product"}],"version-history":[{"count":4,"href":"https:\/\/atimilplast.com.br\/loja\/wp-json\/wp\/v2\/product\/6906\/revisions"}],"predecessor-version":[{"id":8595,"href":"https:\/\/atimilplast.com.br\/loja\/wp-json\/wp\/v2\/product\/6906\/revisions\/8595"}],"wp:featuredmedia":[{"embeddable":true,"href":"https:\/\/atimilplast.com.br\/loja\/wp-json\/wp\/v2\/media\/6908"}],"wp:attachment":[{"href":"https:\/\/atimilplast.com.br\/loja\/wp-json\/wp\/v2\/media?parent=6906"}],"wp:term":[{"taxonomy":"descricao","embeddable":true,"href":"https:\/\/atimilplast.com.br\/loja\/wp-json\/wp\/v2\/descricao?post=6906"},{"taxonomy":"product_brand","embeddable":true,"href":"https:\/\/atimilplast.com.br\/loja\/wp-json\/wp\/v2\/product_brand?post=6906"},{"taxonomy":"product_cat","embeddable":true,"href":"https:\/\/atimilplast.com.br\/loja\/wp-json\/wp\/v2\/product_cat?post=6906"},{"taxonomy":"product_tag","embeddable":true,"href":"https:\/\/atimilplast.com.br\/loja\/wp-json\/wp\/v2\/product_tag?post=6906"}],"curies":[{"name":"wp","href":"https:\/\/api.w.org\/{rel}","templated":true}]}}