{"id":6912,"date":"2020-05-15T06:43:13","date_gmt":"2020-05-15T06:43:13","guid":{"rendered":"https:\/\/atimil.efetivou.com\/product\/master-pallet-de-plastico-vazado-100m-x-120m\/"},"modified":"2025-06-11T15:16:41","modified_gmt":"2025-06-11T18:16:41","slug":"master-pallet-de-plastico-vazado-100m-x-120m","status":"publish","type":"product","link":"https:\/\/atimilplast.com.br\/loja\/produtos\/pallets-de-plastico\/master-pallet-de-plastico-vazado-100m-x-120m\/","title":{"rendered":"Master Pallet de Pl\u00e1stico Vazado 1,00M x 1,20M"},"content":{"rendered":"<p>O Master Pallet de Pl\u00e1stico Vazado \u00e9 fabricado em Polietileno de Alta Densidade (PEAD) ou Polietileno de M\u00e9dia Densidade (PEMD), com material 100% virgem, garantindo alt\u00edssima qualidade, resist\u00eancia e durabilidade.<\/p>\n<p>Tran\u00e7ado para suportar grandes cargas, leve e at\u00f3xico, o Master Pallet de Pl\u00e1stico \u2013 Superf\u00edcie Vazada \u00e9 de f\u00e1cil armazenagem e conta com prote\u00e7\u00e3o contra raios ultravioleta.<\/p>\n<p>Tem capacidade est\u00e1tica para at\u00e9 8 mil kg, capacidade din\u00e2mica para at\u00e9 2,5 mil Kg e capacidade no rack at\u00e9 1,5 mil Kg (quando fabricado com mat\u00e9ria prima virgem).<\/p>\n<p>\u00c9 leve, at\u00f3xico, de f\u00e1cil higieniza\u00e7\u00e3o e resistente \u00e0 \u00e1cidos, gorduras, solventes e odores.<\/p>\n<p>N\u00e3o requerem nenhuma manuten\u00e7\u00e3o e seu tempo de vida \u00fatil pode ultrapassar 10 anos.<\/p>\n<p>F\u00e1cil manuseio e deslocamento, implicam menores custos de transporte. Podem ser coloridos e, portanto, personalizados para uma melhor identifica\u00e7\u00e3o, organiza\u00e7\u00e3o e controle.<\/p>\n<p>S\u00c3O INDICADOS PARA:<\/p>\n<p>Manipula\u00e7\u00e3o de alimentos e bebidas, produtos laboratoriais e farmac\u00eauticos e log\u00edstica reversa;<br \/>\nArmazenamento, manuseio e transporte de cargas em geral;<br \/>\nCarrinhos hidr\u00e1ulicos, empilhadeiras e porta pallets;<br \/>\nSacarias, big bags, engradados pl\u00e1sticos e de papel\u00e3o,<br \/>\ntambores e bombonas;<br \/>\n\u00c1reas \u00famidas e c\u00e2maras frias;<br \/>\nResistentes a temperaturas negativas (consultar material virgem);<br \/>\nLog\u00edstica reversa e sustentabilidade.<\/p>\n","protected":false},"excerpt":{"rendered":"<p>O Master Pallet de Pl\u00e1stico Vazado \u00e9 fabricado em Polietileno de Alta Densidade (PEAD) ou Polietileno de M\u00e9dia Densidade (PEMD), com material 100% virgem, garantindo alt\u00edssima qualidade, resist\u00eancia e durabilidade.<\/p>\n","protected":false},"featured_media":6914,"template":"","meta":{"_acf_changed":false},"descricao":[],"product_brand":[],"product_cat":[105],"product_tag":[],"class_list":{"0":"post-6912","1":"product","2":"type-product","3":"status-publish","4":"has-post-thumbnail","6":"product_cat-pallets-de-plastico","7":"pa_capacidade-estatica-ate-8000kg-dinamica-ate-2500kg-no-rack-ate-1500kg-c-material-virgem","8":"pa_cor-amarelo","9":"pa_cor-azul","10":"pa_cor-branco","11":"pa_cor-cinza","12":"pa_cor-laranja","13":"pa_cor-marrom","14":"pa_cor-preto","15":"pa_cor-verde","16":"pa_cor-vermelho","17":"pa_cor-virgem","18":"pa_material-ead-polietileno-de-alta-densidade-ou-pemd-polietileno-de-media-densidade","19":"pa_modelo-master-pallet","22":"instock","23":"product-type-simple"},"acf":[],"_links":{"self":[{"href":"https:\/\/atimilplast.com.br\/loja\/wp-json\/wp\/v2\/product\/6912","targetHints":{"allow":["GET"]}}],"collection":[{"href":"https:\/\/atimilplast.com.br\/loja\/wp-json\/wp\/v2\/product"}],"about":[{"href":"https:\/\/atimilplast.com.br\/loja\/wp-json\/wp\/v2\/types\/product"}],"version-history":[{"count":4,"href":"https:\/\/atimilplast.com.br\/loja\/wp-json\/wp\/v2\/product\/6912\/revisions"}],"predecessor-version":[{"id":8593,"href":"https:\/\/atimilplast.com.br\/loja\/wp-json\/wp\/v2\/product\/6912\/revisions\/8593"}],"wp:featuredmedia":[{"embeddable":true,"href":"https:\/\/atimilplast.com.br\/loja\/wp-json\/wp\/v2\/media\/6914"}],"wp:attachment":[{"href":"https:\/\/atimilplast.com.br\/loja\/wp-json\/wp\/v2\/media?parent=6912"}],"wp:term":[{"taxonomy":"descricao","embeddable":true,"href":"https:\/\/atimilplast.com.br\/loja\/wp-json\/wp\/v2\/descricao?post=6912"},{"taxonomy":"product_brand","embeddable":true,"href":"https:\/\/atimilplast.com.br\/loja\/wp-json\/wp\/v2\/product_brand?post=6912"},{"taxonomy":"product_cat","embeddable":true,"href":"https:\/\/atimilplast.com.br\/loja\/wp-json\/wp\/v2\/product_cat?post=6912"},{"taxonomy":"product_tag","embeddable":true,"href":"https:\/\/atimilplast.com.br\/loja\/wp-json\/wp\/v2\/product_tag?post=6912"}],"curies":[{"name":"wp","href":"https:\/\/api.w.org\/{rel}","templated":true}]}}