{"id":6930,"date":"2021-03-01T19:54:32","date_gmt":"2021-03-01T19:54:32","guid":{"rendered":"https:\/\/atimil.efetivou.com\/product\/saco-de-lixo-40l-rolinho-c-100-preto\/"},"modified":"2025-06-11T15:16:42","modified_gmt":"2025-06-11T18:16:42","slug":"saco-de-lixo-40l-rolinho-c-100-preto","status":"publish","type":"product","link":"https:\/\/atimilplast.com.br\/loja\/produtos\/sacos-de-lixo\/saco-de-lixo-40l-rolinho-c-100-preto\/","title":{"rendered":"Saco de Lixo 40L Rolinho C\/100 Preto"},"content":{"rendered":"<p>O Saco de Lixo em Rolo 40 litros \u00e9 feito de polipropileno e pigmento que facilita a separa\u00e7\u00e3o de lixo seco e \u00famido, descarte de m\u00e9dia quantidade de lixo. Saco de lixo picotado, super pr\u00e1tico, ideal para empresas com pequeno acumulo de lixo. Fardo com 100 unidades.<\/p>\n<p>Dicas: Evitar deixar o lixo exposto na rua. Embrulhar os vidros quebrados e objetos cortantes em folhas de jornal. Nunca jogar o lixo em terrenos baldios ou cursos d\u2019agua, pois contribui para prolifera\u00e7\u00e3o de pragas e doen\u00e7as.<\/p>\n","protected":false},"excerpt":{"rendered":"<p>O Saco de Lixo em Rolo\u00a040 litros \u00e9 feito de polipropileno e pigmento que facilita a separa\u00e7\u00e3o de lixo seco e \u00famido, descarte de m\u00e9dia quantidade de lixo. Fardo com\u00a0100 unidades.<\/p>\n","protected":false},"featured_media":6929,"template":"","meta":{"_acf_changed":false},"descricao":[],"product_brand":[],"product_cat":[107],"product_tag":[],"class_list":{"0":"post-6930","1":"product","2":"type-product","3":"status-publish","4":"has-post-thumbnail","6":"product_cat-sacos-de-lixo","7":"pa_capacidade-40l","8":"pa_cor-preto","9":"pa_modelo-40l","12":"instock","13":"product-type-simple"},"acf":[],"_links":{"self":[{"href":"https:\/\/atimilplast.com.br\/loja\/wp-json\/wp\/v2\/product\/6930","targetHints":{"allow":["GET"]}}],"collection":[{"href":"https:\/\/atimilplast.com.br\/loja\/wp-json\/wp\/v2\/product"}],"about":[{"href":"https:\/\/atimilplast.com.br\/loja\/wp-json\/wp\/v2\/types\/product"}],"version-history":[{"count":4,"href":"https:\/\/atimilplast.com.br\/loja\/wp-json\/wp\/v2\/product\/6930\/revisions"}],"predecessor-version":[{"id":8587,"href":"https:\/\/atimilplast.com.br\/loja\/wp-json\/wp\/v2\/product\/6930\/revisions\/8587"}],"wp:featuredmedia":[{"embeddable":true,"href":"https:\/\/atimilplast.com.br\/loja\/wp-json\/wp\/v2\/media\/6929"}],"wp:attachment":[{"href":"https:\/\/atimilplast.com.br\/loja\/wp-json\/wp\/v2\/media?parent=6930"}],"wp:term":[{"taxonomy":"descricao","embeddable":true,"href":"https:\/\/atimilplast.com.br\/loja\/wp-json\/wp\/v2\/descricao?post=6930"},{"taxonomy":"product_brand","embeddable":true,"href":"https:\/\/atimilplast.com.br\/loja\/wp-json\/wp\/v2\/product_brand?post=6930"},{"taxonomy":"product_cat","embeddable":true,"href":"https:\/\/atimilplast.com.br\/loja\/wp-json\/wp\/v2\/product_cat?post=6930"},{"taxonomy":"product_tag","embeddable":true,"href":"https:\/\/atimilplast.com.br\/loja\/wp-json\/wp\/v2\/product_tag?post=6930"}],"curies":[{"name":"wp","href":"https:\/\/api.w.org\/{rel}","templated":true}]}}