{"id":7680,"date":"2024-03-26T09:50:31","date_gmt":"2024-03-26T12:50:31","guid":{"rendered":"https:\/\/atimilplast.com.br\/loja\/?post_type=product&#038;p=7680"},"modified":"2025-06-11T15:16:42","modified_gmt":"2025-06-11T18:16:42","slug":"carros-hamper-com-e-sem-fechamentos","status":"publish","type":"product","link":"https:\/\/atimilplast.com.br\/loja\/produtos\/carros-funcionais\/carros-hamper-com-e-sem-fechamentos\/","title":{"rendered":"Carros Hamper &#8211; Com e Sem Fechamentos"},"content":{"rendered":"<p><strong>APLICA\u00c7\u00d5ES<br \/>\nTransporte de roupas, enxovais, toalhas, tecidos e outros, entre os processos de lavagem e locais onde s\u00e3o utilizados e vice e versa. Podem ser utilizados em hot\u00e9is e resorts, hospitais, cl\u00ednicas e laborat\u00f3rios, ind\u00fastrias, lavanderias, etc.<\/strong><\/p>\n<p><strong>Composi\u00e7\u00e3o<\/strong><br \/>\n\u2013 Rod\u00edzios: \u00d8 4\u201d \u2013 Polipropileno e PVC.<br \/>\n\u2013 Estrutura: Base superior, base inferior em Polipropileno e colunas em alum\u00ednio.<br \/>\n\u2013 Tecido: Nylon<\/p>\n<p><strong>Vantagens:<\/strong><br \/>\nEstrutura robusta em alum\u00ednio e prolipropileno proporciona extrema durabilidade, transformando sua aquisi\u00e7\u00e3o em um investimento. Tecidos podem ser trocados aumentando sua vida \u00fatil. Z\u00edperes na parte de cima e da frente permite maior \ufb02exibilidade em seu uso, bem como, facilitam as a\u00e7\u00f5es de carregamento e descarregamento.<br \/>\nTecidos de fechamento podem ser fornecidos em cores*, permitindo a identi\ufb01ca\u00e7\u00e3o dos locais onde os carros podem ou n\u00e3o serem utilizados.<br \/>\nSistema de \ufb01xa\u00e7\u00e3o dos tecidos de fechamento em velcros que permitem que sejam retirados, lavados e descontaminados.<br \/>\nAl\u00e7a ergon\u00f4mica facilita seu deslocamento pelos operadores.<\/p>\n<p><strong>S\u00e3o Fornecidos em cada carro:<\/strong><br \/>\n\u2013 02 unidades \u2013 Suportes \ufb01 xadores<br \/>\n\u2013 02 unidades \u2013 Placas sinalizadoras de cada cor: Amarela \/ Azul \/ Branca \/ Verde \/ Vermelha<\/p>\n","protected":false},"excerpt":{"rendered":"<p>O\u00a0<strong>Carro Hamper<\/strong>\u00a0conta com um exclusivo sistema de identi\ufb01ca\u00e7\u00e3o por cores para integrar os planos e esfor\u00e7os na preven\u00e7\u00e3o das contamina\u00e7\u00f5es cruzadas entre os ambientes ligados \u00e0 sa\u00fade humana e animal em hospitais, cl\u00ednicas, laborat\u00f3rios e outros locais destes segmentos nos quais se realizem a\u00e7\u00f5es de limpeza.<br \/>\nOs carros s\u00e3o fornecidos com sistema de placas sinalizadoras em 5 cores diferentes para permitir aos gestores e colaboradores, identi\ufb01carem em quais ambientes dever\u00e3o ser usados e permitir a \ufb01scaliza\u00e7\u00e3o deste uso.<br \/>\nO sistema de \ufb01xa\u00e7\u00e3o promove \ufb01rme encaixe das placas sinalizadoras no corpo dos carros prevenindo as perdas, mas permite a troca das cores quando necess\u00e1rio.<\/p>\n","protected":false},"featured_media":7684,"template":"","meta":{"_acf_changed":false},"descricao":[],"product_brand":[],"product_cat":[259],"product_tag":[],"class_list":{"0":"post-7680","1":"product","2":"type-product","3":"status-publish","4":"has-post-thumbnail","6":"product_cat-carros-funcionais","9":"instock","10":"shipping-taxable","11":"product-type-simple"},"acf":[],"_links":{"self":[{"href":"https:\/\/atimilplast.com.br\/loja\/wp-json\/wp\/v2\/product\/7680","targetHints":{"allow":["GET"]}}],"collection":[{"href":"https:\/\/atimilplast.com.br\/loja\/wp-json\/wp\/v2\/product"}],"about":[{"href":"https:\/\/atimilplast.com.br\/loja\/wp-json\/wp\/v2\/types\/product"}],"version-history":[{"count":2,"href":"https:\/\/atimilplast.com.br\/loja\/wp-json\/wp\/v2\/product\/7680\/revisions"}],"predecessor-version":[{"id":7702,"href":"https:\/\/atimilplast.com.br\/loja\/wp-json\/wp\/v2\/product\/7680\/revisions\/7702"}],"wp:featuredmedia":[{"embeddable":true,"href":"https:\/\/atimilplast.com.br\/loja\/wp-json\/wp\/v2\/media\/7684"}],"wp:attachment":[{"href":"https:\/\/atimilplast.com.br\/loja\/wp-json\/wp\/v2\/media?parent=7680"}],"wp:term":[{"taxonomy":"descricao","embeddable":true,"href":"https:\/\/atimilplast.com.br\/loja\/wp-json\/wp\/v2\/descricao?post=7680"},{"taxonomy":"product_brand","embeddable":true,"href":"https:\/\/atimilplast.com.br\/loja\/wp-json\/wp\/v2\/product_brand?post=7680"},{"taxonomy":"product_cat","embeddable":true,"href":"https:\/\/atimilplast.com.br\/loja\/wp-json\/wp\/v2\/product_cat?post=7680"},{"taxonomy":"product_tag","embeddable":true,"href":"https:\/\/atimilplast.com.br\/loja\/wp-json\/wp\/v2\/product_tag?post=7680"}],"curies":[{"name":"wp","href":"https:\/\/api.w.org\/{rel}","templated":true}]}}