{"id":7709,"date":"2024-03-26T16:06:45","date_gmt":"2024-03-26T19:06:45","guid":{"rendered":"https:\/\/atimilplast.com.br\/loja\/?post_type=product&#038;p=7709"},"modified":"2025-06-11T15:16:42","modified_gmt":"2025-06-11T18:16:42","slug":"carro-funcional-guard","status":"publish","type":"product","link":"https:\/\/atimilplast.com.br\/loja\/produtos\/carros-funcionais\/carro-funcional-guard\/","title":{"rendered":"Carro Funcional Guard"},"content":{"rendered":"","protected":false},"excerpt":{"rendered":"<p><strong>Mais um lan\u00e7amento da Equipamentos para otimizar a seguran\u00e7a e produtividade nas tarefas de Limpeza Profissional e de Governan\u00e7a!<\/strong><\/p>\n<p>O Carro de Limpeza Guard\u00ae al\u00e9m de contar com a m\u00e1xima qualidade, apresenta diferenciais importantes que v\u00e3o conquistar a prefer\u00eancia dos profissionais que atuam na limpeza de empresas dos mais variados perfis de atua\u00e7\u00e3o.<\/p>\n<p>Saco de Vinil com capacidade de at\u00e9 90 Litros ou 50 kilos.<\/p>\n<p><strong>Veja no quadro abaixo os detalhes desse equipamento que veio para otimizar o trabalho de limpeza profissional.<\/strong><\/p>\n","protected":false},"featured_media":7714,"template":"","meta":{"_acf_changed":false},"descricao":[],"product_brand":[],"product_cat":[259],"product_tag":[],"class_list":{"0":"post-7709","1":"product","2":"type-product","3":"status-publish","4":"has-post-thumbnail","6":"product_cat-carros-funcionais","9":"instock","10":"shipping-taxable","11":"product-type-simple"},"acf":[],"_links":{"self":[{"href":"https:\/\/atimilplast.com.br\/loja\/wp-json\/wp\/v2\/product\/7709","targetHints":{"allow":["GET"]}}],"collection":[{"href":"https:\/\/atimilplast.com.br\/loja\/wp-json\/wp\/v2\/product"}],"about":[{"href":"https:\/\/atimilplast.com.br\/loja\/wp-json\/wp\/v2\/types\/product"}],"version-history":[{"count":2,"href":"https:\/\/atimilplast.com.br\/loja\/wp-json\/wp\/v2\/product\/7709\/revisions"}],"predecessor-version":[{"id":7717,"href":"https:\/\/atimilplast.com.br\/loja\/wp-json\/wp\/v2\/product\/7709\/revisions\/7717"}],"wp:featuredmedia":[{"embeddable":true,"href":"https:\/\/atimilplast.com.br\/loja\/wp-json\/wp\/v2\/media\/7714"}],"wp:attachment":[{"href":"https:\/\/atimilplast.com.br\/loja\/wp-json\/wp\/v2\/media?parent=7709"}],"wp:term":[{"taxonomy":"descricao","embeddable":true,"href":"https:\/\/atimilplast.com.br\/loja\/wp-json\/wp\/v2\/descricao?post=7709"},{"taxonomy":"product_brand","embeddable":true,"href":"https:\/\/atimilplast.com.br\/loja\/wp-json\/wp\/v2\/product_brand?post=7709"},{"taxonomy":"product_cat","embeddable":true,"href":"https:\/\/atimilplast.com.br\/loja\/wp-json\/wp\/v2\/product_cat?post=7709"},{"taxonomy":"product_tag","embeddable":true,"href":"https:\/\/atimilplast.com.br\/loja\/wp-json\/wp\/v2\/product_tag?post=7709"}],"curies":[{"name":"wp","href":"https:\/\/api.w.org\/{rel}","templated":true}]}}