{"id":7733,"date":"2024-03-26T16:53:03","date_gmt":"2024-03-26T19:53:03","guid":{"rendered":"https:\/\/atimilplast.com.br\/loja\/?post_type=product&#038;p=7733"},"modified":"2025-06-11T15:16:42","modified_gmt":"2025-06-11T18:16:42","slug":"carro-funcional-tubular-master-e-compaq","status":"publish","type":"product","link":"https:\/\/atimilplast.com.br\/loja\/produtos\/carros-funcionais\/carro-funcional-tubular-master-e-compaq\/","title":{"rendered":"Carro Funcional Tubular Master e Compaq"},"content":{"rendered":"<p>VANTAGENS:<\/p>\n<p>\u2022 Excelente rela\u00e7\u00e3o custo x benef\u00edcio.<br \/>\n\u2022 Estrutura tubular em alum\u00ednio muito resistente e leve.<br \/>\n\u2022 Pl\u00e1stico liso com cantos arredondados para facilitar a higieniza\u00e7\u00e3o.<br \/>\n\u2022 Rod\u00edzios fixos e girat\u00f3rios em a\u00e7o, revestida de PVC para redu\u00e7\u00e3o de ru\u00eddos.<\/p>\n","protected":false},"excerpt":{"rendered":"<p><strong>Versatilidade em duas vers\u00f5es.<\/strong><\/p>\n<p>Escolha a mais adequada para seu ambiente.<br \/>\nEste carro funcional pode ser utilizado em duas vers\u00f5es: Master e Compaq.<\/p>\n<p>Carro funcional modular para tarefas de higiene e transporte de res\u00edduos, fabricado em Polipropileno e estrutura tubular de alum\u00ednio. Destina-se ao transporte de utens\u00edlios e produtos qu\u00edmicos diversos, permitindo que todos os equipamentos que comp\u00f5em o sistema de limpeza sejam transportados em uma \u00fanica vez. Utilizado na limpeza e higieniza\u00e7\u00e3o de hospitais, shoppings, ind\u00fastrias, supermercados, restaurantes, entre outros.<\/p>\n","protected":false},"featured_media":7734,"template":"","meta":{"_acf_changed":false},"descricao":[],"product_brand":[],"product_cat":[259],"product_tag":[],"class_list":{"0":"post-7733","1":"product","2":"type-product","3":"status-publish","4":"has-post-thumbnail","6":"product_cat-carros-funcionais","9":"instock","10":"shipping-taxable","11":"product-type-simple"},"acf":[],"_links":{"self":[{"href":"https:\/\/atimilplast.com.br\/loja\/wp-json\/wp\/v2\/product\/7733","targetHints":{"allow":["GET"]}}],"collection":[{"href":"https:\/\/atimilplast.com.br\/loja\/wp-json\/wp\/v2\/product"}],"about":[{"href":"https:\/\/atimilplast.com.br\/loja\/wp-json\/wp\/v2\/types\/product"}],"version-history":[{"count":2,"href":"https:\/\/atimilplast.com.br\/loja\/wp-json\/wp\/v2\/product\/7733\/revisions"}],"predecessor-version":[{"id":7736,"href":"https:\/\/atimilplast.com.br\/loja\/wp-json\/wp\/v2\/product\/7733\/revisions\/7736"}],"wp:featuredmedia":[{"embeddable":true,"href":"https:\/\/atimilplast.com.br\/loja\/wp-json\/wp\/v2\/media\/7734"}],"wp:attachment":[{"href":"https:\/\/atimilplast.com.br\/loja\/wp-json\/wp\/v2\/media?parent=7733"}],"wp:term":[{"taxonomy":"descricao","embeddable":true,"href":"https:\/\/atimilplast.com.br\/loja\/wp-json\/wp\/v2\/descricao?post=7733"},{"taxonomy":"product_brand","embeddable":true,"href":"https:\/\/atimilplast.com.br\/loja\/wp-json\/wp\/v2\/product_brand?post=7733"},{"taxonomy":"product_cat","embeddable":true,"href":"https:\/\/atimilplast.com.br\/loja\/wp-json\/wp\/v2\/product_cat?post=7733"},{"taxonomy":"product_tag","embeddable":true,"href":"https:\/\/atimilplast.com.br\/loja\/wp-json\/wp\/v2\/product_tag?post=7733"}],"curies":[{"name":"wp","href":"https:\/\/api.w.org\/{rel}","templated":true}]}}