{"id":7865,"date":"2024-08-19T12:18:20","date_gmt":"2024-08-19T15:18:20","guid":{"rendered":"https:\/\/atimilplast.com.br\/loja\/?post_type=product&#038;p=7865"},"modified":"2025-06-11T15:16:44","modified_gmt":"2025-06-11T18:16:44","slug":"carro-extra-i","status":"publish","type":"product","link":"https:\/\/atimilplast.com.br\/loja\/produtos\/carros-bandeja\/carro-extra-i\/","title":{"rendered":"Carro Extra I"},"content":{"rendered":"","protected":false},"excerpt":{"rendered":"<p>\u2022 Fabricado em Polipropileno de alta resist\u00eancia com colunas em alum\u00ednio anodizado.<br \/>\n\u2022 Exclusivo para transporte de roupas, produtos e descart\u00e1veis.<br \/>\n\u2022 Saco em vinil com capacidade de 90 litros ou 50Kg.<br \/>\n\u2022 4 rod\u00edzios girat\u00f3rios de 3 polegadas que possibilitam seu f\u00e1cil deslocamento.<br \/>\n\u2022 Exclusivo design que o torna indispens\u00e1vel para hotelaria, fast food, hospitalar e outros.<\/p>\n<p>Este vers\u00e1til equipamento ainda pode apresentar as vers\u00f5es\u00a0<strong>COM FECHAMENTO e ou FECHAMENTO TOTAL E PORTAS<\/strong>, para proteger os materiais e guard\u00e1-los com seguran\u00e7a, utilizando chave. Veja abaixo.<\/p>\n","protected":false},"featured_media":7879,"template":"","meta":{"_acf_changed":false},"descricao":[],"product_brand":[],"product_cat":[262,259],"product_tag":[],"class_list":{"0":"post-7865","1":"product","2":"type-product","3":"status-publish","4":"has-post-thumbnail","6":"product_cat-carros-bandeja","7":"product_cat-carros-funcionais","8":"pa_cor-amarelo","9":"pa_cor-branco","10":"pa_cor-verde","11":"pa_cor-vermelho","12":"pa_modelo-com-fechamento-e-portas","13":"pa_modelo-fechamento-lateral","14":"pa_modelo-sem-fechamento","17":"instock","18":"shipping-taxable","19":"purchasable","20":"product-type-variable"},"acf":[],"_links":{"self":[{"href":"https:\/\/atimilplast.com.br\/loja\/wp-json\/wp\/v2\/product\/7865","targetHints":{"allow":["GET"]}}],"collection":[{"href":"https:\/\/atimilplast.com.br\/loja\/wp-json\/wp\/v2\/product"}],"about":[{"href":"https:\/\/atimilplast.com.br\/loja\/wp-json\/wp\/v2\/types\/product"}],"version-history":[{"count":1,"href":"https:\/\/atimilplast.com.br\/loja\/wp-json\/wp\/v2\/product\/7865\/revisions"}],"predecessor-version":[{"id":7881,"href":"https:\/\/atimilplast.com.br\/loja\/wp-json\/wp\/v2\/product\/7865\/revisions\/7881"}],"wp:featuredmedia":[{"embeddable":true,"href":"https:\/\/atimilplast.com.br\/loja\/wp-json\/wp\/v2\/media\/7879"}],"wp:attachment":[{"href":"https:\/\/atimilplast.com.br\/loja\/wp-json\/wp\/v2\/media?parent=7865"}],"wp:term":[{"taxonomy":"descricao","embeddable":true,"href":"https:\/\/atimilplast.com.br\/loja\/wp-json\/wp\/v2\/descricao?post=7865"},{"taxonomy":"product_brand","embeddable":true,"href":"https:\/\/atimilplast.com.br\/loja\/wp-json\/wp\/v2\/product_brand?post=7865"},{"taxonomy":"product_cat","embeddable":true,"href":"https:\/\/atimilplast.com.br\/loja\/wp-json\/wp\/v2\/product_cat?post=7865"},{"taxonomy":"product_tag","embeddable":true,"href":"https:\/\/atimilplast.com.br\/loja\/wp-json\/wp\/v2\/product_tag?post=7865"}],"curies":[{"name":"wp","href":"https:\/\/api.w.org\/{rel}","templated":true}]}}