{"id":7883,"date":"2024-08-19T12:43:28","date_gmt":"2024-08-19T15:43:28","guid":{"rendered":"https:\/\/atimilplast.com.br\/loja\/?post_type=product&#038;p=7883"},"modified":"2025-06-11T15:16:46","modified_gmt":"2025-06-11T18:16:46","slug":"carro-extra-ii","status":"publish","type":"product","link":"https:\/\/atimilplast.com.br\/loja\/produtos\/carros-bandeja\/carro-extra-ii\/","title":{"rendered":"Carro Extra II"},"content":{"rendered":"","protected":false},"excerpt":{"rendered":"<p>\u2022 Fabricado em Polipropileno de alta resist\u00eancia com colunas em alum\u00ednio anodizado.<br \/>\n\u2022 Exclusivo para transporte de roupas, produtos e descart\u00e1veis.<br \/>\n\u2022 4 rod\u00edzios girat\u00f3rios de 3 polegadas que possibilitam seu f\u00e1cil deslocamento.<br \/>\n\u2022 Exclusivo design que o torna indispens\u00e1vel para hotelaria, fast food, hospitalar e outros.<br \/>\n\u2022 2 sacos em vinil com capacidade de 90 litros ou 50Kg cada.<\/p>\n","protected":false},"featured_media":7897,"template":"","meta":{"_acf_changed":false},"descricao":[],"product_brand":[],"product_cat":[262,259],"product_tag":[],"class_list":{"0":"post-7883","1":"product","2":"type-product","3":"status-publish","4":"has-post-thumbnail","6":"product_cat-carros-bandeja","7":"product_cat-carros-funcionais","8":"pa_cor-amarelo","9":"pa_cor-azul","10":"pa_cor-verde","11":"pa_cor-vermelho","12":"pa_modelo-com-fechamento","13":"pa_modelo-com-fechamento-e-portas","14":"pa_modelo-sem-fechamento","17":"instock","18":"shipping-taxable","19":"purchasable","20":"product-type-variable"},"acf":[],"_links":{"self":[{"href":"https:\/\/atimilplast.com.br\/loja\/wp-json\/wp\/v2\/product\/7883","targetHints":{"allow":["GET"]}}],"collection":[{"href":"https:\/\/atimilplast.com.br\/loja\/wp-json\/wp\/v2\/product"}],"about":[{"href":"https:\/\/atimilplast.com.br\/loja\/wp-json\/wp\/v2\/types\/product"}],"version-history":[{"count":3,"href":"https:\/\/atimilplast.com.br\/loja\/wp-json\/wp\/v2\/product\/7883\/revisions"}],"predecessor-version":[{"id":7901,"href":"https:\/\/atimilplast.com.br\/loja\/wp-json\/wp\/v2\/product\/7883\/revisions\/7901"}],"wp:featuredmedia":[{"embeddable":true,"href":"https:\/\/atimilplast.com.br\/loja\/wp-json\/wp\/v2\/media\/7897"}],"wp:attachment":[{"href":"https:\/\/atimilplast.com.br\/loja\/wp-json\/wp\/v2\/media?parent=7883"}],"wp:term":[{"taxonomy":"descricao","embeddable":true,"href":"https:\/\/atimilplast.com.br\/loja\/wp-json\/wp\/v2\/descricao?post=7883"},{"taxonomy":"product_brand","embeddable":true,"href":"https:\/\/atimilplast.com.br\/loja\/wp-json\/wp\/v2\/product_brand?post=7883"},{"taxonomy":"product_cat","embeddable":true,"href":"https:\/\/atimilplast.com.br\/loja\/wp-json\/wp\/v2\/product_cat?post=7883"},{"taxonomy":"product_tag","embeddable":true,"href":"https:\/\/atimilplast.com.br\/loja\/wp-json\/wp\/v2\/product_tag?post=7883"}],"curies":[{"name":"wp","href":"https:\/\/api.w.org\/{rel}","templated":true}]}}