{"id":7902,"date":"2024-08-19T12:48:31","date_gmt":"2024-08-19T15:48:31","guid":{"rendered":"https:\/\/atimilplast.com.br\/loja\/?post_type=product&#038;p=7902"},"modified":"2025-06-11T15:16:45","modified_gmt":"2025-06-11T18:16:45","slug":"carro-arrumadeira-bolonha","status":"publish","type":"product","link":"https:\/\/atimilplast.com.br\/loja\/produtos\/carros-bandeja\/carro-arrumadeira-bolonha\/","title":{"rendered":"Carro Arrumadeira Bolonha"},"content":{"rendered":"","protected":false},"excerpt":{"rendered":"<p><strong>Este carro funcional \u00e9 apropriado para o atendimento dos servi\u00e7os de\u00a0 hotelaria.<\/strong><\/p>\n<p>Seu design exclusivo proporciona um excelente deslocamento atrav\u00e9s de seus rod\u00edzios girat\u00f3rios de 5 polegadas.<\/p>\n<p>Carrega roupas sujas em seus sacos de nylon com capacidade para at\u00e9 90kg e em seus compartimentos internos transporta\u00a0 roupas limpas.<\/p>\n<p>\u00c9 ideal para o atendimento dos servi\u00e7os de cozinha entre os quartos.<\/p>\n<p>\u2022 Fabricado em Polipropileno 100% recicl\u00e1vel<\/p>\n","protected":false},"featured_media":7906,"template":"","meta":{"_acf_changed":false},"descricao":[],"product_brand":[],"product_cat":[262,259],"product_tag":[],"class_list":{"0":"post-7902","1":"product","2":"type-product","3":"status-publish","4":"has-post-thumbnail","6":"product_cat-carros-bandeja","7":"product_cat-carros-funcionais","10":"instock","11":"shipping-taxable","12":"product-type-simple"},"acf":[],"_links":{"self":[{"href":"https:\/\/atimilplast.com.br\/loja\/wp-json\/wp\/v2\/product\/7902","targetHints":{"allow":["GET"]}}],"collection":[{"href":"https:\/\/atimilplast.com.br\/loja\/wp-json\/wp\/v2\/product"}],"about":[{"href":"https:\/\/atimilplast.com.br\/loja\/wp-json\/wp\/v2\/types\/product"}],"version-history":[{"count":11,"href":"https:\/\/atimilplast.com.br\/loja\/wp-json\/wp\/v2\/product\/7902\/revisions"}],"predecessor-version":[{"id":7943,"href":"https:\/\/atimilplast.com.br\/loja\/wp-json\/wp\/v2\/product\/7902\/revisions\/7943"}],"wp:featuredmedia":[{"embeddable":true,"href":"https:\/\/atimilplast.com.br\/loja\/wp-json\/wp\/v2\/media\/7906"}],"wp:attachment":[{"href":"https:\/\/atimilplast.com.br\/loja\/wp-json\/wp\/v2\/media?parent=7902"}],"wp:term":[{"taxonomy":"descricao","embeddable":true,"href":"https:\/\/atimilplast.com.br\/loja\/wp-json\/wp\/v2\/descricao?post=7902"},{"taxonomy":"product_brand","embeddable":true,"href":"https:\/\/atimilplast.com.br\/loja\/wp-json\/wp\/v2\/product_brand?post=7902"},{"taxonomy":"product_cat","embeddable":true,"href":"https:\/\/atimilplast.com.br\/loja\/wp-json\/wp\/v2\/product_cat?post=7902"},{"taxonomy":"product_tag","embeddable":true,"href":"https:\/\/atimilplast.com.br\/loja\/wp-json\/wp\/v2\/product_tag?post=7902"}],"curies":[{"name":"wp","href":"https:\/\/api.w.org\/{rel}","templated":true}]}}