{"id":7924,"date":"2024-08-19T13:20:27","date_gmt":"2024-08-19T16:20:27","guid":{"rendered":"https:\/\/atimilplast.com.br\/loja\/?post_type=product&#038;p=7924"},"modified":"2025-06-11T15:16:46","modified_gmt":"2025-06-11T18:16:46","slug":"carro-sistema-strong-sem-fechamento","status":"publish","type":"product","link":"https:\/\/atimilplast.com.br\/loja\/produtos\/carros-funcionais\/carro-sistema-strong-sem-fechamento\/","title":{"rendered":"Carro Sistema Strong Sem Fechamento"},"content":{"rendered":"","protected":false},"excerpt":{"rendered":"<p>Fabricado em Polipropileno e Alum\u00ednio anodizado, este sistema permite a organiza\u00e7\u00e3o de diferentes tipos de materiais, objetos e acess\u00f3rios proporcionando ambientes limpos e organizados. Sua versatilidade permite seu deslocamento em locais com espa\u00e7o restrito.<\/p>\n<p>Dispon\u00edvel em diversas vers\u00f5es para que se adequem as mais diferentes necessidades.<\/p>\n<p>Tamb\u00e9m indicado para servi\u00e7os em restaurantes e fast foods pois, possibilitam o transporte de bandejas, pratos, talheres e outros.<\/p>\n","protected":false},"featured_media":7935,"template":"","meta":{"_acf_changed":false},"descricao":[],"product_brand":[],"product_cat":[259,263],"product_tag":[],"class_list":{"0":"post-7924","1":"product","2":"type-product","3":"status-publish","4":"has-post-thumbnail","6":"product_cat-carros-funcionais","7":"product_cat-carros-organizadores","8":"pa_material-4-bandejas","9":"pa_material-5-bandejas","10":"pa_modelo-com-fechamento","11":"pa_modelo-sem-fechamento","14":"instock","15":"shipping-taxable","16":"purchasable","17":"product-type-variable"},"acf":[],"_links":{"self":[{"href":"https:\/\/atimilplast.com.br\/loja\/wp-json\/wp\/v2\/product\/7924","targetHints":{"allow":["GET"]}}],"collection":[{"href":"https:\/\/atimilplast.com.br\/loja\/wp-json\/wp\/v2\/product"}],"about":[{"href":"https:\/\/atimilplast.com.br\/loja\/wp-json\/wp\/v2\/types\/product"}],"version-history":[{"count":1,"href":"https:\/\/atimilplast.com.br\/loja\/wp-json\/wp\/v2\/product\/7924\/revisions"}],"predecessor-version":[{"id":7929,"href":"https:\/\/atimilplast.com.br\/loja\/wp-json\/wp\/v2\/product\/7924\/revisions\/7929"}],"wp:featuredmedia":[{"embeddable":true,"href":"https:\/\/atimilplast.com.br\/loja\/wp-json\/wp\/v2\/media\/7935"}],"wp:attachment":[{"href":"https:\/\/atimilplast.com.br\/loja\/wp-json\/wp\/v2\/media?parent=7924"}],"wp:term":[{"taxonomy":"descricao","embeddable":true,"href":"https:\/\/atimilplast.com.br\/loja\/wp-json\/wp\/v2\/descricao?post=7924"},{"taxonomy":"product_brand","embeddable":true,"href":"https:\/\/atimilplast.com.br\/loja\/wp-json\/wp\/v2\/product_brand?post=7924"},{"taxonomy":"product_cat","embeddable":true,"href":"https:\/\/atimilplast.com.br\/loja\/wp-json\/wp\/v2\/product_cat?post=7924"},{"taxonomy":"product_tag","embeddable":true,"href":"https:\/\/atimilplast.com.br\/loja\/wp-json\/wp\/v2\/product_tag?post=7924"}],"curies":[{"name":"wp","href":"https:\/\/api.w.org\/{rel}","templated":true}]}}