{"id":7936,"date":"2024-08-19T15:31:54","date_gmt":"2024-08-19T18:31:54","guid":{"rendered":"https:\/\/atimilplast.com.br\/loja\/?post_type=product&#038;p=7936"},"modified":"2025-06-11T15:16:46","modified_gmt":"2025-06-11T18:16:46","slug":"carro-organizador-strong-com-fechamento","status":"publish","type":"product","link":"https:\/\/atimilplast.com.br\/loja\/produtos\/carros-funcionais\/carro-organizador-strong-com-fechamento\/","title":{"rendered":"Carro Organizador Strong com Fechamento"},"content":{"rendered":"","protected":false},"excerpt":{"rendered":"<p>O Carro Organizador Strong\u00a0com\u00a0Fechamento \u00e9 excelente para organizar e proteger itens diversos como materiais de escrit\u00f3rios, acess\u00f3rios para alimenta\u00e7\u00e3o ou para servi\u00e7os de sa\u00fade, etc..<\/p>\n<p>Este equipamento \u00e9\u00a0 fabricado em polipropileno e alum\u00ednio anodizado que permite durabilidade ao produto e f\u00e1cil higieniza\u00e7\u00e3o.<\/p>\n<p>Sendo assim pode ser feita a organiza\u00e7\u00e3o de diferentes tipos de materiais, objetos e acess\u00f3rios proporcionando ambientes limpos e organizados.<\/p>\n<p>Sua utiliza\u00e7\u00e3o \u00e9 indicada tanto para os servi\u00e7os em restaurantes ou fast foods por possibilitarem o transporte de bandejas e outros utens\u00edlios, quanto para outras necessidades de outros tipos de empresas.<\/p>\n","protected":false},"featured_media":7941,"template":"","meta":{"_acf_changed":false},"descricao":[],"product_brand":[],"product_cat":[259,263],"product_tag":[],"class_list":{"0":"post-7936","1":"product","2":"type-product","3":"status-publish","4":"has-post-thumbnail","6":"product_cat-carros-funcionais","7":"product_cat-carros-organizadores","8":"pa_material-4-bandejas","9":"pa_material-5-bandejas","10":"pa_modelo-com-fechamento-e-portas","11":"pa_modelo-fechamento-lateral","14":"instock","15":"shipping-taxable","16":"purchasable","17":"product-type-variable"},"acf":[],"_links":{"self":[{"href":"https:\/\/atimilplast.com.br\/loja\/wp-json\/wp\/v2\/product\/7936","targetHints":{"allow":["GET"]}}],"collection":[{"href":"https:\/\/atimilplast.com.br\/loja\/wp-json\/wp\/v2\/product"}],"about":[{"href":"https:\/\/atimilplast.com.br\/loja\/wp-json\/wp\/v2\/types\/product"}],"version-history":[{"count":1,"href":"https:\/\/atimilplast.com.br\/loja\/wp-json\/wp\/v2\/product\/7936\/revisions"}],"predecessor-version":[{"id":7942,"href":"https:\/\/atimilplast.com.br\/loja\/wp-json\/wp\/v2\/product\/7936\/revisions\/7942"}],"wp:featuredmedia":[{"embeddable":true,"href":"https:\/\/atimilplast.com.br\/loja\/wp-json\/wp\/v2\/media\/7941"}],"wp:attachment":[{"href":"https:\/\/atimilplast.com.br\/loja\/wp-json\/wp\/v2\/media?parent=7936"}],"wp:term":[{"taxonomy":"descricao","embeddable":true,"href":"https:\/\/atimilplast.com.br\/loja\/wp-json\/wp\/v2\/descricao?post=7936"},{"taxonomy":"product_brand","embeddable":true,"href":"https:\/\/atimilplast.com.br\/loja\/wp-json\/wp\/v2\/product_brand?post=7936"},{"taxonomy":"product_cat","embeddable":true,"href":"https:\/\/atimilplast.com.br\/loja\/wp-json\/wp\/v2\/product_cat?post=7936"},{"taxonomy":"product_tag","embeddable":true,"href":"https:\/\/atimilplast.com.br\/loja\/wp-json\/wp\/v2\/product_tag?post=7936"}],"curies":[{"name":"wp","href":"https:\/\/api.w.org\/{rel}","templated":true}]}}