{"id":7984,"date":"2024-08-21T11:50:43","date_gmt":"2024-08-21T14:50:43","guid":{"rendered":"https:\/\/atimilplast.com.br\/loja\/?post_type=product&#038;p=7984"},"modified":"2025-06-11T15:16:48","modified_gmt":"2025-06-11T18:16:48","slug":"container-de-lixo-500-litros","status":"publish","type":"product","link":"https:\/\/atimilplast.com.br\/loja\/produtos\/containers-de-lixo\/container-de-lixo-500-litros\/","title":{"rendered":"Container de Lixo 500 Litros"},"content":{"rendered":"<p>Resistentes ao impacto e \u00e0 tra\u00e7\u00e3o, o Container de Lixo 500 Litros Sem Pedal possui prote\u00e7\u00e3o contra raios ultravioleta e cont\u00eam um aditivo extra antioxidante, o que lhe garante n\u00edveis de prote\u00e7\u00e3o classe 8 \u2013 UV 8, da American Society for Testing and Materials (ASTM), em conformidade com a norma EN840. T\u00eam capacidade para 500L e contam com rodas de PVC com 150mm de di\u00e2metro e n\u00facleo de polipropileno (PP).<\/p>\n<p>Possuem 4 rod\u00edzios girat\u00f3rios, sendo 2 com freios, e garfos em a\u00e7o com tratamento anticorrosivo, o que lhes garante excelente custo-benef\u00edcio. O Container de Lixo Sem Pedal 500L possui ainda munh\u00e3o para basculamento lateral em caminh\u00f5es de coleta urbana, refor\u00e7o em chapa de a\u00e7o e dreno com tampa rosque\u00e1vel para escoamento de l\u00edquidos. Criados em diferentes cores, para o descarte correto de diversos tipos de materiais. Associadas \u00e0 coleta de res\u00edduos pl\u00e1sticos, pap\u00e9is, vidros, metais, radioativos, org\u00e2nicos, n\u00e3o recicl\u00e1veis, etc. Fabricado nas cores verde, azul, vermelho, amarelo, cinza, laranja, preta, branca e marrom.<\/p>\n","protected":false},"excerpt":{"rendered":"<p>O Container de Lixo 500 Litros Sem Pedal \u00e9 fabricado em Polietileno de M\u00e9dia ou Alta Densidade (PEMD ou PEAD) 100% virgem, garantindo aos nossos clientes os requisitos de seguran\u00e7a e confiabilidade em raz\u00e3o do material de alta qualidade, resist\u00eancia e durabilidade.<\/p>\n","protected":false},"featured_media":7995,"template":"","meta":{"_acf_changed":false},"descricao":[],"product_brand":[],"product_cat":[103],"product_tag":[],"class_list":{"0":"post-7984","1":"product","2":"type-product","3":"status-publish","4":"has-post-thumbnail","6":"product_cat-containers-de-lixo","7":"pa_cor-amarelo","8":"pa_cor-azul","9":"pa_cor-branco","10":"pa_cor-cinza","11":"pa_cor-laranja","12":"pa_cor-marrom","13":"pa_cor-preto","14":"pa_cor-verde","15":"pa_cor-vermelho","18":"instock","19":"shipping-taxable","20":"purchasable","21":"product-type-variable"},"acf":[],"_links":{"self":[{"href":"https:\/\/atimilplast.com.br\/loja\/wp-json\/wp\/v2\/product\/7984","targetHints":{"allow":["GET"]}}],"collection":[{"href":"https:\/\/atimilplast.com.br\/loja\/wp-json\/wp\/v2\/product"}],"about":[{"href":"https:\/\/atimilplast.com.br\/loja\/wp-json\/wp\/v2\/types\/product"}],"version-history":[{"count":1,"href":"https:\/\/atimilplast.com.br\/loja\/wp-json\/wp\/v2\/product\/7984\/revisions"}],"predecessor-version":[{"id":8000,"href":"https:\/\/atimilplast.com.br\/loja\/wp-json\/wp\/v2\/product\/7984\/revisions\/8000"}],"wp:featuredmedia":[{"embeddable":true,"href":"https:\/\/atimilplast.com.br\/loja\/wp-json\/wp\/v2\/media\/7995"}],"wp:attachment":[{"href":"https:\/\/atimilplast.com.br\/loja\/wp-json\/wp\/v2\/media?parent=7984"}],"wp:term":[{"taxonomy":"descricao","embeddable":true,"href":"https:\/\/atimilplast.com.br\/loja\/wp-json\/wp\/v2\/descricao?post=7984"},{"taxonomy":"product_brand","embeddable":true,"href":"https:\/\/atimilplast.com.br\/loja\/wp-json\/wp\/v2\/product_brand?post=7984"},{"taxonomy":"product_cat","embeddable":true,"href":"https:\/\/atimilplast.com.br\/loja\/wp-json\/wp\/v2\/product_cat?post=7984"},{"taxonomy":"product_tag","embeddable":true,"href":"https:\/\/atimilplast.com.br\/loja\/wp-json\/wp\/v2\/product_tag?post=7984"}],"curies":[{"name":"wp","href":"https:\/\/api.w.org\/{rel}","templated":true}]}}