{"id":8091,"date":"2024-08-21T14:41:26","date_gmt":"2024-08-21T17:41:26","guid":{"rendered":"https:\/\/atimilplast.com.br\/loja\/?post_type=product&#038;p=8091"},"modified":"2025-06-11T15:16:50","modified_gmt":"2025-06-11T18:16:50","slug":"carrinho-coletor-de-lixo-de-240-litros","status":"publish","type":"product","link":"https:\/\/atimilplast.com.br\/loja\/produtos\/carrinhos-coletores-de-lixos\/carrinho-coletor-de-lixo-de-240-litros\/","title":{"rendered":"Carrinho Coletor de Lixo de 240 Litros"},"content":{"rendered":"<section class=\"detalhesProd__descriptions\">\n<div class=\"description-left\">\n<div class=\"detalhesProd__descriptions-content\">\n<div class=\"productDescription\">O Carrinho Coletor de Lixo sem Pedal de 240 Litros \u00e9 fabricado em Polietileno de Alta Densidade (PEAD) ou Polipropileno (PP). S\u00e3o injetados em m\u00e1quinas de alta tecnologia, respeitando as principais normas vigentes da Ag\u00eancia Nacional de Vigil\u00e2ncia Sanit\u00e1ria (ANVISA). Resistentes ao impacto, aos raios ultravioleta e \u00e0s repetidas lavagens, os Carrinhos Coletores de Lixo sem Pedal de 240L garantem seguran\u00e7a, confiabilidade e durabilidade aos nossos clientes em raz\u00e3o do alto padr\u00e3o de qualidade e resist\u00eancia com que s\u00e3o produzidos.<\/div>\n<div class=\"productDescription\">Os Carrinhos Coletores de Lixo sem Pedal de 240L t\u00eam capacidade para armazenar 240 litros ou 96 kg de lixo, s\u00e3o dotados de rodas de borracha com 200mm ou 300mm de di\u00e2metro e eixo refor\u00e7ado. S\u00e3o indicados para empresas de coleta, condom\u00ednios, hospitais, shoppings e demais estabelecimentos comerciais e industriais e s\u00e3o ideais para a coleta urbana, o recolhimento de lixo hospitalar e res\u00edduos industriais, entre outros. Foram criados em diferentes cores, para o descarte correto de diversos tipos de materiais. As cores s\u00e3o associadas \u00e0 coleta de res\u00edduos pl\u00e1sticos, pap\u00e9is, vidros, metais, radioativos, org\u00e2nicos, n\u00e3o recicl\u00e1veis, etc.<\/div>\n<\/div>\n<\/div>\n<\/section>\n<section class=\"detalhesProd__especTecnica\">\n<div class=\"especTecnica-left\"><\/div>\n<\/section>\n","protected":false},"excerpt":{"rendered":"<p><strong>Caracter\u00edsticas do produto<\/strong><\/p>\n<p><strong>Descri\u00e7\u00e3o curta:<\/strong> Coletor 240L &#8211; S\/ Pedal<\/p>\n<p><strong>Modelo:<\/strong> Carrinho Coletor Sem Pedal 240L \u00d8 Rodas: 200 ou 300mm<\/p>\n<p><strong>Largura:<\/strong> 595mm<\/p>\n<p><strong>Comprimento:<\/strong> 745mm<\/p>\n<p><strong>Altura: <\/strong>1000mm<\/p>\n<p><strong>Peso:<\/strong> 12,7Kg<\/p>\n<p><strong>Capacidade:<\/strong> 96Kg<\/p>\n<p><strong>Material:<\/strong> PEAD (Polietileno de Alta Densidade) ou PP (Polipropileno)<\/p>\n","protected":false},"featured_media":8109,"template":"","meta":{"_acf_changed":false},"descricao":[],"product_brand":[],"product_cat":[15],"product_tag":[],"class_list":{"0":"post-8091","1":"product","2":"type-product","3":"status-publish","4":"has-post-thumbnail","6":"product_cat-carrinhos-coletores-de-lixos","7":"pa_cor-amarelo","8":"pa_cor-azul","9":"pa_cor-branco","10":"pa_cor-cinza","11":"pa_cor-laranja","12":"pa_cor-preto","13":"pa_cor-verde","14":"pa_cor-vermelho","17":"instock","18":"shipping-taxable","19":"purchasable","20":"product-type-variable"},"acf":[],"_links":{"self":[{"href":"https:\/\/atimilplast.com.br\/loja\/wp-json\/wp\/v2\/product\/8091","targetHints":{"allow":["GET"]}}],"collection":[{"href":"https:\/\/atimilplast.com.br\/loja\/wp-json\/wp\/v2\/product"}],"about":[{"href":"https:\/\/atimilplast.com.br\/loja\/wp-json\/wp\/v2\/types\/product"}],"version-history":[{"count":6,"href":"https:\/\/atimilplast.com.br\/loja\/wp-json\/wp\/v2\/product\/8091\/revisions"}],"predecessor-version":[{"id":9194,"href":"https:\/\/atimilplast.com.br\/loja\/wp-json\/wp\/v2\/product\/8091\/revisions\/9194"}],"wp:featuredmedia":[{"embeddable":true,"href":"https:\/\/atimilplast.com.br\/loja\/wp-json\/wp\/v2\/media\/8109"}],"wp:attachment":[{"href":"https:\/\/atimilplast.com.br\/loja\/wp-json\/wp\/v2\/media?parent=8091"}],"wp:term":[{"taxonomy":"descricao","embeddable":true,"href":"https:\/\/atimilplast.com.br\/loja\/wp-json\/wp\/v2\/descricao?post=8091"},{"taxonomy":"product_brand","embeddable":true,"href":"https:\/\/atimilplast.com.br\/loja\/wp-json\/wp\/v2\/product_brand?post=8091"},{"taxonomy":"product_cat","embeddable":true,"href":"https:\/\/atimilplast.com.br\/loja\/wp-json\/wp\/v2\/product_cat?post=8091"},{"taxonomy":"product_tag","embeddable":true,"href":"https:\/\/atimilplast.com.br\/loja\/wp-json\/wp\/v2\/product_tag?post=8091"}],"curies":[{"name":"wp","href":"https:\/\/api.w.org\/{rel}","templated":true}]}}