{"id":8125,"date":"2024-08-21T15:39:22","date_gmt":"2024-08-21T18:39:22","guid":{"rendered":"https:\/\/atimilplast.com.br\/loja\/?post_type=product&#038;p=8125"},"modified":"2025-06-11T15:16:50","modified_gmt":"2025-06-11T18:16:50","slug":"carrinho-coletor-de-lixo-de-120-litros","status":"publish","type":"product","link":"https:\/\/atimilplast.com.br\/loja\/produtos\/carrinhos-coletores-de-lixos\/carrinho-coletor-de-lixo-de-120-litros\/","title":{"rendered":"Carrinho Coletor de Lixo de 120 Litros"},"content":{"rendered":"<p>O Carrinho Coletor de Lixo Sem Pedal de 120 Litros \u00e9 fabricado em Polietileno de Alta Densidade (PEAD) ou Polipropileno (PP) S\u00e3o injetados em m\u00e1quinas de alta tecnologia, respeitando as principais normas vigentes da Ag\u00eancia Nacional de Vigil\u00e2ncia Sanit\u00e1ria (ANVISA). Resistentes ao impacto, aos raios ultravioleta e \u00e0s repetidas lavagens, o Carrinho Coletor de Lixo Sem Pedal garante seguran\u00e7a, confiabilidade e durabilidade aos nossos clientes em raz\u00e3o do alto padr\u00e3o de qualidade e resist\u00eancia com que s\u00e3o produzidos.<\/p>\n<p>Os Carrinhos Coletores de Lixo Sem Pedal de 120 Litros t\u00eam capacidade para armazenar 120 litros ou 58 kg de lixo, s\u00e3o dotados de rodas de borracha com 200mm de di\u00e2metro e eixo refor\u00e7ado. Foram criados em diferentes cores, para o descarte correto de diversos tipos de materiais. As cores s\u00e3o associadas \u00e0 coleta de res\u00edduos pl\u00e1sticos, pap\u00e9is, vidros, metais, radioativos, org\u00e2nicos, n\u00e3o recicl\u00e1veis, etc.<\/p>\n","protected":false},"excerpt":{"rendered":"<p><strong>Caracter\u00edsticas do produto<\/strong><\/p>\n<p><strong>Descri\u00e7\u00e3o curta:<\/strong> Carrinho Coletor Sem Pedal 120L \u00d8 Rodas: 200mm<\/p>\n<p><strong>Modelo:<\/strong> Coletor 120L &#8211; S\/ Pedal<\/p>\n<p><strong>Largura:<\/strong> 460 mm<\/p>\n<p><strong>Comprimento:<\/strong> 550 mm<\/p>\n<p><strong>Altura: 940 mm<\/strong><\/p>\n<p><strong>Peso:<\/strong> 8,440 kg<\/p>\n<p><strong>Material:<\/strong> PEAD (Polietileno de Alta Densidade) ou PP (Polipropileno)<\/p>\n","protected":false},"featured_media":8132,"template":"","meta":{"_acf_changed":false},"descricao":[],"product_brand":[],"product_cat":[15],"product_tag":[],"class_list":{"0":"post-8125","1":"product","2":"type-product","3":"status-publish","4":"has-post-thumbnail","6":"product_cat-carrinhos-coletores-de-lixos","7":"pa_cor-amarelo","8":"pa_cor-azul","9":"pa_cor-branco","10":"pa_cor-cinza","11":"pa_cor-laranja","12":"pa_cor-marrom","13":"pa_cor-preto","14":"pa_cor-verde","15":"pa_cor-vermelho","18":"instock","19":"shipping-taxable","20":"purchasable","21":"product-type-variable"},"acf":[],"_links":{"self":[{"href":"https:\/\/atimilplast.com.br\/loja\/wp-json\/wp\/v2\/product\/8125","targetHints":{"allow":["GET"]}}],"collection":[{"href":"https:\/\/atimilplast.com.br\/loja\/wp-json\/wp\/v2\/product"}],"about":[{"href":"https:\/\/atimilplast.com.br\/loja\/wp-json\/wp\/v2\/types\/product"}],"version-history":[{"count":3,"href":"https:\/\/atimilplast.com.br\/loja\/wp-json\/wp\/v2\/product\/8125\/revisions"}],"predecessor-version":[{"id":9193,"href":"https:\/\/atimilplast.com.br\/loja\/wp-json\/wp\/v2\/product\/8125\/revisions\/9193"}],"wp:featuredmedia":[{"embeddable":true,"href":"https:\/\/atimilplast.com.br\/loja\/wp-json\/wp\/v2\/media\/8132"}],"wp:attachment":[{"href":"https:\/\/atimilplast.com.br\/loja\/wp-json\/wp\/v2\/media?parent=8125"}],"wp:term":[{"taxonomy":"descricao","embeddable":true,"href":"https:\/\/atimilplast.com.br\/loja\/wp-json\/wp\/v2\/descricao?post=8125"},{"taxonomy":"product_brand","embeddable":true,"href":"https:\/\/atimilplast.com.br\/loja\/wp-json\/wp\/v2\/product_brand?post=8125"},{"taxonomy":"product_cat","embeddable":true,"href":"https:\/\/atimilplast.com.br\/loja\/wp-json\/wp\/v2\/product_cat?post=8125"},{"taxonomy":"product_tag","embeddable":true,"href":"https:\/\/atimilplast.com.br\/loja\/wp-json\/wp\/v2\/product_tag?post=8125"}],"curies":[{"name":"wp","href":"https:\/\/api.w.org\/{rel}","templated":true}]}}