{"id":8145,"date":"2024-08-21T15:48:50","date_gmt":"2024-08-21T18:48:50","guid":{"rendered":"https:\/\/atimilplast.com.br\/loja\/?post_type=product&#038;p=8145"},"modified":"2025-06-11T15:16:50","modified_gmt":"2025-06-11T18:16:50","slug":"lixeira-hospitalar-com-pedal-16l","status":"publish","type":"product","link":"https:\/\/atimilplast.com.br\/loja\/produtos\/lixeiras\/lixeiras-com-pedal\/lixeira-hospitalar-com-pedal-16l\/","title":{"rendered":"Lixeira Hospitalar Com Pedal 16L"},"content":{"rendered":"<section class=\"detalhesProd__descriptions\">\n<div class=\"description-left\">\n<div class=\"detalhesProd__descriptions-content\">\n<div class=\"productDescription\">\n<p>A Lixeira Com Pedal 16L possui balde interno remov\u00edvel, tornando sua higieniza\u00e7\u00e3o muito mais pr\u00e1tica e segura. Pode ser utilizada em hospitais, centros de sa\u00fade, consult\u00f3rios e cl\u00ednicas, sendo tamb\u00e9m indicada para qualquer tipo de ambiente, seja comercial ou residencial.<\/p>\n<p>Nossa Lixeira com Pedal de 16L vem com uma haste met\u00e1lica refor\u00e7ada em<br \/>\nseu interior e paredes com espessura de 2mm, garantindo muito mais resist\u00eancia<br \/>\ne durabilidade. S\u00e3o resistentes a impactos e repetidas lavagens.<\/p>\n<p>Leve, at\u00f3xica e de f\u00e1cil limpeza, a lixeira fica 100% vedada quando a sua tampa est\u00e1 fechada.<\/p>\n<p>As Lixeiras Com Pedal s\u00e3o fabricadas com material de alta qualidade e tecnologia, respeitando as principais normas vigentes da Ag\u00eancia Nacional de Vigil\u00e2ncia Sanit\u00e1ria (ANVISA).<\/p>\n<p>Nossas lixeiras s\u00e3o injetadas com mat\u00e9ria prima de alta qualidade, o que lhes conferem alta resist\u00eancia e durabilidade, atendendo a todos os requisitos de seguran\u00e7a e confiabilidade para os nossos clientes.<\/p>\n<p>Resistem a impactos e repetidas lavagens, o que permite a utiliza\u00e7\u00e3o em diversos ambientes, inclusive para uso profissional.<\/p>\n<\/div>\n<\/div>\n<\/div>\n<\/section>\n<section class=\"detalhesProd__especTecnica\">\n<div class=\"especTecnica-left\"><\/div>\n<\/section>\n","protected":false},"excerpt":{"rendered":"<h2 class=\"detalhesProd__especTecnica-title\">Caracter\u00edsticas do produto<\/h2>\n<p><strong>Descri\u00e7\u00e3o curta:<\/strong> Lixeira De Pl\u00e1stico 16L C\/ Pedal + Corpo + Haste + Balde<\/p>\n<p><strong>Modelo:<\/strong>\u00a016L com Pedal<\/p>\n<p><strong>Largura:<\/strong> 320 mm<\/p>\n<p><strong>Comprimento:<\/strong> 310 mm<\/p>\n<p><strong>Altura:<\/strong> 410 mm<\/p>\n<p><strong>Peso:<\/strong> 1,827 kg<\/p>\n<p><strong>Material:<\/strong> Pl\u00e1stico<\/p>\n","protected":false},"featured_media":8147,"template":"","meta":{"_acf_changed":false},"descricao":[],"product_brand":[],"product_cat":[93,410],"product_tag":[],"class_list":{"0":"post-8145","1":"product","2":"type-product","3":"status-publish","4":"has-post-thumbnail","6":"product_cat-lixeiras","7":"product_cat-lixeiras-com-pedal","8":"pa_cor-branco","9":"pa_cor-preto","12":"instock","13":"shipping-taxable","14":"purchasable","15":"product-type-variable"},"acf":[],"_links":{"self":[{"href":"https:\/\/atimilplast.com.br\/loja\/wp-json\/wp\/v2\/product\/8145","targetHints":{"allow":["GET"]}}],"collection":[{"href":"https:\/\/atimilplast.com.br\/loja\/wp-json\/wp\/v2\/product"}],"about":[{"href":"https:\/\/atimilplast.com.br\/loja\/wp-json\/wp\/v2\/types\/product"}],"version-history":[{"count":4,"href":"https:\/\/atimilplast.com.br\/loja\/wp-json\/wp\/v2\/product\/8145\/revisions"}],"predecessor-version":[{"id":9192,"href":"https:\/\/atimilplast.com.br\/loja\/wp-json\/wp\/v2\/product\/8145\/revisions\/9192"}],"wp:featuredmedia":[{"embeddable":true,"href":"https:\/\/atimilplast.com.br\/loja\/wp-json\/wp\/v2\/media\/8147"}],"wp:attachment":[{"href":"https:\/\/atimilplast.com.br\/loja\/wp-json\/wp\/v2\/media?parent=8145"}],"wp:term":[{"taxonomy":"descricao","embeddable":true,"href":"https:\/\/atimilplast.com.br\/loja\/wp-json\/wp\/v2\/descricao?post=8145"},{"taxonomy":"product_brand","embeddable":true,"href":"https:\/\/atimilplast.com.br\/loja\/wp-json\/wp\/v2\/product_brand?post=8145"},{"taxonomy":"product_cat","embeddable":true,"href":"https:\/\/atimilplast.com.br\/loja\/wp-json\/wp\/v2\/product_cat?post=8145"},{"taxonomy":"product_tag","embeddable":true,"href":"https:\/\/atimilplast.com.br\/loja\/wp-json\/wp\/v2\/product_tag?post=8145"}],"curies":[{"name":"wp","href":"https:\/\/api.w.org\/{rel}","templated":true}]}}