{"id":8151,"date":"2024-08-21T16:02:24","date_gmt":"2024-08-21T19:02:24","guid":{"rendered":"https:\/\/atimilplast.com.br\/loja\/?post_type=product&#038;p=8151"},"modified":"2025-06-11T15:16:50","modified_gmt":"2025-06-11T18:16:50","slug":"caixa-alc-6437-65-litros","status":"publish","type":"product","link":"https:\/\/atimilplast.com.br\/loja\/produtos\/caixas-plasticas\/caixa-alc-6437-65-litros\/","title":{"rendered":"Caixa ALC 6437 &#8211; 65 Litros"},"content":{"rendered":"<section class=\"detalhesProd__descriptions\">\n<div class=\"description-left\">\n<div class=\"detalhesProd__descriptions-content\">\n<div class=\"productDescription\">\n<p>A Caixa ALC 6437 garante seguran\u00e7a e praticidade no transporte de mercadorias.<\/p>\n<p>S\u00e3o facilitadoras da log\u00edstica reversa e podem ser devidamente lacradas, evitando furtos e garantindo que a carga n\u00e3o seja violada.<\/p>\n<p>Pr\u00f3prias para cinta e fita de arquear.<\/p>\n<p>Reduz at\u00e9 60% do volume de empilhamento quando vazias.<\/p>\n<p>Ideais para distribui\u00e7\u00e3o de medicamentos e produtos que demandam maior prote\u00e7\u00e3o e seguran\u00e7a durante o transporte.<\/p>\n<p>Opcionais: Personaliza\u00e7\u00e3o \/ Visor porta etiqueta<\/p>\n<\/div>\n<\/div>\n<\/div>\n<\/section>\n<div class=\"especTecnica-left\"><\/div>\n","protected":false},"excerpt":{"rendered":"<p><strong>Caracter\u00edsticas do produto<\/strong><\/p>\n<p><strong>Descri\u00e7\u00e3o curta:<\/strong> Caixa ALC 6437 &#8211; 65 Litros Preto<\/p>\n<p><strong>Modelo:CAIXA ALC 6437<\/strong><\/p>\n<p><strong>Largura:<\/strong> 400mm<\/p>\n<p><strong>Comprimento:<\/strong> 595mm<\/p>\n<p><strong>Altura:<\/strong>365mm<\/p>\n<p><strong>Peso:<\/strong> 3,5kg &#8211; com tampa<\/p>\n<p><strong>Capacidade: <\/strong>(Litros): 65L (Carga): 15Kg Empilhamento (vazia): 110mm Empilhamento (carregada): 350mm<\/p>\n<p><strong>Material:<\/strong> PP (Polipropileno) PEAD (Polietileno de Alta Densidade)<\/p>\n","protected":false},"featured_media":8153,"template":"","meta":{"_acf_changed":false},"descricao":[],"product_brand":[],"product_cat":[95],"product_tag":[],"class_list":{"0":"post-8151","1":"product","2":"type-product","3":"status-publish","4":"has-post-thumbnail","6":"product_cat-caixas-plasticas","7":"pa_cor-azul","8":"pa_cor-preto","11":"instock","12":"shipping-taxable","13":"purchasable","14":"product-type-variable"},"acf":[],"_links":{"self":[{"href":"https:\/\/atimilplast.com.br\/loja\/wp-json\/wp\/v2\/product\/8151","targetHints":{"allow":["GET"]}}],"collection":[{"href":"https:\/\/atimilplast.com.br\/loja\/wp-json\/wp\/v2\/product"}],"about":[{"href":"https:\/\/atimilplast.com.br\/loja\/wp-json\/wp\/v2\/types\/product"}],"version-history":[{"count":2,"href":"https:\/\/atimilplast.com.br\/loja\/wp-json\/wp\/v2\/product\/8151\/revisions"}],"predecessor-version":[{"id":8498,"href":"https:\/\/atimilplast.com.br\/loja\/wp-json\/wp\/v2\/product\/8151\/revisions\/8498"}],"wp:featuredmedia":[{"embeddable":true,"href":"https:\/\/atimilplast.com.br\/loja\/wp-json\/wp\/v2\/media\/8153"}],"wp:attachment":[{"href":"https:\/\/atimilplast.com.br\/loja\/wp-json\/wp\/v2\/media?parent=8151"}],"wp:term":[{"taxonomy":"descricao","embeddable":true,"href":"https:\/\/atimilplast.com.br\/loja\/wp-json\/wp\/v2\/descricao?post=8151"},{"taxonomy":"product_brand","embeddable":true,"href":"https:\/\/atimilplast.com.br\/loja\/wp-json\/wp\/v2\/product_brand?post=8151"},{"taxonomy":"product_cat","embeddable":true,"href":"https:\/\/atimilplast.com.br\/loja\/wp-json\/wp\/v2\/product_cat?post=8151"},{"taxonomy":"product_tag","embeddable":true,"href":"https:\/\/atimilplast.com.br\/loja\/wp-json\/wp\/v2\/product_tag?post=8151"}],"curies":[{"name":"wp","href":"https:\/\/api.w.org\/{rel}","templated":true}]}}