{"id":8174,"date":"2024-08-21T16:41:35","date_gmt":"2024-08-21T19:41:35","guid":{"rendered":"https:\/\/atimilplast.com.br\/loja\/?post_type=product&#038;p=8174"},"modified":"2025-06-11T15:16:49","modified_gmt":"2025-06-11T18:16:49","slug":"caixa-r-klt-3215-preto","status":"publish","type":"product","link":"https:\/\/atimilplast.com.br\/loja\/produtos\/caixas-klt\/caixa-r-klt-3215-preto\/","title":{"rendered":"Caixa R-KLT 3215 Preto"},"content":{"rendered":"<p>A Caixa Industrial R-KLT 3215 garante seguran\u00e7a e praticidade no transporte de materiais e produtos diversificados.<\/p>\n<p>Possui o contorno interno liso, facilitando a carga e descarga automatizada do conte\u00fado.<\/p>\n<p>Pode ser lacrada quando utilizada com tampa.<\/p>\n<p>Possui local texturizado em uma das testeiras para a colagem de etiquetas autoadesivas.<\/p>\n<p>Permite empilhamento cruzado em pallets 1200 x 1000.<\/p>\n<p>Quando empilhadas entre si, a carga m\u00e1xima \u00e9 de at\u00e9 410Kg.<\/p>\n","protected":false},"excerpt":{"rendered":"<h2><strong>Caracter\u00edsticas do produto<\/strong><\/h2>\n<p><strong>Descri\u00e7\u00e3o curta:<\/strong> CAIXA PL\u00c1STICA INDUSTRIAL R-KLT 3215 PRETO<\/p>\n<p><strong>Modelo:<\/strong> CAIXA PL\u00c1STICA INDUSTRIAL R-KLT 3215 PRETO<\/p>\n<p><strong>Largura:<\/strong> 200mm<\/p>\n<p><strong>Comprimento:<\/strong> 295mm<\/p>\n<p><strong>Altura: 150mm<\/strong><\/p>\n<p><strong>Peso:<\/strong> 0,84Kg<\/p>\n<p><strong>Capacidade:<\/strong> 4,5L<\/p>\n<p><strong>Material:<\/strong> PP (Polipropileno)<\/p>\n","protected":false},"featured_media":8177,"template":"","meta":{"_acf_changed":false},"descricao":[],"product_brand":[],"product_cat":[300,95],"product_tag":[],"class_list":{"0":"post-8174","1":"product","2":"type-product","3":"status-publish","4":"has-post-thumbnail","6":"product_cat-caixas-klt","7":"product_cat-caixas-plasticas","10":"instock","11":"shipping-taxable","12":"product-type-simple"},"acf":[],"_links":{"self":[{"href":"https:\/\/atimilplast.com.br\/loja\/wp-json\/wp\/v2\/product\/8174","targetHints":{"allow":["GET"]}}],"collection":[{"href":"https:\/\/atimilplast.com.br\/loja\/wp-json\/wp\/v2\/product"}],"about":[{"href":"https:\/\/atimilplast.com.br\/loja\/wp-json\/wp\/v2\/types\/product"}],"version-history":[{"count":1,"href":"https:\/\/atimilplast.com.br\/loja\/wp-json\/wp\/v2\/product\/8174\/revisions"}],"predecessor-version":[{"id":8181,"href":"https:\/\/atimilplast.com.br\/loja\/wp-json\/wp\/v2\/product\/8174\/revisions\/8181"}],"wp:featuredmedia":[{"embeddable":true,"href":"https:\/\/atimilplast.com.br\/loja\/wp-json\/wp\/v2\/media\/8177"}],"wp:attachment":[{"href":"https:\/\/atimilplast.com.br\/loja\/wp-json\/wp\/v2\/media?parent=8174"}],"wp:term":[{"taxonomy":"descricao","embeddable":true,"href":"https:\/\/atimilplast.com.br\/loja\/wp-json\/wp\/v2\/descricao?post=8174"},{"taxonomy":"product_brand","embeddable":true,"href":"https:\/\/atimilplast.com.br\/loja\/wp-json\/wp\/v2\/product_brand?post=8174"},{"taxonomy":"product_cat","embeddable":true,"href":"https:\/\/atimilplast.com.br\/loja\/wp-json\/wp\/v2\/product_cat?post=8174"},{"taxonomy":"product_tag","embeddable":true,"href":"https:\/\/atimilplast.com.br\/loja\/wp-json\/wp\/v2\/product_tag?post=8174"}],"curies":[{"name":"wp","href":"https:\/\/api.w.org\/{rel}","templated":true}]}}