{"id":8188,"date":"2024-08-21T16:55:00","date_gmt":"2024-08-21T19:55:00","guid":{"rendered":"https:\/\/atimilplast.com.br\/loja\/?post_type=product&#038;p=8188"},"modified":"2025-06-11T15:16:49","modified_gmt":"2025-06-11T18:16:49","slug":"caixa-rl-klt-4322-preto","status":"publish","type":"product","link":"https:\/\/atimilplast.com.br\/loja\/produtos\/caixas-klt\/caixa-rl-klt-4322-preto\/","title":{"rendered":"Caixa RL-KLT 4322 &#8211; Preto"},"content":{"rendered":"<p>A Caixa RL-KLT 4322 garante seguran\u00e7a e praticidade para uso industrial.<\/p>\n<p>Permite empilhamento em coluna (m\u00e1ximo 05 caixas).<\/p>\n<p>Possui local texturizado para colagem de etiqueta adesiva.<\/p>\n<p>Fornecida somente na vers\u00e3o fechada.<\/p>\n<p>Quando paletizada, a carga m\u00e1xima \u00e9 de at\u00e9 710Kg.<\/p>\n","protected":false},"excerpt":{"rendered":"<h2><strong>Caracter\u00edsticas do produto<\/strong><\/h2>\n<p><strong>Descri\u00e7\u00e3o curta:<\/strong> Caixa RL-KLT 4322 Preto<\/p>\n<p><strong>Modelo:<\/strong> CAIXA RL-KLT 4322<\/p>\n<p><strong>Largura:<\/strong> Interna: 260mm Externa: 295mm<\/p>\n<p><strong>Comprimento:<\/strong> Interna: 360mm Externa: 395mm<\/p>\n<p><strong>Altura:<\/strong>Interna: 195mm Externa: 215mm<\/p>\n<p><strong>Peso:<\/strong> 1,20Kg Cubagem: 0,025 m\u00b3<\/p>\n<p><strong>Capacidade:<\/strong> (Litros): 18,24L (Carga): 15Kg Empilhamento (altura): 215mm x 200mm<\/p>\n<p><strong>Material:<\/strong> PP (Polipropileno)<\/p>\n","protected":false},"featured_media":8191,"template":"","meta":{"_acf_changed":false},"descricao":[],"product_brand":[],"product_cat":[300,95],"product_tag":[],"class_list":{"0":"post-8188","1":"product","2":"type-product","3":"status-publish","4":"has-post-thumbnail","6":"product_cat-caixas-klt","7":"product_cat-caixas-plasticas","10":"instock","11":"shipping-taxable","12":"product-type-simple"},"acf":[],"_links":{"self":[{"href":"https:\/\/atimilplast.com.br\/loja\/wp-json\/wp\/v2\/product\/8188","targetHints":{"allow":["GET"]}}],"collection":[{"href":"https:\/\/atimilplast.com.br\/loja\/wp-json\/wp\/v2\/product"}],"about":[{"href":"https:\/\/atimilplast.com.br\/loja\/wp-json\/wp\/v2\/types\/product"}],"version-history":[{"count":1,"href":"https:\/\/atimilplast.com.br\/loja\/wp-json\/wp\/v2\/product\/8188\/revisions"}],"predecessor-version":[{"id":8194,"href":"https:\/\/atimilplast.com.br\/loja\/wp-json\/wp\/v2\/product\/8188\/revisions\/8194"}],"wp:featuredmedia":[{"embeddable":true,"href":"https:\/\/atimilplast.com.br\/loja\/wp-json\/wp\/v2\/media\/8191"}],"wp:attachment":[{"href":"https:\/\/atimilplast.com.br\/loja\/wp-json\/wp\/v2\/media?parent=8188"}],"wp:term":[{"taxonomy":"descricao","embeddable":true,"href":"https:\/\/atimilplast.com.br\/loja\/wp-json\/wp\/v2\/descricao?post=8188"},{"taxonomy":"product_brand","embeddable":true,"href":"https:\/\/atimilplast.com.br\/loja\/wp-json\/wp\/v2\/product_brand?post=8188"},{"taxonomy":"product_cat","embeddable":true,"href":"https:\/\/atimilplast.com.br\/loja\/wp-json\/wp\/v2\/product_cat?post=8188"},{"taxonomy":"product_tag","embeddable":true,"href":"https:\/\/atimilplast.com.br\/loja\/wp-json\/wp\/v2\/product_tag?post=8188"}],"curies":[{"name":"wp","href":"https:\/\/api.w.org\/{rel}","templated":true}]}}