{"id":8195,"date":"2024-08-21T17:00:06","date_gmt":"2024-08-21T20:00:06","guid":{"rendered":"https:\/\/atimilplast.com.br\/loja\/?post_type=product&#038;p=8195"},"modified":"2025-06-11T15:16:49","modified_gmt":"2025-06-11T18:16:49","slug":"caixa-rl-klt-3147-preto","status":"publish","type":"product","link":"https:\/\/atimilplast.com.br\/loja\/produtos\/caixas-klt\/caixa-rl-klt-3147-preto\/","title":{"rendered":"Caixa RL-KLT 3147 Preto"},"content":{"rendered":"<p>A Caixa Industrial RL-KLT 3147 garante seguran\u00e7a e praticidade no transporte de materiais e produtos diversificados. Possui o contorno interno liso, facilitando a carga e descarga automatizada do conte\u00fado. Pode ser lacrada quando utilizada com tampa. Possui local texturizado em uma das testeiras para a colagem de etiquetas autoadesivas. Quando empilhadas entre si, a carga admiss\u00edvel \u00e9 de at\u00e9 410Kg.(Litros): 5,2L (Carga): 15Kg Empilhamento (altura): 150mm x 135mm<\/p>\n","protected":false},"excerpt":{"rendered":"<h2><strong>Caracter\u00edsticas do produto<\/strong><\/h2>\n<p><strong>Descri\u00e7\u00e3o curta:<\/strong> Caixa RL-KLT 3147 Preto<\/p>\n<p><strong>Modelo:<\/strong> RL-KLT 3147<\/p>\n<p><strong>Largura:<\/strong> 200mm<\/p>\n<p><strong>Comprimento:<\/strong> 295mm<\/p>\n<p><strong>Altura: <\/strong>150mm<\/p>\n<p><strong>Peso:<\/strong> 0,8kg<\/p>\n<p><strong>Capacidade:<\/strong> (Litros): 5,2L (Carga): 15Kg Empilhamento (altura): 150mm x 135mm<\/p>\n<p><strong>Material:<\/strong> PP (Polipropileno)<\/p>\n","protected":false},"featured_media":8196,"template":"","meta":{"_acf_changed":false},"descricao":[],"product_brand":[],"product_cat":[300,95],"product_tag":[],"class_list":{"0":"post-8195","1":"product","2":"type-product","3":"status-publish","4":"has-post-thumbnail","6":"product_cat-caixas-klt","7":"product_cat-caixas-plasticas","10":"instock","11":"shipping-taxable","12":"product-type-simple"},"acf":[],"_links":{"self":[{"href":"https:\/\/atimilplast.com.br\/loja\/wp-json\/wp\/v2\/product\/8195","targetHints":{"allow":["GET"]}}],"collection":[{"href":"https:\/\/atimilplast.com.br\/loja\/wp-json\/wp\/v2\/product"}],"about":[{"href":"https:\/\/atimilplast.com.br\/loja\/wp-json\/wp\/v2\/types\/product"}],"version-history":[{"count":1,"href":"https:\/\/atimilplast.com.br\/loja\/wp-json\/wp\/v2\/product\/8195\/revisions"}],"predecessor-version":[{"id":8199,"href":"https:\/\/atimilplast.com.br\/loja\/wp-json\/wp\/v2\/product\/8195\/revisions\/8199"}],"wp:featuredmedia":[{"embeddable":true,"href":"https:\/\/atimilplast.com.br\/loja\/wp-json\/wp\/v2\/media\/8196"}],"wp:attachment":[{"href":"https:\/\/atimilplast.com.br\/loja\/wp-json\/wp\/v2\/media?parent=8195"}],"wp:term":[{"taxonomy":"descricao","embeddable":true,"href":"https:\/\/atimilplast.com.br\/loja\/wp-json\/wp\/v2\/descricao?post=8195"},{"taxonomy":"product_brand","embeddable":true,"href":"https:\/\/atimilplast.com.br\/loja\/wp-json\/wp\/v2\/product_brand?post=8195"},{"taxonomy":"product_cat","embeddable":true,"href":"https:\/\/atimilplast.com.br\/loja\/wp-json\/wp\/v2\/product_cat?post=8195"},{"taxonomy":"product_tag","embeddable":true,"href":"https:\/\/atimilplast.com.br\/loja\/wp-json\/wp\/v2\/product_tag?post=8195"}],"curies":[{"name":"wp","href":"https:\/\/api.w.org\/{rel}","templated":true}]}}