{"id":8226,"date":"2024-08-22T10:15:36","date_gmt":"2024-08-22T13:15:36","guid":{"rendered":"https:\/\/atimilplast.com.br\/loja\/?post_type=product&#038;p=8226"},"modified":"2025-06-11T15:16:51","modified_gmt":"2025-06-11T18:16:51","slug":"caixa-rl-klt-2158-azul","status":"publish","type":"product","link":"https:\/\/atimilplast.com.br\/loja\/produtos\/caixas-klt\/caixa-rl-klt-2158-azul\/","title":{"rendered":"Caixa RL-KLT 2158 &#8211; Azul"},"content":{"rendered":"<p>A Caixa Pl\u00e1stica RL-KLT 2158 garante seguran\u00e7a e praticidade para o acondicionamento de microcomponentes em geral. Permite empilhamento em coluna. Possui local texturizado para colagem de etiqueta adesiva. Especifica\u00e7\u00f5es T\u00e9cnicas: Cubagem: 0,002 m\u00b3 Empilhamento (altura): 88mm x 83mm<\/p>\n","protected":false},"excerpt":{"rendered":"<h2><strong>Caracter\u00edsticas do produto<\/strong><\/h2>\n<p><strong>Descri\u00e7\u00e3o curta:<\/strong> CAIXA RL-KLT 2158 AZUL<\/p>\n<p><strong>Modelo:<\/strong> CAIXA RL-KLT 2158 AZUL<\/p>\n<p><strong>Largura:<\/strong> 148mm<\/p>\n<p><strong>Comprimento:<\/strong> 198mm<\/p>\n<p><strong>Altura: <\/strong>80mm<\/p>\n<p><strong>Peso:<\/strong> 310g<\/p>\n<p><strong>Capacidade:<\/strong> 1,5L<\/p>\n<p><strong>Material:<\/strong> PP (Polipropileno)<\/p>\n","protected":false},"featured_media":8227,"template":"","meta":{"_acf_changed":false},"descricao":[],"product_brand":[],"product_cat":[300,95],"product_tag":[],"class_list":{"0":"post-8226","1":"product","2":"type-product","3":"status-publish","4":"has-post-thumbnail","6":"product_cat-caixas-klt","7":"product_cat-caixas-plasticas","10":"instock","11":"shipping-taxable","12":"product-type-simple"},"acf":[],"_links":{"self":[{"href":"https:\/\/atimilplast.com.br\/loja\/wp-json\/wp\/v2\/product\/8226","targetHints":{"allow":["GET"]}}],"collection":[{"href":"https:\/\/atimilplast.com.br\/loja\/wp-json\/wp\/v2\/product"}],"about":[{"href":"https:\/\/atimilplast.com.br\/loja\/wp-json\/wp\/v2\/types\/product"}],"version-history":[{"count":1,"href":"https:\/\/atimilplast.com.br\/loja\/wp-json\/wp\/v2\/product\/8226\/revisions"}],"predecessor-version":[{"id":8228,"href":"https:\/\/atimilplast.com.br\/loja\/wp-json\/wp\/v2\/product\/8226\/revisions\/8228"}],"wp:featuredmedia":[{"embeddable":true,"href":"https:\/\/atimilplast.com.br\/loja\/wp-json\/wp\/v2\/media\/8227"}],"wp:attachment":[{"href":"https:\/\/atimilplast.com.br\/loja\/wp-json\/wp\/v2\/media?parent=8226"}],"wp:term":[{"taxonomy":"descricao","embeddable":true,"href":"https:\/\/atimilplast.com.br\/loja\/wp-json\/wp\/v2\/descricao?post=8226"},{"taxonomy":"product_brand","embeddable":true,"href":"https:\/\/atimilplast.com.br\/loja\/wp-json\/wp\/v2\/product_brand?post=8226"},{"taxonomy":"product_cat","embeddable":true,"href":"https:\/\/atimilplast.com.br\/loja\/wp-json\/wp\/v2\/product_cat?post=8226"},{"taxonomy":"product_tag","embeddable":true,"href":"https:\/\/atimilplast.com.br\/loja\/wp-json\/wp\/v2\/product_tag?post=8226"}],"curies":[{"name":"wp","href":"https:\/\/api.w.org\/{rel}","templated":true}]}}