{"id":8229,"date":"2024-08-22T10:18:46","date_gmt":"2024-08-22T13:18:46","guid":{"rendered":"https:\/\/atimilplast.com.br\/loja\/?post_type=product&#038;p=8229"},"modified":"2025-06-11T15:16:51","modified_gmt":"2025-06-11T18:16:51","slug":"caixa-r-klt-6428-preto","status":"publish","type":"product","link":"https:\/\/atimilplast.com.br\/loja\/produtos\/caixas-klt\/caixa-r-klt-6428-preto\/","title":{"rendered":"Caixa R-KLT 6428 &#8211; Preto"},"content":{"rendered":"<p>A Caixa industrial R-KLT 6428 garante seguran\u00e7a e praticidade no transporte de materiais e produtos diversificados.<\/p>\n<p>Possui o contorno interno liso, facilitando a carga e descarga automatizada do conte\u00fado.<\/p>\n<p>Pode ser lacrada quando utilizada com tampa.<\/p>\n<p>Possui local texturizado em uma das testeiras para a colagem de etiquetas autoadesivas.<\/p>\n<p>Permite empilhamento cruzado em pallets 1200 x 1000.<\/p>\n<p>Quando empilhadas entre si, a carga m\u00e1xima \u00e9 de at\u00e9 610Kg.<\/p>\n<p>Opcionais: Personaliza\u00e7\u00e3o \/ Tampa LP395595 em PP \u2013 0,752Kgs<\/p>\n","protected":false},"excerpt":{"rendered":"<h2><strong>Caracter\u00edsticas do produto<\/strong><\/h2>\n<p><strong>Descri\u00e7\u00e3o curta:<\/strong> Caixa R-KLT 6428 &#8211; Preto<\/p>\n<p><strong>Modelo:<\/strong> CAIXA R-KLT 6428<\/p>\n<p><strong>Largura:<\/strong> Interna: 360mm Externa: 395mm<\/p>\n<p><strong>Comprimento:<\/strong> Interno: 550mm Externo: 590mm<\/p>\n<p><strong>Altura: <\/strong>Interno: 240mm Externo: 280mm (Alt. Interna Livre)<\/p>\n<p><strong>Peso:<\/strong> 3,25Kg Cubagem: 0,0652 m\u00b3<\/p>\n<p><strong>Capacidade:<\/strong> (Litros): 47,5L (Carga): 20Kg Empilhamento (altura): 280mm x 265mm<\/p>\n<p><strong>Material:<\/strong> PP (Polipropileno)<\/p>\n","protected":false},"featured_media":8230,"template":"","meta":{"_acf_changed":false},"descricao":[],"product_brand":[],"product_cat":[300,95],"product_tag":[],"class_list":{"0":"post-8229","1":"product","2":"type-product","3":"status-publish","4":"has-post-thumbnail","6":"product_cat-caixas-klt","7":"product_cat-caixas-plasticas","10":"instock","11":"shipping-taxable","12":"product-type-simple"},"acf":[],"_links":{"self":[{"href":"https:\/\/atimilplast.com.br\/loja\/wp-json\/wp\/v2\/product\/8229","targetHints":{"allow":["GET"]}}],"collection":[{"href":"https:\/\/atimilplast.com.br\/loja\/wp-json\/wp\/v2\/product"}],"about":[{"href":"https:\/\/atimilplast.com.br\/loja\/wp-json\/wp\/v2\/types\/product"}],"version-history":[{"count":1,"href":"https:\/\/atimilplast.com.br\/loja\/wp-json\/wp\/v2\/product\/8229\/revisions"}],"predecessor-version":[{"id":8231,"href":"https:\/\/atimilplast.com.br\/loja\/wp-json\/wp\/v2\/product\/8229\/revisions\/8231"}],"wp:featuredmedia":[{"embeddable":true,"href":"https:\/\/atimilplast.com.br\/loja\/wp-json\/wp\/v2\/media\/8230"}],"wp:attachment":[{"href":"https:\/\/atimilplast.com.br\/loja\/wp-json\/wp\/v2\/media?parent=8229"}],"wp:term":[{"taxonomy":"descricao","embeddable":true,"href":"https:\/\/atimilplast.com.br\/loja\/wp-json\/wp\/v2\/descricao?post=8229"},{"taxonomy":"product_brand","embeddable":true,"href":"https:\/\/atimilplast.com.br\/loja\/wp-json\/wp\/v2\/product_brand?post=8229"},{"taxonomy":"product_cat","embeddable":true,"href":"https:\/\/atimilplast.com.br\/loja\/wp-json\/wp\/v2\/product_cat?post=8229"},{"taxonomy":"product_tag","embeddable":true,"href":"https:\/\/atimilplast.com.br\/loja\/wp-json\/wp\/v2\/product_tag?post=8229"}],"curies":[{"name":"wp","href":"https:\/\/api.w.org\/{rel}","templated":true}]}}