{"id":8232,"date":"2024-08-22T10:22:12","date_gmt":"2024-08-22T13:22:12","guid":{"rendered":"https:\/\/atimilplast.com.br\/loja\/?post_type=product&#038;p=8232"},"modified":"2025-06-11T15:16:51","modified_gmt":"2025-06-11T18:16:51","slug":"caixa-r-klt-6431-preto","status":"publish","type":"product","link":"https:\/\/atimilplast.com.br\/loja\/produtos\/caixas-klt\/caixa-r-klt-6431-preto\/","title":{"rendered":"Caixa R-KLT 6431 &#8211; Preto"},"content":{"rendered":"<p>A Caixa Industrial RL-KLT 6431 garante seguran\u00e7a e praticidade para uso industrial.<\/p>\n<p>Permite empilhamento em coluna.<\/p>\n<p>Possui local texturizado para colagem de etiqueta adesiva.<\/p>\n<p>Pode ser lacrada quando utilizada com tampa.<\/p>\n<p>Fornecida somente na vers\u00e3o fechada.<\/p>\n<p>Quando empilhada, a carga m\u00e1xima \u00e9 de at\u00e9 310Kg.<\/p>\n<p>Opcionais: Personaliza\u00e7\u00e3o \/ Tampa LP395595 em PP \u2013 0,752Kgs \/ Porta Etiqueta em PP<\/p>\n","protected":false},"excerpt":{"rendered":"<h2><strong>Caracter\u00edsticas do produto<\/strong><\/h2>\n<p><strong>Descri\u00e7\u00e3o curta:<\/strong> Caixa R-KLT 6431 &#8211; Preto<\/p>\n<p><strong>Modelo:<\/strong> CAIXA RL-KLT 6431<\/p>\n<p><strong>Largura:<\/strong> Interna: 360mm Externa: 395mm<\/p>\n<p><strong>Comprimento:<\/strong> Interno: 560mm Externo: 595mm<\/p>\n<p><strong>Altura: <\/strong>Interna: 290mm Externa: 310mm (Alt. Interna Livre)<\/p>\n<p><strong>Peso:<\/strong> 2,9Kg Cubagem: 0,073 m\u00b3<\/p>\n<p><strong>Capacidade:<\/strong> (Litros): 58,5L (Carga): 15Kg Empilhamento (altura): 310mm x 295mm<\/p>\n<p><strong>Material:<\/strong> PP (Polipropileno)<\/p>\n","protected":false},"featured_media":8234,"template":"","meta":{"_acf_changed":false},"descricao":[],"product_brand":[],"product_cat":[300,95],"product_tag":[],"class_list":{"0":"post-8232","1":"product","2":"type-product","3":"status-publish","4":"has-post-thumbnail","6":"product_cat-caixas-klt","7":"product_cat-caixas-plasticas","10":"instock","11":"shipping-taxable","12":"product-type-simple"},"acf":[],"_links":{"self":[{"href":"https:\/\/atimilplast.com.br\/loja\/wp-json\/wp\/v2\/product\/8232","targetHints":{"allow":["GET"]}}],"collection":[{"href":"https:\/\/atimilplast.com.br\/loja\/wp-json\/wp\/v2\/product"}],"about":[{"href":"https:\/\/atimilplast.com.br\/loja\/wp-json\/wp\/v2\/types\/product"}],"version-history":[{"count":1,"href":"https:\/\/atimilplast.com.br\/loja\/wp-json\/wp\/v2\/product\/8232\/revisions"}],"predecessor-version":[{"id":8238,"href":"https:\/\/atimilplast.com.br\/loja\/wp-json\/wp\/v2\/product\/8232\/revisions\/8238"}],"wp:featuredmedia":[{"embeddable":true,"href":"https:\/\/atimilplast.com.br\/loja\/wp-json\/wp\/v2\/media\/8234"}],"wp:attachment":[{"href":"https:\/\/atimilplast.com.br\/loja\/wp-json\/wp\/v2\/media?parent=8232"}],"wp:term":[{"taxonomy":"descricao","embeddable":true,"href":"https:\/\/atimilplast.com.br\/loja\/wp-json\/wp\/v2\/descricao?post=8232"},{"taxonomy":"product_brand","embeddable":true,"href":"https:\/\/atimilplast.com.br\/loja\/wp-json\/wp\/v2\/product_brand?post=8232"},{"taxonomy":"product_cat","embeddable":true,"href":"https:\/\/atimilplast.com.br\/loja\/wp-json\/wp\/v2\/product_cat?post=8232"},{"taxonomy":"product_tag","embeddable":true,"href":"https:\/\/atimilplast.com.br\/loja\/wp-json\/wp\/v2\/product_tag?post=8232"}],"curies":[{"name":"wp","href":"https:\/\/api.w.org\/{rel}","templated":true}]}}