{"id":8244,"date":"2024-08-22T10:29:16","date_gmt":"2024-08-22T13:29:16","guid":{"rendered":"https:\/\/atimilplast.com.br\/loja\/?post_type=product&#038;p=8244"},"modified":"2025-06-11T15:16:51","modified_gmt":"2025-06-11T18:16:51","slug":"caixa-rl-klt-4315-preto","status":"publish","type":"product","link":"https:\/\/atimilplast.com.br\/loja\/produtos\/caixas-klt\/caixa-rl-klt-4315-preto\/","title":{"rendered":"Caixa RL-KLT 4315 Preto"},"content":{"rendered":"<p>A Caixa Industrial RL-KLT 4315 garante seguran\u00e7a e praticidade no transporte de materiais e produtos diversificados.<\/p>\n<p>Possui o contorno interno liso, facilitando a carga e descarga automatizada do conte\u00fado. Permite empilhamento em coluna.<\/p>\n<p>Pode ser lacrada quando utilizada com tampa. Possui local texturizado em uma das testeiras para a colagem de etiquetas autoadesivas.<\/p>\n<p>Quando empilhadas entre si, a carga m\u00e1xima \u00e9 de at\u00e9 610Kg.<\/p>\n","protected":false},"excerpt":{"rendered":"<h2><strong>Caracter\u00edsticas do produto<\/strong><\/h2>\n<p><strong>Descri\u00e7\u00e3o curta:<\/strong> Caixa RL-KLT 4315 Preto<\/p>\n<p><strong>Modelo:<\/strong> CAIXA RL-KLT 4315<\/p>\n<p><strong>Largura:<\/strong> Interna: 260mm Externa: 295mm<\/p>\n<p><strong>Comprimento:<\/strong> Interna: 345mm Externa: 395mm<\/p>\n<p><strong>Altura: <\/strong>Interna: 130mm Externa: 145mm<\/p>\n<p><strong>Peso:<\/strong> 1,20Kg Cubagem: 0,0169 m\u00b3<\/p>\n<p><strong>Capacidade:<\/strong> (Litros): 11,7L (Carga): 15Kg Empilhamento (altura): 145mm x 130mm<\/p>\n<p><strong>Material:<\/strong> PP (Polipropileno)<\/p>\n","protected":false},"featured_media":8245,"template":"","meta":{"_acf_changed":false},"descricao":[],"product_brand":[],"product_cat":[300,95],"product_tag":[],"class_list":{"0":"post-8244","1":"product","2":"type-product","3":"status-publish","4":"has-post-thumbnail","6":"product_cat-caixas-klt","7":"product_cat-caixas-plasticas","10":"instock","11":"shipping-taxable","12":"product-type-simple"},"acf":[],"_links":{"self":[{"href":"https:\/\/atimilplast.com.br\/loja\/wp-json\/wp\/v2\/product\/8244","targetHints":{"allow":["GET"]}}],"collection":[{"href":"https:\/\/atimilplast.com.br\/loja\/wp-json\/wp\/v2\/product"}],"about":[{"href":"https:\/\/atimilplast.com.br\/loja\/wp-json\/wp\/v2\/types\/product"}],"version-history":[{"count":1,"href":"https:\/\/atimilplast.com.br\/loja\/wp-json\/wp\/v2\/product\/8244\/revisions"}],"predecessor-version":[{"id":8246,"href":"https:\/\/atimilplast.com.br\/loja\/wp-json\/wp\/v2\/product\/8244\/revisions\/8246"}],"wp:featuredmedia":[{"embeddable":true,"href":"https:\/\/atimilplast.com.br\/loja\/wp-json\/wp\/v2\/media\/8245"}],"wp:attachment":[{"href":"https:\/\/atimilplast.com.br\/loja\/wp-json\/wp\/v2\/media?parent=8244"}],"wp:term":[{"taxonomy":"descricao","embeddable":true,"href":"https:\/\/atimilplast.com.br\/loja\/wp-json\/wp\/v2\/descricao?post=8244"},{"taxonomy":"product_brand","embeddable":true,"href":"https:\/\/atimilplast.com.br\/loja\/wp-json\/wp\/v2\/product_brand?post=8244"},{"taxonomy":"product_cat","embeddable":true,"href":"https:\/\/atimilplast.com.br\/loja\/wp-json\/wp\/v2\/product_cat?post=8244"},{"taxonomy":"product_tag","embeddable":true,"href":"https:\/\/atimilplast.com.br\/loja\/wp-json\/wp\/v2\/product_tag?post=8244"}],"curies":[{"name":"wp","href":"https:\/\/api.w.org\/{rel}","templated":true}]}}