{"id":8256,"date":"2024-08-22T10:48:46","date_gmt":"2024-08-22T13:48:46","guid":{"rendered":"https:\/\/atimilplast.com.br\/loja\/?post_type=product&#038;p=8256"},"modified":"2025-06-11T15:16:51","modified_gmt":"2025-06-11T18:16:51","slug":"caixa-rl-klt-3215-preto","status":"publish","type":"product","link":"https:\/\/atimilplast.com.br\/loja\/produtos\/caixas-klt\/caixa-rl-klt-3215-preto\/","title":{"rendered":"Caixa RL-KLT 3215 Preto"},"content":{"rendered":"<section class=\"detalhesProd__descriptions\">\n<div class=\"description-left\">\n<div class=\"detalhesProd__descriptions-content\">\n<div class=\"productDescription\">\n<p>A Caixa Industrial R-KLT 3215 garante seguran\u00e7a e praticidade no transporte de materiais e produtos diversificados.<\/p>\n<p>Possui o contorno interno liso, facilitando a carga e descarga automatizada do conte\u00fado.<\/p>\n<p>Pode ser lacrada quando utilizada com tampa.<\/p>\n<p>Possui local texturizado em uma das testeiras para a colagem de etiquetas autoadesivas.<\/p>\n<p>Permite empilhamento cruzado em pallets 1200 x 1000.<\/p>\n<p>Quando empilhadas entre si, a carga m\u00e1xima \u00e9 de at\u00e9 410Kg.<\/p>\n<p>Opcionais: Personaliza\u00e7\u00e3o \/ Tampa LP195295 em PP \u2013 0,13Kgs<\/p>\n<\/div>\n<\/div>\n<\/div>\n<\/section>\n<section class=\"detalhesProd__especTecnica\">\n<div class=\"especTecnica-left\"><\/div>\n<\/section>\n","protected":false},"excerpt":{"rendered":"<h2><strong>Caracter\u00edsticas do produto<\/strong><\/h2>\n<p><strong>Descri\u00e7\u00e3o curta:<\/strong> Caixa RL-KLT 3215 Preto<\/p>\n<p><strong>Modelo:<\/strong> R-KLT 3215<\/p>\n<p><strong>Largura:<\/strong> Interna: 170mm Externa: 200mm<\/p>\n<p><strong>Comprimento:<\/strong> Interno: 245mm Externo: 295mm<\/p>\n<p><strong>Altura: <\/strong>Interna: 110mm Externa: 150mm<\/p>\n<p><strong>Peso:<\/strong> 0,84Kg Cubagem: 0,008 m\u00b3<\/p>\n<p><strong>Capacidade:<\/strong> (Litros): 4,5L (Carga): 20Kg Empilhamento (altura): 150mm x 135mm<\/p>\n<p><strong>Material:<\/strong> PP (Polipropileno)<\/p>\n","protected":false},"featured_media":8257,"template":"","meta":{"_acf_changed":false},"descricao":[],"product_brand":[],"product_cat":[300,95],"product_tag":[],"class_list":{"0":"post-8256","1":"product","2":"type-product","3":"status-publish","4":"has-post-thumbnail","6":"product_cat-caixas-klt","7":"product_cat-caixas-plasticas","10":"instock","11":"shipping-taxable","12":"product-type-simple"},"acf":[],"_links":{"self":[{"href":"https:\/\/atimilplast.com.br\/loja\/wp-json\/wp\/v2\/product\/8256","targetHints":{"allow":["GET"]}}],"collection":[{"href":"https:\/\/atimilplast.com.br\/loja\/wp-json\/wp\/v2\/product"}],"about":[{"href":"https:\/\/atimilplast.com.br\/loja\/wp-json\/wp\/v2\/types\/product"}],"version-history":[{"count":3,"href":"https:\/\/atimilplast.com.br\/loja\/wp-json\/wp\/v2\/product\/8256\/revisions"}],"predecessor-version":[{"id":8496,"href":"https:\/\/atimilplast.com.br\/loja\/wp-json\/wp\/v2\/product\/8256\/revisions\/8496"}],"wp:featuredmedia":[{"embeddable":true,"href":"https:\/\/atimilplast.com.br\/loja\/wp-json\/wp\/v2\/media\/8257"}],"wp:attachment":[{"href":"https:\/\/atimilplast.com.br\/loja\/wp-json\/wp\/v2\/media?parent=8256"}],"wp:term":[{"taxonomy":"descricao","embeddable":true,"href":"https:\/\/atimilplast.com.br\/loja\/wp-json\/wp\/v2\/descricao?post=8256"},{"taxonomy":"product_brand","embeddable":true,"href":"https:\/\/atimilplast.com.br\/loja\/wp-json\/wp\/v2\/product_brand?post=8256"},{"taxonomy":"product_cat","embeddable":true,"href":"https:\/\/atimilplast.com.br\/loja\/wp-json\/wp\/v2\/product_cat?post=8256"},{"taxonomy":"product_tag","embeddable":true,"href":"https:\/\/atimilplast.com.br\/loja\/wp-json\/wp\/v2\/product_tag?post=8256"}],"curies":[{"name":"wp","href":"https:\/\/api.w.org\/{rel}","templated":true}]}}