{"id":8262,"date":"2024-08-22T10:52:04","date_gmt":"2024-08-22T13:52:04","guid":{"rendered":"https:\/\/atimilplast.com.br\/loja\/?post_type=product&#038;p=8262"},"modified":"2025-06-11T15:16:51","modified_gmt":"2025-06-11T18:16:51","slug":"caixa-r-klt-6424-azul","status":"publish","type":"product","link":"https:\/\/atimilplast.com.br\/loja\/produtos\/caixas-klt\/caixa-r-klt-6424-azul\/","title":{"rendered":"Caixa R-KLT 6424 Azul"},"content":{"rendered":"<section class=\"detalhesProd__descriptions\">\n<div class=\"description-left\">\n<div class=\"detalhesProd__descriptions-content\">\n<div class=\"productDescription\">\n<p>A Caixa Industrial R-KLT 6424 garante seguran\u00e7a e praticidade no transporte de materiais e produtos diversificados.<\/p>\n<p>Possui o contorno interno liso, facilitando a carga e descarga automatizada do conte\u00fado.<\/p>\n<p>Pode ser lacrada quando utilizada com tampa.<\/p>\n<p>Possui local texturizado em uma das testeiras para a colagem de etiquetas autoadesivas.<\/p>\n<p>Permite empilhamento cruzado em pallets 1200 x 1000.<\/p>\n<p>Quando empilhadas entre si, a carga m\u00e1xima \u00e9 de at\u00e9 610Kg.<\/p>\n<\/div>\n<\/div>\n<\/div>\n<\/section>\n<section class=\"detalhesProd__especTecnica\">\n<div class=\"especTecnica-left\"><\/div>\n<\/section>\n","protected":false},"excerpt":{"rendered":"<h2><strong>Caracter\u00edsticas do produto<\/strong><\/h2>\n<p><strong>Descri\u00e7\u00e3o curta:<\/strong> CAIXA R-KLT 6424 AZUL<\/p>\n<p><strong>Modelo:<\/strong> CAIXA R-KLT 6424 AZUL<\/p>\n<p><strong>Largura:<\/strong> 395mm<\/p>\n<p><strong>Comprimento:<\/strong> 595mm<\/p>\n<p><strong>Altura: <\/strong>240mm<\/p>\n<p><strong>Peso:<\/strong> 2,49Kg<\/p>\n<p><strong>Capacidade:<\/strong> 39L<\/p>\n<p><strong>Material:<\/strong> PP (Polipropileno)<\/p>\n","protected":false},"featured_media":8263,"template":"","meta":{"_acf_changed":false},"descricao":[],"product_brand":[],"product_cat":[300,95],"product_tag":[],"class_list":{"0":"post-8262","1":"product","2":"type-product","3":"status-publish","4":"has-post-thumbnail","6":"product_cat-caixas-klt","7":"product_cat-caixas-plasticas","10":"instock","11":"shipping-taxable","12":"product-type-simple"},"acf":[],"_links":{"self":[{"href":"https:\/\/atimilplast.com.br\/loja\/wp-json\/wp\/v2\/product\/8262","targetHints":{"allow":["GET"]}}],"collection":[{"href":"https:\/\/atimilplast.com.br\/loja\/wp-json\/wp\/v2\/product"}],"about":[{"href":"https:\/\/atimilplast.com.br\/loja\/wp-json\/wp\/v2\/types\/product"}],"version-history":[{"count":2,"href":"https:\/\/atimilplast.com.br\/loja\/wp-json\/wp\/v2\/product\/8262\/revisions"}],"predecessor-version":[{"id":8497,"href":"https:\/\/atimilplast.com.br\/loja\/wp-json\/wp\/v2\/product\/8262\/revisions\/8497"}],"wp:featuredmedia":[{"embeddable":true,"href":"https:\/\/atimilplast.com.br\/loja\/wp-json\/wp\/v2\/media\/8263"}],"wp:attachment":[{"href":"https:\/\/atimilplast.com.br\/loja\/wp-json\/wp\/v2\/media?parent=8262"}],"wp:term":[{"taxonomy":"descricao","embeddable":true,"href":"https:\/\/atimilplast.com.br\/loja\/wp-json\/wp\/v2\/descricao?post=8262"},{"taxonomy":"product_brand","embeddable":true,"href":"https:\/\/atimilplast.com.br\/loja\/wp-json\/wp\/v2\/product_brand?post=8262"},{"taxonomy":"product_cat","embeddable":true,"href":"https:\/\/atimilplast.com.br\/loja\/wp-json\/wp\/v2\/product_cat?post=8262"},{"taxonomy":"product_tag","embeddable":true,"href":"https:\/\/atimilplast.com.br\/loja\/wp-json\/wp\/v2\/product_tag?post=8262"}],"curies":[{"name":"wp","href":"https:\/\/api.w.org\/{rel}","templated":true}]}}