{"id":8265,"date":"2024-08-22T10:54:16","date_gmt":"2024-08-22T13:54:16","guid":{"rendered":"https:\/\/atimilplast.com.br\/loja\/?post_type=product&#038;p=8265"},"modified":"2025-06-11T15:16:51","modified_gmt":"2025-06-11T18:16:51","slug":"caixa-rl-klt-4322-azul","status":"publish","type":"product","link":"https:\/\/atimilplast.com.br\/loja\/produtos\/caixas-klt\/caixa-rl-klt-4322-azul\/","title":{"rendered":"Caixa RL-KLT 4322 Azul"},"content":{"rendered":"<p>A Caixa RL-KLT 4322 garante seguran\u00e7a e praticidade para uso industrial.<\/p>\n<p>Permite empilhamento em coluna (m\u00e1ximo 05 caixas).<\/p>\n<p>Possui local texturizado para colagem de etiqueta adesiva.<\/p>\n<p>Fornecida somente na vers\u00e3o fechada.<\/p>\n<p>Quando paletizada, a carga m\u00e1xima \u00e9 de at\u00e9 710Kg.<\/p>\n","protected":false},"excerpt":{"rendered":"<h2><strong>Caracter\u00edsticas do produto<\/strong><\/h2>\n<p><strong>Descri\u00e7\u00e3o curta:<\/strong> CAIXA RL-KLT 4322 AZUL<\/p>\n<p><strong>Modelo:<\/strong> CAIXA RL-KLT 4322 AZUL<\/p>\n<p><strong>Largura:<\/strong> 295mm<\/p>\n<p><strong>Comprimento:<\/strong> 395mm<\/p>\n<p><strong>Altura: <\/strong>215mm<\/p>\n<p><strong>Peso:<\/strong> 1,20Kg<\/p>\n<p><strong>Capacidade:<\/strong> 18,24L<\/p>\n<p><strong>Material:<\/strong> PP (Polipropileno)<\/p>\n","protected":false},"featured_media":8266,"template":"","meta":{"_acf_changed":false},"descricao":[],"product_brand":[],"product_cat":[300,95],"product_tag":[],"class_list":{"0":"post-8265","1":"product","2":"type-product","3":"status-publish","4":"has-post-thumbnail","6":"product_cat-caixas-klt","7":"product_cat-caixas-plasticas","10":"instock","11":"shipping-taxable","12":"product-type-simple"},"acf":[],"_links":{"self":[{"href":"https:\/\/atimilplast.com.br\/loja\/wp-json\/wp\/v2\/product\/8265","targetHints":{"allow":["GET"]}}],"collection":[{"href":"https:\/\/atimilplast.com.br\/loja\/wp-json\/wp\/v2\/product"}],"about":[{"href":"https:\/\/atimilplast.com.br\/loja\/wp-json\/wp\/v2\/types\/product"}],"version-history":[{"count":1,"href":"https:\/\/atimilplast.com.br\/loja\/wp-json\/wp\/v2\/product\/8265\/revisions"}],"predecessor-version":[{"id":8267,"href":"https:\/\/atimilplast.com.br\/loja\/wp-json\/wp\/v2\/product\/8265\/revisions\/8267"}],"wp:featuredmedia":[{"embeddable":true,"href":"https:\/\/atimilplast.com.br\/loja\/wp-json\/wp\/v2\/media\/8266"}],"wp:attachment":[{"href":"https:\/\/atimilplast.com.br\/loja\/wp-json\/wp\/v2\/media?parent=8265"}],"wp:term":[{"taxonomy":"descricao","embeddable":true,"href":"https:\/\/atimilplast.com.br\/loja\/wp-json\/wp\/v2\/descricao?post=8265"},{"taxonomy":"product_brand","embeddable":true,"href":"https:\/\/atimilplast.com.br\/loja\/wp-json\/wp\/v2\/product_brand?post=8265"},{"taxonomy":"product_cat","embeddable":true,"href":"https:\/\/atimilplast.com.br\/loja\/wp-json\/wp\/v2\/product_cat?post=8265"},{"taxonomy":"product_tag","embeddable":true,"href":"https:\/\/atimilplast.com.br\/loja\/wp-json\/wp\/v2\/product_tag?post=8265"}],"curies":[{"name":"wp","href":"https:\/\/api.w.org\/{rel}","templated":true}]}}