{"id":8319,"date":"2024-08-22T12:04:37","date_gmt":"2024-08-22T15:04:37","guid":{"rendered":"https:\/\/atimilplast.com.br\/loja\/?post_type=product&#038;p=8319"},"modified":"2025-06-11T15:16:51","modified_gmt":"2025-06-11T18:16:51","slug":"caixa-para-pescados-42-litros","status":"publish","type":"product","link":"https:\/\/atimilplast.com.br\/loja\/produtos\/caixas-para-pescados\/caixa-para-pescados-42-litros\/","title":{"rendered":"Caixa Para Pescados 42 Litros"},"content":{"rendered":"<p>Caixa Frigor\u00edfica Para Pescados e Congelados em Geral. Diversas Cores. Fabrica\u00e7\u00e3o Pr\u00f3pria. Confira!<\/p>\n","protected":false},"excerpt":{"rendered":"<h2><strong>Caracter\u00edsticas do produto<\/strong><\/h2>\n<p><strong>Modelo:<\/strong> CAIXA PL\u00c1STICA FECHADA SEM TAMPA 15 LITROS PRETA<\/p>\n<p><strong>Largura:<\/strong> 42 Litros<\/p>\n<p><strong>Comprimento:<\/strong> Interno: 600mm Externo: 660mm<\/p>\n<p><strong>Altura: <\/strong>Interna: 175mm Externa: 195mm<\/p>\n<p><strong>Peso:<\/strong> 1,8 Kg<\/p>\n<p><strong>Material:<\/strong> PP (Polipropileno)<\/p>\n","protected":false},"featured_media":8321,"template":"","meta":{"_acf_changed":false},"descricao":[],"product_brand":[],"product_cat":[418,95],"product_tag":[],"class_list":{"0":"post-8319","1":"product","2":"type-product","3":"status-publish","4":"has-post-thumbnail","6":"product_cat-caixas-para-pescados","7":"product_cat-caixas-plasticas","8":"pa_cor-amarelo","9":"pa_cor-azul","10":"pa_cor-branco","11":"pa_cor-cinza","12":"pa_cor-preto","13":"pa_cor-verde","14":"pa_cor-vermelho","17":"instock","18":"shipping-taxable","19":"purchasable","20":"product-type-variable"},"acf":[],"_links":{"self":[{"href":"https:\/\/atimilplast.com.br\/loja\/wp-json\/wp\/v2\/product\/8319","targetHints":{"allow":["GET"]}}],"collection":[{"href":"https:\/\/atimilplast.com.br\/loja\/wp-json\/wp\/v2\/product"}],"about":[{"href":"https:\/\/atimilplast.com.br\/loja\/wp-json\/wp\/v2\/types\/product"}],"version-history":[{"count":1,"href":"https:\/\/atimilplast.com.br\/loja\/wp-json\/wp\/v2\/product\/8319\/revisions"}],"predecessor-version":[{"id":8334,"href":"https:\/\/atimilplast.com.br\/loja\/wp-json\/wp\/v2\/product\/8319\/revisions\/8334"}],"wp:featuredmedia":[{"embeddable":true,"href":"https:\/\/atimilplast.com.br\/loja\/wp-json\/wp\/v2\/media\/8321"}],"wp:attachment":[{"href":"https:\/\/atimilplast.com.br\/loja\/wp-json\/wp\/v2\/media?parent=8319"}],"wp:term":[{"taxonomy":"descricao","embeddable":true,"href":"https:\/\/atimilplast.com.br\/loja\/wp-json\/wp\/v2\/descricao?post=8319"},{"taxonomy":"product_brand","embeddable":true,"href":"https:\/\/atimilplast.com.br\/loja\/wp-json\/wp\/v2\/product_brand?post=8319"},{"taxonomy":"product_cat","embeddable":true,"href":"https:\/\/atimilplast.com.br\/loja\/wp-json\/wp\/v2\/product_cat?post=8319"},{"taxonomy":"product_tag","embeddable":true,"href":"https:\/\/atimilplast.com.br\/loja\/wp-json\/wp\/v2\/product_tag?post=8319"}],"curies":[{"name":"wp","href":"https:\/\/api.w.org\/{rel}","templated":true}]}}