{"id":8414,"date":"2024-08-22T14:41:55","date_gmt":"2024-08-22T17:41:55","guid":{"rendered":"https:\/\/atimilplast.com.br\/loja\/?post_type=product&#038;p=8414"},"modified":"2025-06-11T15:16:53","modified_gmt":"2025-06-11T18:16:53","slug":"pisos-de-plasticos-50-x-25-cm","status":"publish","type":"product","link":"https:\/\/atimilplast.com.br\/loja\/produtos\/pisos-de-plastico\/pisos-de-plasticos-50-x-25-cm\/","title":{"rendered":"Pisos de Pl\u00e1sticos 50 x 25 Cm"},"content":{"rendered":"<p>Os Pisos de Pl\u00e1sticos 50cm x 25cm s\u00e3o fabricados em Polietileno de Alta Densidade (PEAD) ou Poliprolipeno (PP).<\/p>\n<p>Todos os nossos estrados e pisos pl\u00e1sticos atendem a todas as normas vigentes da Ag\u00eancia Nacional de Vigil\u00e2ncia Sanit\u00e1ria (ANVISA).<\/p>\n<p>Com capacidade para 1 ton\/m2, os pisos de pl\u00e1stico s\u00e3o facilmente higieniz\u00e1veis.<\/p>\n<p>Modulares e de montagem simples pelo sistema de encaixe macho-f\u00eamea, os Pisos de Pl\u00e1sticos podem ser encaixados lado a lado para cobrirem a \u00e1rea desejada.<\/p>\n<p>Antiderrapantes e resistentes, os pisos de pl\u00e1stico s\u00e3o indicados para utiliza\u00e7\u00e3o em locais \u00famidos onde h\u00e1 grande fluxo de circula\u00e7\u00e3o de pessoas.<\/p>\n<p>Seu material de alta resist\u00eancia e seu design, permitem que a \u00e1gua escorra entre as suas calhas, mantendo sua qualidade, inclusive diante da a\u00e7\u00e3o de \u00e1cidos, gorduras, solventes e odores.<\/p>\n<p>Os pisos de pl\u00e1stico podem ser submetidos \u00e0 in\u00fameras lavagens sem que haja o risco de danos ou deformidades.<\/p>\n<p>A limpeza \u00e9 simples e eficaz para reutiliza\u00e7\u00e3o.<\/p>\n<p>UTILIZA\u00c7\u00d5ES:<\/p>\n<p>S\u00e3o utilizados como revestimento (pavimentos) para forrar ambientes<br \/>\ne evitar o contato direto com o solo.<\/p>\n<p>Podem ser usados em \u00e1reas permanentemente \u00famidas, ou por exemplo:<\/p>\n<p>Vesti\u00e1rios, saunas e banheiros de clubes e academias<br \/>\nEscolas e universidades<br \/>\nC\u00e2maras frias<br \/>\nCaminh\u00f5es ba\u00fa<br \/>\nPet shops e ber\u00e7\u00e1rio de animais<br \/>\nRestaurantes<br \/>\nHospitais<br \/>\nInd\u00fastrias aliment\u00edcia e qu\u00edmica, etc.<br \/>\nFabricados nas cores preto, branco, cinza e virgem.<\/p>\n<p>Podem ser armazenados com facilidade ocupando pouco espa\u00e7<\/p>\n","protected":false},"excerpt":{"rendered":"<h2><strong>Caracter\u00edsticas do produto<\/strong><\/h2>\n<p><strong>Descri\u00e7\u00e3o curta:<\/strong> Pisos De Pl\u00e1sticos 50 x 25 Cm Cinza<\/p>\n<p><strong>Modelo:<\/strong> Piso Pl\u00e1stico 50 x 25 x 2,5cm<\/p>\n<p><strong>Largura:<\/strong> 250mm<\/p>\n<p><strong>Comprimento:<\/strong> 500mm<\/p>\n<p><strong>Altura: <\/strong>25mm<\/p>\n<p><strong>Peso:<\/strong> 0,4Kg<\/p>\n<p><strong>Capacidade:<\/strong> 1 Ton\/m\u00b2<\/p>\n<p><strong>Material:<\/strong> MATERIALPEAD (Polietileno de Alta Densidade) ou PP (Polipropileno)<\/p>\n","protected":false},"featured_media":8417,"template":"","meta":{"_acf_changed":false},"descricao":[],"product_brand":[],"product_cat":[306],"product_tag":[],"class_list":{"0":"post-8414","1":"product","2":"type-product","3":"status-publish","4":"has-post-thumbnail","6":"product_cat-pisos-de-plastico","7":"pa_cor-branco","8":"pa_cor-cinza","9":"pa_cor-preto","12":"instock","13":"shipping-taxable","14":"purchasable","15":"product-type-variable"},"acf":[],"_links":{"self":[{"href":"https:\/\/atimilplast.com.br\/loja\/wp-json\/wp\/v2\/product\/8414","targetHints":{"allow":["GET"]}}],"collection":[{"href":"https:\/\/atimilplast.com.br\/loja\/wp-json\/wp\/v2\/product"}],"about":[{"href":"https:\/\/atimilplast.com.br\/loja\/wp-json\/wp\/v2\/types\/product"}],"version-history":[{"count":4,"href":"https:\/\/atimilplast.com.br\/loja\/wp-json\/wp\/v2\/product\/8414\/revisions"}],"predecessor-version":[{"id":9173,"href":"https:\/\/atimilplast.com.br\/loja\/wp-json\/wp\/v2\/product\/8414\/revisions\/9173"}],"wp:featuredmedia":[{"embeddable":true,"href":"https:\/\/atimilplast.com.br\/loja\/wp-json\/wp\/v2\/media\/8417"}],"wp:attachment":[{"href":"https:\/\/atimilplast.com.br\/loja\/wp-json\/wp\/v2\/media?parent=8414"}],"wp:term":[{"taxonomy":"descricao","embeddable":true,"href":"https:\/\/atimilplast.com.br\/loja\/wp-json\/wp\/v2\/descricao?post=8414"},{"taxonomy":"product_brand","embeddable":true,"href":"https:\/\/atimilplast.com.br\/loja\/wp-json\/wp\/v2\/product_brand?post=8414"},{"taxonomy":"product_cat","embeddable":true,"href":"https:\/\/atimilplast.com.br\/loja\/wp-json\/wp\/v2\/product_cat?post=8414"},{"taxonomy":"product_tag","embeddable":true,"href":"https:\/\/atimilplast.com.br\/loja\/wp-json\/wp\/v2\/product_tag?post=8414"}],"curies":[{"name":"wp","href":"https:\/\/api.w.org\/{rel}","templated":true}]}}