{"id":8435,"date":"2024-08-22T15:03:40","date_gmt":"2024-08-22T18:03:40","guid":{"rendered":"https:\/\/atimilplast.com.br\/loja\/?post_type=product&#038;p=8435"},"modified":"2025-06-11T15:16:53","modified_gmt":"2025-06-11T18:16:53","slug":"pallets-de-contencao-para-4-tambores-420-litros-2","status":"publish","type":"product","link":"https:\/\/atimilplast.com.br\/loja\/produtos\/pallet-de-contencao\/pallets-de-contencao-para-4-tambores-420-litros-2\/","title":{"rendered":"Pallets de Conten\u00e7\u00e3o Para 4 Tambores 420 Litros"},"content":{"rendered":"<section class=\"detalhesProd__descriptions\">\n<div class=\"description-left\">\n<div class=\"detalhesProd__descriptions-content\">\n<div class=\"productDescription\">\n<p>O Pallet de Conten\u00e7\u00e3o Para 4 Tambores 420 Litros \u00e9 fabricado em polietileno de m\u00e9dia ou alta densidade (PEMD ou PEAD) pelo processo de rotomoldagem.<\/p>\n<p>Nossos pallets de conten\u00e7\u00e3o para 4 tambores 420 L, s\u00e3o pallets fornecidos com as grades superiores, que permitem o uso com tambores. Tamb\u00e9m chamados de diques de conten\u00e7\u00e3o ou bacia de conten\u00e7\u00e3o, s\u00e3o produzidos em material de alta qualidade e resist\u00eancia, o que lhes garante longa vida \u00fatil.<\/p>\n<p>Nossos pallets n\u00e3o tem soldas ou emendas, comumente utilizados para conter subst\u00e2ncias l\u00edquidas provenientes de vazamentos no processo de transporte e armazenagem, sendo utilizado como bacia de conten\u00e7\u00e3o para tambores, gal\u00f5es e outros recipientes.<\/p>\n<p>Comumente utilizados na utiliza\u00e7\u00e3o de sua bacia de conten\u00e7\u00e3o para produtos qu\u00edmicos e na utiliza\u00e7\u00e3o de sua bacia de conten\u00e7\u00e3o para tanque de combust\u00edvel. Sua principal fun\u00e7\u00e3o \u00e9 impedir que l\u00edquidos qu\u00edmicos, inflam\u00e1veis, \u00e1cidos e corrosivos, vazem dos recipientes e contaminem o solo, o ambiente e as pessoas.<\/p>\n<p>Nossos pallets de conten\u00e7\u00e3o s\u00e3o modernos e fabricados de material pl\u00e1stico, sendo um material ecol\u00f3gico, sustent\u00e1vel e mais higi\u00eanico que os demais, al\u00e9m deste pallet de conten\u00e7\u00e3o para 4 tambores ser resistentes a altas e baixas temperaturas, umidade, pesos e impactos.<\/p>\n<p>Nosso produto tem um excelente custo-benef\u00edcio, uma vez que o l\u00edquido derramado fica armazenado no compartimento inferior do pallet, podendo ser reutilizado in\u00fameras vezes na sua fun\u00e7\u00e3o como pallet de conten\u00e7\u00e3o de \u00f3leo e pallet de conten\u00e7\u00e3o para bombonas entre outros.<\/p>\n<p>De estrutura leve, e com entrada para garfos, pode ser facilmente manipulado com empilhadeiras ou paleteiras. Os pallets de conten\u00e7\u00e3o para 4 tambores t\u00eam capacidade de conten\u00e7\u00e3o de 420L.<br \/>\nNossos pallets de conten\u00e7\u00e3o 420l s\u00e3o disponibilizados nas cores amarelo, cinza e laranja, com gradil na cor preta.<\/p>\n<\/div>\n<\/div>\n<\/div>\n<\/section>\n<section class=\"detalhesProd__especTecnica\">\n<div class=\"especTecnica-left\"><\/div>\n<\/section>\n","protected":false},"excerpt":{"rendered":"<h2><strong>Caracter\u00edsticas do produto<\/strong><\/h2>\n<p><strong>Descri\u00e7\u00e3o curta:<\/strong> Pallet de Conten\u00e7\u00e3o Rotomoldado P\/ 04 Tambores<\/p>\n<p><strong>Modelo: <\/strong>P-CONT. 04 TAMBORES &#8211; 420L<\/p>\n<p><strong>Largura:<\/strong> 1300mm<\/p>\n<p><strong>Comprimento:<\/strong> 1300mm<\/p>\n<p><strong>Altura: <\/strong>450mm<\/p>\n<p><strong>Peso:<\/strong> 37Kg<\/p>\n<p><strong>Capacidade:<\/strong> Carga: 1200Kg Conten\u00e7\u00e3o: 420L<\/p>\n<p><strong>Material:<\/strong> PEMD (Polietileno de M\u00e9dia Densidade) ou PEAD (Polietileno de Alta Densidade)<\/p>\n","protected":false},"featured_media":8436,"template":"","meta":{"_acf_changed":false},"descricao":[],"product_brand":[],"product_cat":[308],"product_tag":[],"class_list":{"0":"post-8435","1":"product","2":"type-product","3":"status-publish","4":"has-post-thumbnail","6":"product_cat-pallet-de-contencao","9":"instock","10":"shipping-taxable","11":"product-type-simple"},"acf":[],"_links":{"self":[{"href":"https:\/\/atimilplast.com.br\/loja\/wp-json\/wp\/v2\/product\/8435","targetHints":{"allow":["GET"]}}],"collection":[{"href":"https:\/\/atimilplast.com.br\/loja\/wp-json\/wp\/v2\/product"}],"about":[{"href":"https:\/\/atimilplast.com.br\/loja\/wp-json\/wp\/v2\/types\/product"}],"version-history":[{"count":4,"href":"https:\/\/atimilplast.com.br\/loja\/wp-json\/wp\/v2\/product\/8435\/revisions"}],"predecessor-version":[{"id":9167,"href":"https:\/\/atimilplast.com.br\/loja\/wp-json\/wp\/v2\/product\/8435\/revisions\/9167"}],"wp:featuredmedia":[{"embeddable":true,"href":"https:\/\/atimilplast.com.br\/loja\/wp-json\/wp\/v2\/media\/8436"}],"wp:attachment":[{"href":"https:\/\/atimilplast.com.br\/loja\/wp-json\/wp\/v2\/media?parent=8435"}],"wp:term":[{"taxonomy":"descricao","embeddable":true,"href":"https:\/\/atimilplast.com.br\/loja\/wp-json\/wp\/v2\/descricao?post=8435"},{"taxonomy":"product_brand","embeddable":true,"href":"https:\/\/atimilplast.com.br\/loja\/wp-json\/wp\/v2\/product_brand?post=8435"},{"taxonomy":"product_cat","embeddable":true,"href":"https:\/\/atimilplast.com.br\/loja\/wp-json\/wp\/v2\/product_cat?post=8435"},{"taxonomy":"product_tag","embeddable":true,"href":"https:\/\/atimilplast.com.br\/loja\/wp-json\/wp\/v2\/product_tag?post=8435"}],"curies":[{"name":"wp","href":"https:\/\/api.w.org\/{rel}","templated":true}]}}