{"id":8538,"date":"2024-10-24T14:37:06","date_gmt":"2024-10-24T17:37:06","guid":{"rendered":"https:\/\/atimilplast.com.br\/loja\/?post_type=product&#038;p=8538"},"modified":"2025-06-11T15:16:53","modified_gmt":"2025-06-11T18:16:53","slug":"lixeira-basculante-100-litros-injetada","status":"publish","type":"product","link":"https:\/\/atimilplast.com.br\/loja\/produtos\/lixeiras\/lixeiras-basculantes\/lixeira-basculante-100-litros-injetada\/","title":{"rendered":"Lixeira Basculante 100 Litros Injetada"},"content":{"rendered":"<p>A Lixeira Basculante 100 Litros Injetado \u00e9 fabricada em Polietileno de Alta Densidade (PEAD) ou em Polipropileno (PP)<\/p>\n<p>Produto injetado em m\u00e1quinas de alta tecnologia e respeitando as principais normas vigentes da Ag\u00eancia Nacional de Vigil\u00e2ncia Sanit\u00e1ria (ANVISA).<\/p>\n<p>Resistentes ao impacto, aos raios ultravioletas e \u00e0s repetidas lavagens, podem ser facilmente empilhadas e garantem armazenamento e estocagem \u00e1geis e com economia de espa\u00e7o.<\/p>\n<p>Dotadas de material de alta resist\u00eancia e durabilidade, tem excelente custo-benef\u00edcio e atende a todos os requisitos de seguran\u00e7a e confiabilidade para os nossos clientes.<\/p>\n<p>Foram criadas em diferentes cores, para o descarte correto de diversos tipos de materiais. As cores s\u00e3o associadas \u00e0 coleta de res\u00edduos pl\u00e1sticos, pap\u00e9is, vidros, metais, radioativos, org\u00e2nicos, n\u00e3o recicl\u00e1veis, etc.<\/p>\n<p>Todas as nossa lixeiras est\u00e3o dispon\u00edveis nas cores vermelha, verde, preto, marrom, laranja, cinza, branco, azul e amarelo.<\/p>\n<p>S\u00c3O INDICADAS PARA:<\/p>\n<ul>\n<li>Coleta urbana<\/li>\n<li>Coleta seletiva<\/li>\n<li>Res\u00edduos industriais e hospitalares<\/li>\n<li>Para empresas de coleta<\/li>\n<li>Shoppings, condom\u00ednios<\/li>\n<li>Escolas e universidades<\/li>\n<li>Estabelecimentos comerciais e industriais.<\/li>\n<\/ul>\n<p><em><strong>Obs:\u00a0<\/strong>Adesivos para coleta seletiva vendidos separadamente. Confira\u00a0as cores da lixeira para a coleta seletiva.<\/em><\/p>\n<p>&nbsp;<\/p>\n<p>&nbsp;<\/p>\n","protected":false},"excerpt":{"rendered":"<p>A Lixeira Basculante 100 Litros Injetado \u00e9 fabricada em Polietileno de Alta Densidade (PEAD) ou em Polipropileno (PP)<\/p>\n<p>Produto injetado em m\u00e1quinas de alta tecnologia e respeitando as principais normas vigentes da Ag\u00eancia Nacional de Vigil\u00e2ncia Sanit\u00e1ria (ANVISA).<\/p>\n<p>Resistentes ao impacto, aos raios ultravioletas e \u00e0s repetidas lavagens, podem ser facilmente empilhadas e garantem armazenamento e estocagem \u00e1geis e com economia de espa\u00e7o.<\/p>\n","protected":false},"featured_media":8544,"template":"","meta":{"_acf_changed":false},"descricao":[],"product_brand":[],"product_cat":[93,310],"product_tag":[],"class_list":{"0":"post-8538","1":"product","2":"type-product","3":"status-publish","4":"has-post-thumbnail","6":"product_cat-lixeiras","7":"product_cat-lixeiras-basculantes","8":"pa_capacidade-100l","9":"pa_cor-amarelo","10":"pa_cor-azul","11":"pa_cor-branco","12":"pa_cor-cinza","13":"pa_cor-laranja","14":"pa_cor-marrom","15":"pa_cor-preto","16":"pa_cor-verde","17":"pa_cor-vermelho","18":"pa_material-pemd-polietileno-de-media-densidade-ou-pead-polietileno-de-alta-densidade","19":"pa_modelo-lixeira-basculante-lar-100-litros","22":"instock","23":"shipping-taxable","24":"product-type-simple"},"acf":[],"_links":{"self":[{"href":"https:\/\/atimilplast.com.br\/loja\/wp-json\/wp\/v2\/product\/8538","targetHints":{"allow":["GET"]}}],"collection":[{"href":"https:\/\/atimilplast.com.br\/loja\/wp-json\/wp\/v2\/product"}],"about":[{"href":"https:\/\/atimilplast.com.br\/loja\/wp-json\/wp\/v2\/types\/product"}],"version-history":[{"count":6,"href":"https:\/\/atimilplast.com.br\/loja\/wp-json\/wp\/v2\/product\/8538\/revisions"}],"predecessor-version":[{"id":9160,"href":"https:\/\/atimilplast.com.br\/loja\/wp-json\/wp\/v2\/product\/8538\/revisions\/9160"}],"wp:featuredmedia":[{"embeddable":true,"href":"https:\/\/atimilplast.com.br\/loja\/wp-json\/wp\/v2\/media\/8544"}],"wp:attachment":[{"href":"https:\/\/atimilplast.com.br\/loja\/wp-json\/wp\/v2\/media?parent=8538"}],"wp:term":[{"taxonomy":"descricao","embeddable":true,"href":"https:\/\/atimilplast.com.br\/loja\/wp-json\/wp\/v2\/descricao?post=8538"},{"taxonomy":"product_brand","embeddable":true,"href":"https:\/\/atimilplast.com.br\/loja\/wp-json\/wp\/v2\/product_brand?post=8538"},{"taxonomy":"product_cat","embeddable":true,"href":"https:\/\/atimilplast.com.br\/loja\/wp-json\/wp\/v2\/product_cat?post=8538"},{"taxonomy":"product_tag","embeddable":true,"href":"https:\/\/atimilplast.com.br\/loja\/wp-json\/wp\/v2\/product_tag?post=8538"}],"curies":[{"name":"wp","href":"https:\/\/api.w.org\/{rel}","templated":true}]}}