{"id":8739,"date":"2024-10-31T15:33:40","date_gmt":"2024-10-31T18:33:40","guid":{"rendered":"https:\/\/atimilplast.com.br\/loja\/?post_type=product&#038;p=8739"},"modified":"2025-06-11T15:16:54","modified_gmt":"2025-06-11T18:16:54","slug":"cadeira-de-plastico-bistro-agata","status":"publish","type":"product","link":"https:\/\/atimilplast.com.br\/loja\/produtos\/moveis-plasticos\/cadeira-de-plastico-bistro-agata\/","title":{"rendered":"Cadeira de Pl\u00e1stico Bistr\u00f4 \u2013 \u00c1gata"},"content":{"rendered":"","protected":false},"excerpt":{"rendered":"<p class=\"p1 tm7 tm8\"><span class=\"tm10\">A\u00a0<\/span><strong><span class=\"tm11\">Cadeira de Pl\u00e1stico Bistr\u00f4 \u00c1gata<\/span><\/strong><span class=\"tm9\">\u00a0possui um design moderno, sendo confort\u00e1vel e resistente, <\/span><span class=\"tm9\">ideal para v\u00e1rios ambientes.<\/span><\/p>\n<p class=\"p1 tm7 tm8\">C<span class=\"tm9\">ompacta e muito f\u00e1cil de ser higienizada.<\/span><\/p>\n<p class=\"p1 tm7 tm8\"><span class=\"tm9\">A\u00a0<strong>Cadeira de Pl\u00e1stico Bistr\u00f4<\/strong>\u00a0\u00e9 fabricada em polipropileno e \u00e9 monobloco.<\/span><\/p>\n<p class=\"p1 tm7 tm8\"><span class=\"tm9\">Possui o melhor empilhamento do mercado.<\/span><\/p>\n<p>Produto com certifica\u00e7\u00e3o compuls\u00f3ria certificado pelo OCP 0033, registro 000488\/2021, conforme Portaria Inmetro 166\/2021 e 200\/2021.<\/p>\n","protected":false},"featured_media":8740,"template":"","meta":{"_acf_changed":false},"descricao":[],"product_brand":[],"product_cat":[345],"product_tag":[],"class_list":{"0":"post-8739","1":"product","2":"type-product","3":"status-publish","4":"has-post-thumbnail","6":"product_cat-moveis-plasticos","7":"pa_cor-branco","8":"pa_cor-preto","9":"pa_material-pp-polipropileno-ou-pead-polietileno-de-alta-densidade","10":"pa_modelo-cadeira-de-plastico-bistro-agata","13":"instock","14":"shipping-taxable","15":"product-type-simple"},"acf":[],"_links":{"self":[{"href":"https:\/\/atimilplast.com.br\/loja\/wp-json\/wp\/v2\/product\/8739","targetHints":{"allow":["GET"]}}],"collection":[{"href":"https:\/\/atimilplast.com.br\/loja\/wp-json\/wp\/v2\/product"}],"about":[{"href":"https:\/\/atimilplast.com.br\/loja\/wp-json\/wp\/v2\/types\/product"}],"version-history":[{"count":2,"href":"https:\/\/atimilplast.com.br\/loja\/wp-json\/wp\/v2\/product\/8739\/revisions"}],"predecessor-version":[{"id":9146,"href":"https:\/\/atimilplast.com.br\/loja\/wp-json\/wp\/v2\/product\/8739\/revisions\/9146"}],"wp:featuredmedia":[{"embeddable":true,"href":"https:\/\/atimilplast.com.br\/loja\/wp-json\/wp\/v2\/media\/8740"}],"wp:attachment":[{"href":"https:\/\/atimilplast.com.br\/loja\/wp-json\/wp\/v2\/media?parent=8739"}],"wp:term":[{"taxonomy":"descricao","embeddable":true,"href":"https:\/\/atimilplast.com.br\/loja\/wp-json\/wp\/v2\/descricao?post=8739"},{"taxonomy":"product_brand","embeddable":true,"href":"https:\/\/atimilplast.com.br\/loja\/wp-json\/wp\/v2\/product_brand?post=8739"},{"taxonomy":"product_cat","embeddable":true,"href":"https:\/\/atimilplast.com.br\/loja\/wp-json\/wp\/v2\/product_cat?post=8739"},{"taxonomy":"product_tag","embeddable":true,"href":"https:\/\/atimilplast.com.br\/loja\/wp-json\/wp\/v2\/product_tag?post=8739"}],"curies":[{"name":"wp","href":"https:\/\/api.w.org\/{rel}","templated":true}]}}